{"id":4524,"date":"2021-10-06T14:37:11","date_gmt":"2021-10-06T11:37:11","guid":{"rendered":"https:\/\/cagrioner.com\/civicspace\/?page_id=4524"},"modified":"2024-05-15T16:29:58","modified_gmt":"2024-05-15T13:29:58","slug":"rehberler","status":"publish","type":"page","link":"https:\/\/civicspace.eu\/en\/rehberler\/","title":{"rendered":"Guides"},"content":{"rendered":"<div data-elementor-type=\"wp-page\" data-elementor-id=\"4524\" class=\"elementor elementor-4524\" data-elementor-settings=\"{&quot;ha_cmc_init_switcher&quot;:&quot;no&quot;}\">\n\t\t\t\t\t\t<section class=\"elementor-section elementor-top-section elementor-element elementor-element-5bb402a elementor-section-boxed elementor-section-height-default elementor-section-height-default\" data-id=\"5bb402a\" data-element_type=\"section\" data-e-type=\"section\" data-settings=\"{&quot;_ha_eqh_enable&quot;:false}\">\n\t\t\t\t\t\t<div class=\"elementor-container elementor-column-gap-default\">\n\t\t\t\t\t<div class=\"elementor-column elementor-col-100 elementor-top-column elementor-element elementor-element-855da89\" data-id=\"855da89\" data-element_type=\"column\" data-e-type=\"column\">\n\t\t\t<div class=\"elementor-widget-wrap elementor-element-populated\">\n\t\t\t\t\t\t<div class=\"elementor-element elementor-element-27942df elementor-widget elementor-widget-heading\" data-id=\"27942df\" data-element_type=\"widget\" data-e-type=\"widget\" data-widget_type=\"heading.default\">\n\t\t\t\t<div class=\"elementor-widget-container\">\n\t\t\t\t\t<h1 class=\"elementor-heading-title elementor-size-default\">Guides<\/h1>\t\t\t\t<\/div>\n\t\t\t\t<\/div>\n\t\t\t\t\t<\/div>\n\t\t<\/div>\n\t\t\t\t\t<\/div>\n\t\t<\/section>\n\t\t<div class=\"elementor-element elementor-element-492c0d5 e-flex e-con-boxed e-con e-parent\" data-id=\"492c0d5\" data-element_type=\"container\" data-e-type=\"container\" data-settings=\"{&quot;_ha_eqh_enable&quot;:false}\">\n\t\t\t\t\t<div class=\"e-con-inner\">\n\t\t\t\t<div class=\"elementor-element elementor-element-3aea0a5 elementor-grid-eael-col-4 elementor-grid-tablet-eael-col-2 elementor-grid-mobile-eael-col-1 elementor-widget elementor-widget-eael-post-grid\" data-id=\"3aea0a5\" data-element_type=\"widget\" data-e-type=\"widget\" data-settings=\"{&quot;eael_post_grid_columns&quot;:&quot;eael-col-4&quot;,&quot;eael_post_grid_columns_tablet&quot;:&quot;eael-col-2&quot;,&quot;eael_post_grid_columns_mobile&quot;:&quot;eael-col-1&quot;}\" data-widget_type=\"eael-post-grid.default\">\n\t\t\t\t<div class=\"elementor-widget-container\">\n\t\t\t\t\t<div id=\"eael-post-grid-3aea0a5\" class=\"eael-post-grid-container\">\n            <div class=\"eael-post-grid eael-post-appender eael-post-appender-3aea0a5 eael-post-grid-style-one\" data-layout-mode=\"grid\"><article class=\"eael-grid-post  eael-post-grid-column eael-pg-post-11190\" data-id=\"11190\">\n        <div class=\"eael-grid-post-holder\">\n            <div class=\"eael-grid-post-holder-inner\"><div class=\"eael-entry-media\"><div class=\"eael-entry-overlay fade-in\"><i class=\"fas fa-long-arrow-alt-right\" aria-hidden=\"true\"><\/i><a href=\"https:\/\/civicspace.eu\/en\/belgeler\/oncelikler-destek-paketi\/\"><\/a><\/div><div class=\"eael-entry-thumbnail\">\n                <img fetchpriority=\"high\" decoding=\"async\" width=\"212\" height=\"300\" src=\"https:\/\/civicspace.eu\/wp-content\/uploads\/2025\/05\/w3-212x300.png\" class=\"attachment-medium size-medium wp-image-11193\" alt=\"\" srcset=\"https:\/\/civicspace.eu\/wp-content\/uploads\/2025\/05\/w3-212x300.png 212w, https:\/\/civicspace.eu\/wp-content\/uploads\/2025\/05\/w3-723x1024.png 723w, https:\/\/civicspace.eu\/wp-content\/uploads\/2025\/05\/w3-8x12.png 8w, https:\/\/civicspace.eu\/wp-content\/uploads\/2025\/05\/w3.png 751w\" sizes=\"(max-width: 212px) 100vw, 212px\" \/>\n            <\/div>\n        <\/div><div class=\"eael-entry-wrapper\"><header class=\"eael-entry-header\"><h2 class=\"eael-entry-title\"><a class=\"eael-grid-post-link\" href=\"https:\/\/civicspace.eu\/en\/belgeler\/oncelikler-destek-paketi\/\" title=\"Grow Civic Priority Package\">Grow Civic Priority Package<\/a><\/h2><\/header><\/div><\/div>\n        <\/div>\n    <\/article><article class=\"eael-grid-post  eael-post-grid-column eael-pg-post-10454\" data-id=\"10454\">\n        <div class=\"eael-grid-post-holder\">\n            <div class=\"eael-grid-post-holder-inner\"><div class=\"eael-entry-media\"><div class=\"eael-entry-overlay fade-in\"><i class=\"fas fa-long-arrow-alt-right\" aria-hidden=\"true\"><\/i><a href=\"https:\/\/civicspace.eu\/en\/belgeler\/gorunurluk-rehberi-3\/\"><\/a><\/div><div class=\"eael-entry-thumbnail\">\n                <img decoding=\"async\" width=\"213\" height=\"300\" src=\"https:\/\/civicspace.eu\/wp-content\/uploads\/2024\/05\/Visibility-Guideline.png\" class=\"attachment-medium size-medium wp-image-10449\" alt=\"\" srcset=\"https:\/\/civicspace.eu\/wp-content\/uploads\/2024\/05\/Visibility-Guideline.png 585w, https:\/\/civicspace.eu\/wp-content\/uploads\/2024\/05\/Visibility-Guideline-210x300.png 210w, https:\/\/civicspace.eu\/wp-content\/uploads\/2024\/05\/Visibility-Guideline-8x12.png 8w\" sizes=\"(max-width: 213px) 100vw, 213px\" \/>\n            <\/div>\n        <\/div><div class=\"eael-entry-wrapper\"><header class=\"eael-entry-header\"><h2 class=\"eael-entry-title\"><a class=\"eael-grid-post-link\" href=\"https:\/\/civicspace.eu\/en\/belgeler\/gorunurluk-rehberi-3\/\" title=\"Visibility Guideline\">Visibility Guideline<\/a><\/h2><\/header><\/div><\/div>\n        <\/div>\n    <\/article><article class=\"eael-grid-post  eael-post-grid-column eael-pg-post-10435\" data-id=\"10435\">\n        <div class=\"eael-grid-post-holder\">\n            <div class=\"eael-grid-post-holder-inner\"><div class=\"eael-entry-media\"><div class=\"eael-entry-overlay fade-in\"><i class=\"fas fa-long-arrow-alt-right\" aria-hidden=\"true\"><\/i><a href=\"https:\/\/civicspace.eu\/en\/belgeler\/destek-talep-formu-aktivistler-2\/\"><\/a><\/div><div class=\"eael-entry-thumbnail\">\n                <img decoding=\"async\" width=\"211\" height=\"300\" src=\"https:\/\/civicspace.eu\/wp-content\/uploads\/2024\/05\/request-form-activist.png\" class=\"attachment-medium size-medium wp-image-10436\" alt=\"\" srcset=\"https:\/\/civicspace.eu\/wp-content\/uploads\/2024\/05\/request-form-activist.png 585w, https:\/\/civicspace.eu\/wp-content\/uploads\/2024\/05\/request-form-activist-212x300.png 212w, https:\/\/civicspace.eu\/wp-content\/uploads\/2024\/05\/request-form-activist-8x12.png 8w\" sizes=\"(max-width: 211px) 100vw, 211px\" \/>\n            <\/div>\n        <\/div><div class=\"eael-entry-wrapper\"><header class=\"eael-entry-header\"><h2 class=\"eael-entry-title\"><a class=\"eael-grid-post-link\" href=\"https:\/\/civicspace.eu\/en\/belgeler\/destek-talep-formu-aktivistler-2\/\" title=\"Request Form: Activists\">Request Form: Activists<\/a><\/h2><\/header><\/div><\/div>\n        <\/div>\n    <\/article><article class=\"eael-grid-post  eael-post-grid-column eael-pg-post-10431\" data-id=\"10431\">\n        <div class=\"eael-grid-post-holder\">\n            <div class=\"eael-grid-post-holder-inner\"><div class=\"eael-entry-media\"><div class=\"eael-entry-overlay fade-in\"><i class=\"fas fa-long-arrow-alt-right\" aria-hidden=\"true\"><\/i><a href=\"https:\/\/civicspace.eu\/en\/belgeler\/destek-talep-formu-stoler-2\/\"><\/a><\/div><div class=\"eael-entry-thumbnail\">\n                <img loading=\"lazy\" decoding=\"async\" width=\"211\" height=\"300\" src=\"https:\/\/civicspace.eu\/wp-content\/uploads\/2024\/05\/request-form.png\" class=\"attachment-medium size-medium wp-image-10445\" alt=\"\" srcset=\"https:\/\/civicspace.eu\/wp-content\/uploads\/2024\/05\/request-form.png 586w, https:\/\/civicspace.eu\/wp-content\/uploads\/2024\/05\/request-form-211x300.png 211w, https:\/\/civicspace.eu\/wp-content\/uploads\/2024\/05\/request-form-8x12.png 8w\" sizes=\"(max-width: 211px) 100vw, 211px\" \/>\n            <\/div>\n        <\/div><div class=\"eael-entry-wrapper\"><header class=\"eael-entry-header\"><h2 class=\"eael-entry-title\"><a class=\"eael-grid-post-link\" href=\"https:\/\/civicspace.eu\/en\/belgeler\/destek-talep-formu-stoler-2\/\" title=\"Destek Talep Formu: ST\u00d6&#8217;ler\">Request Form: Civil Society Organisations<\/a><\/h2><\/header><\/div><\/div>\n        <\/div>\n    <\/article><article class=\"eael-grid-post  eael-post-grid-column eael-pg-post-9427\" data-id=\"9427\">\n        <div class=\"eael-grid-post-holder\">\n            <div class=\"eael-grid-post-holder-inner\"><div class=\"eael-entry-media\"><div class=\"eael-entry-overlay fade-in\"><i class=\"fas fa-long-arrow-alt-right\" aria-hidden=\"true\"><\/i><a href=\"https:\/\/civicspace.eu\/en\/belgeler\/uygunluk-ve-uyum-kontrol-rehberi\/\"><\/a><\/div><div class=\"eael-entry-thumbnail\">\n                <img loading=\"lazy\" decoding=\"async\" width=\"212\" height=\"300\" src=\"https:\/\/civicspace.eu\/wp-content\/uploads\/2023\/12\/Eligibility-Cover.png\" class=\"attachment-medium size-medium wp-image-10455\" alt=\"\" srcset=\"https:\/\/civicspace.eu\/wp-content\/uploads\/2023\/12\/Eligibility-Cover.png 1414w, https:\/\/civicspace.eu\/wp-content\/uploads\/2023\/12\/Eligibility-Cover-212x300.png 212w, https:\/\/civicspace.eu\/wp-content\/uploads\/2023\/12\/Eligibility-Cover-724x1024.png 724w, https:\/\/civicspace.eu\/wp-content\/uploads\/2023\/12\/Eligibility-Cover-768x1086.png 768w, https:\/\/civicspace.eu\/wp-content\/uploads\/2023\/12\/Eligibility-Cover-1086x1536.png 1086w, https:\/\/civicspace.eu\/wp-content\/uploads\/2023\/12\/Eligibility-Cover-8x12.png 8w\" sizes=\"(max-width: 212px) 100vw, 212px\" \/>\n            <\/div>\n        <\/div><div class=\"eael-entry-wrapper\"><header class=\"eael-entry-header\"><h2 class=\"eael-entry-title\"><a class=\"eael-grid-post-link\" href=\"https:\/\/civicspace.eu\/en\/belgeler\/uygunluk-ve-uyum-kontrol-rehberi\/\" title=\"Eligibility And Compliance Check Guidelines\">Eligibility And Compliance Check Guidelines<\/a><\/h2><\/header><\/div><\/div>\n        <\/div>\n    <\/article><article class=\"eael-grid-post  eael-post-grid-column eael-pg-post-9399\" data-id=\"9399\">\n        <div class=\"eael-grid-post-holder\">\n            <div class=\"eael-grid-post-holder-inner\"><div class=\"eael-entry-media\"><div class=\"eael-entry-overlay fade-in\"><i class=\"fas fa-long-arrow-alt-right\" aria-hidden=\"true\"><\/i><a href=\"https:\/\/civicspace.eu\/en\/belgeler\/request-guideline\/\"><\/a><\/div><div class=\"eael-entry-thumbnail\">\n                <img loading=\"lazy\" decoding=\"async\" width=\"213\" height=\"300\" src=\"https:\/\/civicspace.eu\/wp-content\/uploads\/2023\/12\/Request-ENG-Kapak-1.png\" class=\"attachment-medium size-medium wp-image-10461\" alt=\"\" srcset=\"https:\/\/civicspace.eu\/wp-content\/uploads\/2023\/12\/Request-ENG-Kapak-1.png 644w, https:\/\/civicspace.eu\/wp-content\/uploads\/2023\/12\/Request-ENG-Kapak-1-210x300.png 210w, https:\/\/civicspace.eu\/wp-content\/uploads\/2023\/12\/Request-ENG-Kapak-1-8x12.png 8w\" sizes=\"(max-width: 213px) 100vw, 213px\" \/>\n            <\/div>\n        <\/div><div class=\"eael-entry-wrapper\"><header class=\"eael-entry-header\"><h2 class=\"eael-entry-title\"><a class=\"eael-grid-post-link\" href=\"https:\/\/civicspace.eu\/en\/belgeler\/request-guideline\/\" title=\"Request Support Guideline\">Request Support Guideline<\/a><\/h2><\/header><\/div><\/div>\n        <\/div>\n    <\/article><article class=\"eael-grid-post  eael-post-grid-column eael-pg-post-9357\" data-id=\"9357\">\n        <div class=\"eael-grid-post-holder\">\n            <div class=\"eael-grid-post-holder-inner\"><div class=\"eael-entry-media\"><div class=\"eael-entry-overlay fade-in\"><i class=\"fas fa-long-arrow-alt-right\" aria-hidden=\"true\"><\/i><a href=\"https:\/\/civicspace.eu\/en\/belgeler\/uygulama-rehberi\/\"><\/a><\/div><div class=\"eael-entry-thumbnail\">\n                <img loading=\"lazy\" decoding=\"async\" width=\"211\" height=\"300\" src=\"https:\/\/civicspace.eu\/wp-content\/uploads\/2023\/12\/Implementation-Cover.png\" class=\"attachment-medium size-medium wp-image-10441\" alt=\"\" srcset=\"https:\/\/civicspace.eu\/wp-content\/uploads\/2023\/12\/Implementation-Cover.png 1414w, https:\/\/civicspace.eu\/wp-content\/uploads\/2023\/12\/Implementation-Cover-212x300.png 212w, https:\/\/civicspace.eu\/wp-content\/uploads\/2023\/12\/Implementation-Cover-724x1024.png 724w, https:\/\/civicspace.eu\/wp-content\/uploads\/2023\/12\/Implementation-Cover-768x1086.png 768w, https:\/\/civicspace.eu\/wp-content\/uploads\/2023\/12\/Implementation-Cover-1086x1536.png 1086w, https:\/\/civicspace.eu\/wp-content\/uploads\/2023\/12\/Implementation-Cover-8x12.png 8w\" sizes=\"(max-width: 211px) 100vw, 211px\" \/>\n            <\/div>\n        <\/div><div class=\"eael-entry-wrapper\"><header class=\"eael-entry-header\"><h2 class=\"eael-entry-title\"><a class=\"eael-grid-post-link\" href=\"https:\/\/civicspace.eu\/en\/belgeler\/uygulama-rehberi\/\" title=\"Implementation Guideline\">Implementation Guideline<\/a><\/h2><\/header><\/div><\/div>\n        <\/div>\n    <\/article><\/div>\n            <div class=\"clearfix\"><\/div>\n        <\/div>\t\t\t\t<\/div>\n\t\t\t\t<\/div>\n\t\t\t\t\t<\/div>\n\t\t\t\t<\/div>\n\t\t\t\t<\/div>","protected":false},"excerpt":{"rendered":"<p>Rehberler G\u00f6r\u00fcn\u00fcrl\u00fck Rehberi Destek Talep Formu: Aktivistler Destek Talep Formu: ST\u00d6&#8217;ler Uygunluk ve Uyum Kontrol Rehberi Destek Talep Rehberi Uygulama Rehberi<\/p>","protected":false},"author":11,"featured_media":0,"parent":0,"menu_order":0,"comment_status":"closed","ping_status":"closed","template":"","meta":{"_acf_changed":false,"footnotes":""},"class_list":["post-4524","page","type-page","status-publish","hentry"],"acf":[],"_links":{"self":[{"href":"https:\/\/civicspace.eu\/en\/wp-json\/wp\/v2\/pages\/4524","targetHints":{"allow":["GET"]}}],"collection":[{"href":"https:\/\/civicspace.eu\/en\/wp-json\/wp\/v2\/pages"}],"about":[{"href":"https:\/\/civicspace.eu\/en\/wp-json\/wp\/v2\/types\/page"}],"author":[{"embeddable":true,"href":"https:\/\/civicspace.eu\/en\/wp-json\/wp\/v2\/users\/11"}],"replies":[{"embeddable":true,"href":"https:\/\/civicspace.eu\/en\/wp-json\/wp\/v2\/comments?post=4524"}],"version-history":[{"count":137,"href":"https:\/\/civicspace.eu\/en\/wp-json\/wp\/v2\/pages\/4524\/revisions"}],"predecessor-version":[{"id":10657,"href":"https:\/\/civicspace.eu\/en\/wp-json\/wp\/v2\/pages\/4524\/revisions\/10657"}],"wp:attachment":[{"href":"https:\/\/civicspace.eu\/en\/wp-json\/wp\/v2\/media?parent=4524"}],"curies":[{"name":"wp","href":"https:\/\/api.w.org\/{rel}","templated":true}]}}