{"id":596,"date":"2021-06-26T14:18:16","date_gmt":"2021-06-26T11:18:16","guid":{"rendered":"https:\/\/cagrioner.com\/sivilalan\/?page_id=596"},"modified":"2026-04-01T12:59:07","modified_gmt":"2026-04-01T09:59:07","slug":"hakkimizda","status":"publish","type":"page","link":"https:\/\/civicspace.eu\/en\/hakkimizda\/","title":{"rendered":"About Us"},"content":{"rendered":"<div data-elementor-type=\"wp-page\" data-elementor-id=\"596\" class=\"elementor elementor-596\" data-elementor-settings=\"{&quot;ha_cmc_init_switcher&quot;:&quot;no&quot;}\">\n\t\t\t\t\t\t<section class=\"elementor-section elementor-top-section elementor-element elementor-element-4d0d605c elementor-section-stretched elementor-section-full_width elementor-section-height-min-height elementor-section-items-stretch hero_section elementor-section-height-default\" data-id=\"4d0d605c\" data-element_type=\"section\" data-e-type=\"section\" data-settings=\"{&quot;stretch_section&quot;:&quot;section-stretched&quot;,&quot;background_background&quot;:&quot;classic&quot;,&quot;_ha_eqh_enable&quot;:false}\">\n\t\t\t\t\t\t<div class=\"elementor-container elementor-column-gap-no\">\n\t\t\t\t\t<div class=\"elementor-column elementor-col-50 elementor-top-column elementor-element elementor-element-4e558d6f elementor-invisible\" data-id=\"4e558d6f\" data-element_type=\"column\" data-e-type=\"column\" data-settings=\"{&quot;background_background&quot;:&quot;classic&quot;,&quot;animation&quot;:&quot;fadeInLeft&quot;}\">\n\t\t\t<div class=\"elementor-widget-wrap elementor-element-populated\">\n\t\t\t\t\t\t<div class=\"elementor-element elementor-element-15ce5850 elementor-widget elementor-widget-heading\" data-id=\"15ce5850\" data-element_type=\"widget\" data-e-type=\"widget\" data-widget_type=\"heading.default\">\n\t\t\t\t<div class=\"elementor-widget-container\">\n\t\t\t\t\t<h1 class=\"elementor-heading-title elementor-size-default\">About Us<\/h1>\t\t\t\t<\/div>\n\t\t\t\t<\/div>\n\t\t\t\t\t<\/div>\n\t\t<\/div>\n\t\t\t\t<div class=\"elementor-column elementor-col-50 elementor-top-column elementor-element elementor-element-77557deb elementor-hidden-phone\" data-id=\"77557deb\" data-element_type=\"column\" data-e-type=\"column\" data-settings=\"{&quot;background_background&quot;:&quot;classic&quot;}\">\n\t\t\t<div class=\"elementor-widget-wrap\">\n\t\t\t\t\t\t\t<\/div>\n\t\t<\/div>\n\t\t\t\t\t<\/div>\n\t\t<\/section>\n\t\t\t\t<section class=\"elementor-section elementor-top-section elementor-element elementor-element-b609f32 elementor-section-boxed elementor-section-height-default elementor-section-height-default\" data-id=\"b609f32\" data-element_type=\"section\" data-e-type=\"section\" data-settings=\"{&quot;_ha_eqh_enable&quot;:false}\">\n\t\t\t\t\t\t<div class=\"elementor-container elementor-column-gap-default\">\n\t\t\t\t\t<div class=\"elementor-column elementor-col-100 elementor-top-column elementor-element elementor-element-360ed5f\" data-id=\"360ed5f\" data-element_type=\"column\" data-e-type=\"column\">\n\t\t\t<div class=\"elementor-widget-wrap elementor-element-populated\">\n\t\t\t\t\t\t<div class=\"elementor-element elementor-element-bd2c5a7 elementor-invisible elementor-widget elementor-widget-heading\" data-id=\"bd2c5a7\" data-element_type=\"widget\" data-e-type=\"widget\" data-settings=\"{&quot;_animation&quot;:&quot;fadeInUp&quot;}\" data-widget_type=\"heading.default\">\n\t\t\t\t<div class=\"elementor-widget-container\">\n\t\t\t\t\t<h1 class=\"elementor-heading-title elementor-size-default\">Civic Space Project<\/h1>\t\t\t\t<\/div>\n\t\t\t\t<\/div>\n\t\t\t\t\t<\/div>\n\t\t<\/div>\n\t\t\t\t\t<\/div>\n\t\t<\/section>\n\t\t\t\t<section class=\"elementor-section elementor-top-section elementor-element elementor-element-f40f10f elementor-section-boxed elementor-section-height-default elementor-section-height-default\" data-id=\"f40f10f\" data-element_type=\"section\" data-e-type=\"section\" data-settings=\"{&quot;_ha_eqh_enable&quot;:false}\">\n\t\t\t\t\t\t<div class=\"elementor-container elementor-column-gap-default\">\n\t\t\t\t\t<div class=\"elementor-column elementor-col-100 elementor-top-column elementor-element elementor-element-7374607\" data-id=\"7374607\" data-element_type=\"column\" data-e-type=\"column\">\n\t\t\t<div class=\"elementor-widget-wrap elementor-element-populated\">\n\t\t\t\t\t\t<div class=\"elementor-element elementor-element-2aee615 animated-slow elementor-invisible elementor-widget elementor-widget-text-editor\" data-id=\"2aee615\" data-element_type=\"widget\" data-e-type=\"widget\" data-settings=\"{&quot;_animation&quot;:&quot;fadeInLeft&quot;}\" data-widget_type=\"text-editor.default\">\n\t\t\t\t<div class=\"elementor-widget-container\">\n\t\t\t\t\t\t\t\t\t<p>The Civic Space is a Technical Assistance Project funded by the European Union (EU). It aims at contributing to build in the Turkish Cypriot community (TCc), a stronger civil society, which supports democratic changes and confidence-building measures.&nbsp;<\/p>\n<p>Civic Space\u2019s four expected outcomes are:<\/p>\n<ol>\n<li>The public engages more in civic actions.<\/li>\n<li>Civil Society Organisations\u2019 (CSOs) civic engagement and role in decision-making are reinforced.<\/li>\n<li>A more enabling environment for CSOs actions is promoted in the TCc.<\/li>\n<li>Greater links with CSOs in the Greek Cypriot community (GCc) are encouraged.<\/li>\n<\/ol>\n<p>The project started in December 2020 and will continue to work until December 2025.<\/p>\t\t\t\t\t\t\t\t<\/div>\n\t\t\t\t<\/div>\n\t\t\t\t<div class=\"elementor-element elementor-element-c9d347f elementor-invisible elementor-widget elementor-widget-heading\" data-id=\"c9d347f\" data-element_type=\"widget\" data-e-type=\"widget\" data-settings=\"{&quot;_animation&quot;:&quot;fadeIn&quot;}\" data-widget_type=\"heading.default\">\n\t\t\t\t<div class=\"elementor-widget-container\">\n\t\t\t\t\t<h4 class=\"elementor-heading-title elementor-size-default\">Our Aims<\/h4>\t\t\t\t<\/div>\n\t\t\t\t<\/div>\n\t\t\t\t<div class=\"elementor-element elementor-element-78499f2 elementor-widget-divider--view-line elementor-widget elementor-widget-divider\" data-id=\"78499f2\" data-element_type=\"widget\" data-e-type=\"widget\" data-widget_type=\"divider.default\">\n\t\t\t\t<div class=\"elementor-widget-container\">\n\t\t\t\t\t\t\t<div class=\"elementor-divider\">\n\t\t\t<span class=\"elementor-divider-separator\">\n\t\t\t\t\t\t<\/span>\n\t\t<\/div>\n\t\t\t\t\t\t<\/div>\n\t\t\t\t<\/div>\n\t\t\t\t<div class=\"elementor-element elementor-element-c8c1141 elementor-invisible elementor-widget elementor-widget-text-editor\" data-id=\"c8c1141\" data-element_type=\"widget\" data-e-type=\"widget\" data-settings=\"{&quot;_animation&quot;:&quot;fadeIn&quot;}\" data-widget_type=\"text-editor.default\">\n\t\t\t\t<div class=\"elementor-widget-container\">\n\t\t\t\t\t\t\t\t\t<p>The European Commission believes that an empowered civil society is a crucial component of any democratic system. It represents and fosters pluralism and can contribute to more effective policies, equitable and sustainable development, and inclusive growth. It is an important player in fostering peace and in conflict resolution. By articulating citizens' concerns, civil society organizations (CSOs) are active in the public arena, engaging in initiatives to further participatory democracy and governance. Within this context, Civic Space aims at ensuring that:<\/p>\n<ul>\n<li>The public and the Turkish Cypriot community are better informed about CSOs' actions and are more involved in CSOs' actions and management.&nbsp;<\/li>\n<li>CSOs improve their capacities in general and adopt a rights-based approach to advocate for democratic changes, confidence-building measures, and a more enabling environment for civil society.&nbsp;<\/li>\n<li>Yerel organlar\u0131n ST\u00d6&#8217;lerin rolleri ve faaliyetleri hakk\u0131nda daha iyi bilgilendirilmeleri ve sivil toplum i\u00e7in b\u00fct\u00fcn\u00fcyle elveri\u015fli bir ortam\u0131n olu\u015fturulmas\u0131nda desteklenmeleri.<\/li>\n<li>Exchanges and joint actions between Greek and Turkish Cypriot CSOs are mainstreamed throughout the project's activities.<\/li>\n<\/ul>\t\t\t\t\t\t\t\t<\/div>\n\t\t\t\t<\/div>\n\t\t\t\t\t<\/div>\n\t\t<\/div>\n\t\t\t\t\t<\/div>\n\t\t<\/section>\n\t\t\t\t<section class=\"elementor-section elementor-top-section elementor-element elementor-element-ab4087e elementor-section-boxed elementor-section-height-default elementor-section-height-default\" data-id=\"ab4087e\" data-element_type=\"section\" data-e-type=\"section\" data-settings=\"{&quot;_ha_eqh_enable&quot;:false}\">\n\t\t\t\t\t\t<div class=\"elementor-container elementor-column-gap-default\">\n\t\t\t\t\t<div class=\"elementor-column elementor-col-100 elementor-top-column elementor-element elementor-element-83661e0\" data-id=\"83661e0\" data-element_type=\"column\" data-e-type=\"column\">\n\t\t\t<div class=\"elementor-widget-wrap elementor-element-populated\">\n\t\t\t\t\t\t<div class=\"elementor-element elementor-element-7343e8b elementor-invisible elementor-widget elementor-widget-heading\" data-id=\"7343e8b\" data-element_type=\"widget\" data-e-type=\"widget\" data-settings=\"{&quot;_animation&quot;:&quot;fadeInLeft&quot;}\" data-widget_type=\"heading.default\">\n\t\t\t\t<div class=\"elementor-widget-container\">\n\t\t\t\t\t<h4 class=\"elementor-heading-title elementor-size-default\">Our Team<\/h4>\t\t\t\t<\/div>\n\t\t\t\t<\/div>\n\t\t\t\t\t<\/div>\n\t\t<\/div>\n\t\t\t\t\t<\/div>\n\t\t<\/section>\n\t\t\t\t<section class=\"elementor-section elementor-top-section elementor-element elementor-element-1d92c1d elementor-section-boxed elementor-section-height-default elementor-section-height-default elementor-invisible\" data-id=\"1d92c1d\" data-element_type=\"section\" data-e-type=\"section\" data-settings=\"{&quot;animation&quot;:&quot;zoomInUp&quot;,&quot;_ha_eqh_enable&quot;:false}\">\n\t\t\t\t\t\t<div class=\"elementor-container elementor-column-gap-default\">\n\t\t\t\t\t<div class=\"elementor-column elementor-col-100 elementor-top-column elementor-element elementor-element-3a152ca\" data-id=\"3a152ca\" data-element_type=\"column\" data-e-type=\"column\">\n\t\t\t<div class=\"elementor-widget-wrap elementor-element-populated\">\n\t\t\t\t\t\t<div class=\"elementor-element elementor-element-a2110bf elementor-widget-divider--view-line elementor-widget elementor-widget-divider\" data-id=\"a2110bf\" data-element_type=\"widget\" data-e-type=\"widget\" data-widget_type=\"divider.default\">\n\t\t\t\t<div class=\"elementor-widget-container\">\n\t\t\t\t\t\t\t<div class=\"elementor-divider\">\n\t\t\t<span class=\"elementor-divider-separator\">\n\t\t\t\t\t\t<\/span>\n\t\t<\/div>\n\t\t\t\t\t\t<\/div>\n\t\t\t\t<\/div>\n\t\t\t\t\t<\/div>\n\t\t<\/div>\n\t\t\t\t\t<\/div>\n\t\t<\/section>\n\t\t\t\t<\/div>","protected":false},"excerpt":{"rendered":"<p>Sivil Alan Projesi Sivil Alan Avrupa Birli\u011fi (AB) taraf\u0131ndan finanse edilen ve K\u0131br\u0131s T\u00fcrk toplumu (KTt) b\u00fcnyesinde demokratik de\u011fi\u015fim ve g\u00fcven artt\u0131r\u0131c\u0131 \u00f6nlemleri destekleyen daha g\u00fc\u00e7l\u00fc bir sivil toplumun olu\u015fturulmas\u0131na&hellip;<\/p>","protected":false},"author":11,"featured_media":2224,"parent":0,"menu_order":0,"comment_status":"closed","ping_status":"closed","template":"","meta":{"_acf_changed":false,"footnotes":""},"class_list":["post-596","page","type-page","status-publish","has-post-thumbnail","hentry"],"acf":[],"_links":{"self":[{"href":"https:\/\/civicspace.eu\/en\/wp-json\/wp\/v2\/pages\/596","targetHints":{"allow":["GET"]}}],"collection":[{"href":"https:\/\/civicspace.eu\/en\/wp-json\/wp\/v2\/pages"}],"about":[{"href":"https:\/\/civicspace.eu\/en\/wp-json\/wp\/v2\/types\/page"}],"author":[{"embeddable":true,"href":"https:\/\/civicspace.eu\/en\/wp-json\/wp\/v2\/users\/11"}],"replies":[{"embeddable":true,"href":"https:\/\/civicspace.eu\/en\/wp-json\/wp\/v2\/comments?post=596"}],"version-history":[{"count":24,"href":"https:\/\/civicspace.eu\/en\/wp-json\/wp\/v2\/pages\/596\/revisions"}],"predecessor-version":[{"id":10326,"href":"https:\/\/civicspace.eu\/en\/wp-json\/wp\/v2\/pages\/596\/revisions\/10326"}],"wp:featuredmedia":[{"embeddable":true,"href":"https:\/\/civicspace.eu\/en\/wp-json\/wp\/v2\/media\/2224"}],"wp:attachment":[{"href":"https:\/\/civicspace.eu\/en\/wp-json\/wp\/v2\/media?parent=596"}],"curies":[{"name":"wp","href":"https:\/\/api.w.org\/{rel}","templated":true}]}}