{"id":6124,"date":"2021-12-03T11:50:52","date_gmt":"2021-12-03T08:50:52","guid":{"rendered":"https:\/\/civicspace.eu\/?page_id=6124"},"modified":"2021-12-03T11:53:54","modified_gmt":"2021-12-03T08:53:54","slug":"tesekkurler","status":"publish","type":"page","link":"https:\/\/civicspace.eu\/en\/tesekkurler\/","title":{"rendered":"Te\u015fekk\u00fcrler"},"content":{"rendered":"<h2 class=\"wp-block-heading\">Te\u015fekk\u00fcrler<\/h2>\n\n\n\n<p>Kayd\u0131n\u0131z bize ula\u015fm\u0131\u015ft\u0131r. Rezervasyon talebiniz onaylan\u0131nca sizi bilgilendirece\u011fiz.<\/p>\n\n\n\n<h2 class=\"wp-block-heading\">Thank you<\/h2>\n\n\n\n<p>Your record is successfully saved. You will be informed when your booking is confirmed.<\/p>","protected":false},"excerpt":{"rendered":"<p>Te\u015fekk\u00fcrler Kayd\u0131n\u0131z bize ula\u015fm\u0131\u015ft\u0131r. Rezervasyon talebiniz onaylan\u0131nca sizi bilgilendirece\u011fiz. Thank you Your record is successfully saved. You will be informed when your booking is confirmed.<\/p>","protected":false},"author":11,"featured_media":0,"parent":0,"menu_order":0,"comment_status":"closed","ping_status":"closed","template":"","meta":{"_acf_changed":false,"footnotes":""},"class_list":["post-6124","page","type-page","status-publish","hentry"],"acf":[],"_links":{"self":[{"href":"https:\/\/civicspace.eu\/en\/wp-json\/wp\/v2\/pages\/6124","targetHints":{"allow":["GET"]}}],"collection":[{"href":"https:\/\/civicspace.eu\/en\/wp-json\/wp\/v2\/pages"}],"about":[{"href":"https:\/\/civicspace.eu\/en\/wp-json\/wp\/v2\/types\/page"}],"author":[{"embeddable":true,"href":"https:\/\/civicspace.eu\/en\/wp-json\/wp\/v2\/users\/11"}],"replies":[{"embeddable":true,"href":"https:\/\/civicspace.eu\/en\/wp-json\/wp\/v2\/comments?post=6124"}],"version-history":[{"count":2,"href":"https:\/\/civicspace.eu\/en\/wp-json\/wp\/v2\/pages\/6124\/revisions"}],"predecessor-version":[{"id":6127,"href":"https:\/\/civicspace.eu\/en\/wp-json\/wp\/v2\/pages\/6124\/revisions\/6127"}],"wp:attachment":[{"href":"https:\/\/civicspace.eu\/en\/wp-json\/wp\/v2\/media?parent=6124"}],"curies":[{"name":"wp","href":"https:\/\/api.w.org\/{rel}","templated":true}]}}