{"id":663,"date":"2021-06-26T16:40:29","date_gmt":"2021-06-26T13:40:29","guid":{"rendered":"https:\/\/cagrioner.com\/sivilalan\/?page_id=663"},"modified":"2026-03-26T15:35:36","modified_gmt":"2026-03-26T13:35:36","slug":"iletisim","status":"publish","type":"page","link":"https:\/\/civicspace.eu\/en\/iletisim\/","title":{"rendered":"Contact Us"},"content":{"rendered":"<h1>Contact Us<\/h1>\n<p>\t\t\t<iframe loading=\"lazy\"\n\t\t\t\t\tsrc=\"https:\/\/maps.google.com\/maps?q=H%C3%BCseyin%20K%C3%BC%C3%A7%C3%BCk%20Sokak%20%C5%9Eeytano%C4%9Flu%20Apt&#038;t=m&#038;z=13&#038;output=embed&#038;iwloc=near\"\n\t\t\t\t\ttitle=\"H\u00fcseyin K\u00fc\u00e7\u00fck Sokak \u015eeytano\u011flu Apt\"\n\t\t\t\t\taria-label=\"H\u00fcseyin K\u00fc\u00e7\u00fck Sokak \u015eeytano\u011flu Apt\"\n\t\t\t><\/iframe><br \/>\n                Address            <\/p>\n<p>H\u00fcseyin K\u00fc\u00e7\u00fck Street,<br \/>\u015eeytano\u011flu Apt. No: 3B<br \/>K\u00f6\u015fkl\u00fc\u00e7iftlik, Nicosia<\/p>\n<p>Telephone<\/p>\n<p>+90 539 132 2245<\/p>\n<p>+90 539 132 2245 (WhatsApp)<\/p>\n<p>E-mail<\/p>\n<p><a id=\"menurtib\" title=\"mailto:civicspace@gfa-group.de\" href=\"mailto:civicspace@gfa-group.de\" target=\"_blank\" rel=\"noreferrer noopener\">civicspace@gfa-group.de<\/a><\/p>\n<h2>Contact Us<\/h2>\n<p role=\"status\" aria-live=\"polite\" aria-atomic=\"true\">\n<ul><\/ul>\n<form action=\"\/wp-admin\/admin-ajax.php#wpcf7-f6484-o1\" method=\"post\" aria-label=\"\u0130leti\u015fim Formu\" novalidate=\"novalidate\" data-status=\"init\" data-trp-original-action=\"\/wp-admin\/admin-ajax.php#wpcf7-f6484-o1\">\n<fieldset><input type=\"hidden\" name=\"_wpcf7\" value=\"6484\" \/><input type=\"hidden\" name=\"_wpcf7_version\" value=\"6.1.4\" \/><input type=\"hidden\" name=\"_wpcf7_locale\" value=\"tr_TR\" \/><input type=\"hidden\" name=\"_wpcf7_unit_tag\" value=\"wpcf7-f6484-o1\" \/><input type=\"hidden\" name=\"_wpcf7_container_post\" value=\"0\" \/><input type=\"hidden\" name=\"_wpcf7_posted_data_hash\" value=\"\" \/><input type=\"hidden\" name=\"_wpcf7_recaptcha_response\" value=\"\" \/><br \/>\n<\/fieldset>\n<p><label> Ad\u0131n\u0131z &#8211; Soyad\u0131n\u0131z*<br \/>\n<input size=\"40\" maxlength=\"400\" aria-required=\"true\" aria-invalid=\"false\" value=\"\" type=\"text\" name=\"your-name\" \/> <\/label>\n<\/p>\n<p><label> Your E-post Address<br \/>\n<input size=\"40\" maxlength=\"400\" aria-required=\"true\" aria-invalid=\"false\" value=\"\" type=\"email\" name=\"your-email\" \/> <\/label>\n<\/p>\n<p><label> Your Message<br \/>\n<textarea cols=\"40\" rows=\"10\" maxlength=\"2000\" aria-required=\"true\" aria-invalid=\"false\" name=\"your-message\"><\/textarea> <\/label><br \/>\n<label><input type=\"checkbox\" name=\"acceptance-419\" value=\"1\" aria-invalid=\"false\" \/>I have read the General Data Protection Regulation  <a href=\"https:\/\/civicspace.eu\/en\/privacy-policy\/\" target=\"_blank\">https:\/\/civicspace.eu\/privacy-policy<\/a><\/label>\n<\/p>\n<p><input type=\"submit\" value=\"Submit\" \/>\n<\/p>\n<input type=\"hidden\" name=\"trp-form-language\" value=\"en\"\/><\/form>\n<p>\t\t\t\t\t<a href=\"https:\/\/www.facebook.com\/civicspaceeu\" target=\"_blank\"><br \/>\n\t\t\t\t\t\tFacebook<br \/>\n\t\t\t\t\t\t\t\t\t\t\t<\/a><br \/>\n\t\t\t\t\t<a href=\"https:\/\/www.twitter.com\/civicspaceeu\/\" target=\"_blank\"><br \/>\n\t\t\t\t\t\tTwitter<br \/>\n\t\t\t\t\t\t\t\t\t\t\t<\/a><br \/>\n\t\t\t\t\t<a href=\"https:\/\/instagram.com\/civicspaceeu\" target=\"_blank\"><br \/>\n\t\t\t\t\t\tIcon-instagram-1<br \/>\n\t\t\t\t\t\t\t\t\t\t\t<\/a><br \/>\n\t\t\t\t\t<a href=\"https:\/\/www.youtube.com\/c\/civicspaceeu\" target=\"_blank\"><br \/>\n\t\t\t\t\t\tYoutube<br \/>\n\t\t\t\t\t\t\t\t\t\t\t<\/a><br \/>\n\t\t\t\t\t<a href=\"https:\/\/www.linkedin.com\/company\/civicspaceeu\/\" target=\"_blank\"><br \/>\n\t\t\t\t\t\tLinkedin<br \/>\n\t\t\t\t\t\t\t\t\t\t\t<\/a><br \/>\n\t\t\t\t\t<a href=\"https:\/\/t.me\/civicspaceeu\" target=\"_blank\"><br \/>\n\t\t\t\t\t\tTelegram-plane<br \/>\n\t\t\t\t\t\t\t\t\t\t\t<\/a><\/p>","protected":false},"excerpt":{"rendered":"<p>Bize Ula\u015f\u0131n Adres H\u00fcseyin K\u00fc\u00e7\u00fck Sokak,\u015eeytano\u011flu Apt. No: 3BK\u00f6\u015fkl\u00fc\u00e7iftlik, Lefko\u015fa Telefon +90 539 132 2245 +90 539 132 2245 (WhatsApp) E-posta civicspace@gfa-group.de Bize Ula\u015f\u0131n Ad\u0131n\u0131z &#8211; Soyad\u0131n\u0131z* E-posta adresiniz* \u0130letiniz*&hellip;<\/p>","protected":false},"author":11,"featured_media":0,"parent":0,"menu_order":0,"comment_status":"closed","ping_status":"closed","template":"","meta":{"_acf_changed":false,"footnotes":""},"class_list":["post-663","page","type-page","status-publish","hentry"],"acf":[],"_links":{"self":[{"href":"https:\/\/civicspace.eu\/en\/wp-json\/wp\/v2\/pages\/663","targetHints":{"allow":["GET"]}}],"collection":[{"href":"https:\/\/civicspace.eu\/en\/wp-json\/wp\/v2\/pages"}],"about":[{"href":"https:\/\/civicspace.eu\/en\/wp-json\/wp\/v2\/types\/page"}],"author":[{"embeddable":true,"href":"https:\/\/civicspace.eu\/en\/wp-json\/wp\/v2\/users\/11"}],"replies":[{"embeddable":true,"href":"https:\/\/civicspace.eu\/en\/wp-json\/wp\/v2\/comments?post=663"}],"version-history":[{"count":35,"href":"https:\/\/civicspace.eu\/en\/wp-json\/wp\/v2\/pages\/663\/revisions"}],"predecessor-version":[{"id":12298,"href":"https:\/\/civicspace.eu\/en\/wp-json\/wp\/v2\/pages\/663\/revisions\/12298"}],"wp:attachment":[{"href":"https:\/\/civicspace.eu\/en\/wp-json\/wp\/v2\/media?parent=663"}],"curies":[{"name":"wp","href":"https:\/\/api.w.org\/{rel}","templated":true}]}}