{"id":676,"date":"2021-06-26T16:45:12","date_gmt":"2021-06-26T13:45:12","guid":{"rendered":"https:\/\/cagrioner.com\/sivilalan\/?page_id=676"},"modified":"2024-04-30T12:31:18","modified_gmt":"2024-04-30T09:31:18","slug":"iletisim-destegi","status":"publish","type":"page","link":"https:\/\/civicspace.eu\/en\/iletisim-destegi\/","title":{"rendered":"Communication Support"},"content":{"rendered":"<div data-elementor-type=\"wp-page\" data-elementor-id=\"676\" class=\"elementor elementor-676\" data-elementor-settings=\"{&quot;ha_cmc_init_switcher&quot;:&quot;no&quot;}\">\n\t\t\t\t\t\t<section class=\"elementor-section elementor-top-section elementor-element elementor-element-3dc4f05c elementor-section-stretched elementor-section-full_width elementor-section-height-min-height elementor-section-items-stretch hero_section elementor-section-height-default\" data-id=\"3dc4f05c\" data-element_type=\"section\" data-e-type=\"section\" data-settings=\"{&quot;stretch_section&quot;:&quot;section-stretched&quot;,&quot;background_background&quot;:&quot;classic&quot;,&quot;_ha_eqh_enable&quot;:false}\">\n\t\t\t\t\t\t<div class=\"elementor-container elementor-column-gap-no\">\n\t\t\t\t\t<div class=\"elementor-column elementor-col-50 elementor-top-column elementor-element elementor-element-42feb3a8 elementor-invisible\" data-id=\"42feb3a8\" data-element_type=\"column\" data-e-type=\"column\" data-settings=\"{&quot;background_background&quot;:&quot;classic&quot;,&quot;animation&quot;:&quot;fadeInLeft&quot;}\">\n\t\t\t<div class=\"elementor-widget-wrap elementor-element-populated\">\n\t\t\t\t\t\t<div class=\"elementor-element elementor-element-176c326 elementor-widget elementor-widget-heading\" data-id=\"176c326\" data-element_type=\"widget\" data-e-type=\"widget\" data-widget_type=\"heading.default\">\n\t\t\t\t<div class=\"elementor-widget-container\">\n\t\t\t\t\t<h1 class=\"elementor-heading-title elementor-size-default\">Communication Support<\/h1>\t\t\t\t<\/div>\n\t\t\t\t<\/div>\n\t\t\t\t\t<\/div>\n\t\t<\/div>\n\t\t\t\t<div class=\"elementor-column elementor-col-50 elementor-top-column elementor-element elementor-element-2868d590 elementor-hidden-phone\" data-id=\"2868d590\" data-element_type=\"column\" data-e-type=\"column\" data-settings=\"{&quot;background_background&quot;:&quot;classic&quot;}\">\n\t\t\t<div class=\"elementor-widget-wrap\">\n\t\t\t\t\t\t\t<\/div>\n\t\t<\/div>\n\t\t\t\t\t<\/div>\n\t\t<\/section>\n\t\t\t\t<section class=\"elementor-section elementor-top-section elementor-element elementor-element-a2fdd3d elementor-section-boxed elementor-section-height-default elementor-section-height-default\" data-id=\"a2fdd3d\" data-element_type=\"section\" data-e-type=\"section\" data-settings=\"{&quot;_ha_eqh_enable&quot;:false}\">\n\t\t\t\t\t\t<div class=\"elementor-container elementor-column-gap-default\">\n\t\t\t\t\t<div class=\"elementor-column elementor-col-100 elementor-top-column elementor-element elementor-element-1c31d95\" data-id=\"1c31d95\" data-element_type=\"column\" data-e-type=\"column\">\n\t\t\t<div class=\"elementor-widget-wrap elementor-element-populated\">\n\t\t\t\t\t\t<div class=\"elementor-element elementor-element-7713959 elementor-invisible elementor-widget elementor-widget-heading\" data-id=\"7713959\" data-element_type=\"widget\" data-e-type=\"widget\" data-settings=\"{&quot;_animation&quot;:&quot;fadeInUp&quot;}\" data-widget_type=\"heading.default\">\n\t\t\t\t<div class=\"elementor-widget-container\">\n\t\t\t\t\t<h1 class=\"elementor-heading-title elementor-size-default\">What is Communication Support? <\/h1>\t\t\t\t<\/div>\n\t\t\t\t<\/div>\n\t\t\t\t\t<\/div>\n\t\t<\/div>\n\t\t\t\t\t<\/div>\n\t\t<\/section>\n\t\t\t\t<section class=\"elementor-section elementor-top-section elementor-element elementor-element-edb8187 elementor-section-boxed elementor-section-height-default elementor-section-height-default elementor-invisible\" data-id=\"edb8187\" data-element_type=\"section\" data-e-type=\"section\" data-settings=\"{&quot;animation&quot;:&quot;fadeIn&quot;,&quot;_ha_eqh_enable&quot;:false}\">\n\t\t\t\t\t\t<div class=\"elementor-container elementor-column-gap-default\">\n\t\t\t\t\t<div class=\"elementor-column elementor-col-100 elementor-top-column elementor-element elementor-element-31df0c87\" data-id=\"31df0c87\" data-element_type=\"column\" data-e-type=\"column\">\n\t\t\t<div class=\"elementor-widget-wrap elementor-element-populated\">\n\t\t\t\t\t\t<div class=\"elementor-element elementor-element-1b4dc066 elementor-widget-divider--view-line_icon elementor-view-default elementor-widget-divider--element-align-center elementor-widget elementor-widget-divider\" data-id=\"1b4dc066\" data-element_type=\"widget\" data-e-type=\"widget\" data-widget_type=\"divider.default\">\n\t\t\t\t<div class=\"elementor-widget-container\">\n\t\t\t\t\t\t\t<div class=\"elementor-divider\">\n\t\t\t<span class=\"elementor-divider-separator\">\n\t\t\t\t\t\t\t<div class=\"elementor-icon elementor-divider__element\">\n\t\t\t\t\t<i aria-hidden=\"true\" class=\"icon icon-bullhorn\"><\/i><\/div>\n\t\t\t\t\t\t<\/span>\n\t\t<\/div>\n\t\t\t\t\t\t<\/div>\n\t\t\t\t<\/div>\n\t\t\t\t\t<\/div>\n\t\t<\/div>\n\t\t\t\t\t<\/div>\n\t\t<\/section>\n\t\t\t\t<section class=\"elementor-section elementor-top-section elementor-element elementor-element-cc282e0 elementor-section-boxed elementor-section-height-default elementor-section-height-default\" data-id=\"cc282e0\" data-element_type=\"section\" data-e-type=\"section\" data-settings=\"{&quot;_ha_eqh_enable&quot;:false}\">\n\t\t\t\t\t\t<div class=\"elementor-container elementor-column-gap-default\">\n\t\t\t\t\t<div class=\"elementor-column elementor-col-100 elementor-top-column elementor-element elementor-element-0c5b1f4\" data-id=\"0c5b1f4\" data-element_type=\"column\" data-e-type=\"column\">\n\t\t\t<div class=\"elementor-widget-wrap elementor-element-populated\">\n\t\t\t\t\t\t<div class=\"elementor-element elementor-element-80ae963 elementor-invisible elementor-widget elementor-widget-text-editor\" data-id=\"80ae963\" data-element_type=\"widget\" data-e-type=\"widget\" data-settings=\"{&quot;_animation&quot;:&quot;fadeInRight&quot;}\" data-widget_type=\"text-editor.default\">\n\t\t\t\t<div class=\"elementor-widget-container\">\n\t\t\t\t\t\t\t\t\t<p style=\"text-align: center;\">The public and CSOs across Cyprus can all benefit from the various communication activities under the Civic Space project.\u00a0<\/p><p style=\"text-align: center;\">By implementing communication activities, Civic Space aims to achieve the following:\u00a0<\/p><p style=\"text-align: center;\">Further increase the visibility of Civic Space and EU support to civil society by improving outreach and public engagement.<\/p><p style=\"text-align: center;\">Foster visibility of CSOs' activities and outputs and increase their engagement with the community and other CSOs.<\/p><p style=\"text-align: center;\">Increase CSOs' communication capacity directly by guiding them on how to create their communication strategies.<\/p>\t\t\t\t\t\t\t\t<\/div>\n\t\t\t\t<\/div>\n\t\t\t\t\t<\/div>\n\t\t<\/div>\n\t\t\t\t\t<\/div>\n\t\t<\/section>\n\t\t\t\t<section class=\"elementor-section elementor-top-section elementor-element elementor-element-563a05e elementor-section-boxed elementor-section-height-default elementor-section-height-default elementor-invisible\" data-id=\"563a05e\" data-element_type=\"section\" data-e-type=\"section\" data-settings=\"{&quot;animation&quot;:&quot;fadeInUp&quot;,&quot;_ha_eqh_enable&quot;:false}\">\n\t\t\t\t\t\t<div class=\"elementor-container elementor-column-gap-default\">\n\t\t\t\t\t<div class=\"elementor-column elementor-col-100 elementor-top-column elementor-element elementor-element-674d795\" data-id=\"674d795\" data-element_type=\"column\" data-e-type=\"column\">\n\t\t\t<div class=\"elementor-widget-wrap elementor-element-populated\">\n\t\t\t\t\t\t<div class=\"elementor-element elementor-element-01e7166 elementor-widget elementor-widget-eael-adv-accordion\" data-id=\"01e7166\" data-element_type=\"widget\" data-e-type=\"widget\" data-no-translation=\"\" data-widget_type=\"eael-adv-accordion.default\">\n\t\t\t\t<div class=\"elementor-widget-container\">\n\t\t\t\t\t<style>.elementor-element-01e7166{display:none !important}<\/style>\t\t\t\t<\/div>\n\t\t\t\t<\/div>\n\t\t\t\t<div class=\"elementor-element elementor-element-75ac0c8 elementor-widget elementor-widget-eael-adv-accordion\" data-id=\"75ac0c8\" data-element_type=\"widget\" data-e-type=\"widget\" data-no-translation=\"\" data-widget_type=\"eael-adv-accordion.default\">\n\t\t\t\t<div class=\"elementor-widget-container\">\n\t\t\t\t\t            <div class=\"eael-adv-accordion\" id=\"eael-adv-accordion-75ac0c8\" data-scroll-on-click=\"no\" data-scroll-speed=\"300\" data-accordion-id=\"75ac0c8\" data-accordion-type=\"accordion\" data-toogle-speed=\"300\">\n            <div class=\"eael-accordion-list\">\n\t\t\t\t\t<div id=\"what-have-we-done-so-far\" class=\"elementor-tab-title eael-accordion-header\" tabindex=\"0\" data-tab=\"1\" aria-controls=\"elementor-tab-content-1231\"><span class=\"eael-advanced-accordion-icon-closed\"><i aria-hidden=\"true\" class=\"fa-accordion-icon icon icon-history\"><\/i><\/span><span class=\"eael-advanced-accordion-icon-opened\"><i aria-hidden=\"true\" class=\"fa-accordion-icon fas fa-minus\"><\/i><\/span><span class=\"eael-accordion-tab-title\">What have we done so far?<\/span><i aria-hidden=\"true\" class=\"fa-toggle fas fa-angle-right\"><\/i><\/div><div id=\"elementor-tab-content-1231\" class=\"eael-accordion-content clearfix\" data-tab=\"1\" aria-labelledby=\"what-have-we-done-so-far\"><ul><li>The visibility of NGOs was supported through the organization of 4 Open Door Festivals (AKF) between 2016-2019. Each festival had between 37 to 72 participating NGOs. In total, 238 NGOs participated in the four Open Door Festivals, where more than 350 activities were carried out. To introduce NGOs, 19 videos\/films were prepared during the Open Door Festivals. Special Fairs for NGOs were organized in Lefko\u015fa\/Nicosia, Ma\u011fusa\/Famagusta, Lefke\/Lefka, Mehmet\u00e7ik\/Galateia, and \u0130skele\/Trikomo.\u00a0<\/li><li>Promotion of the rights-based approach through many videos\/films production (see Civic space YouTube channel).\u00a0<\/li><li>Social media was extensively used (Facebook, Instagram, YouTube, LinkedIn, X) to highlight the support given by the EU to civil society.<\/li><li><a href=\"http:\/\/www.civicspace.eu\/en\">www.civicspace.eu<\/a>\u00a0website created.\u00a0<\/li><li>Collaborative efforts with the media: Increasing the visibility of NGOs in radio, television, and print media. Collaboration with TV channels for the broadcast of various videos produced by the project. BRT has prepared 8 documentaries about NGOs supported by the EU.<\/li><li>Collaborative efforts with the private sector: supporting innovative resource development methods (such as crowdfunding); organizing resource development training for NGOs; promoting the culture of Corporate Social Responsibility through workshops and training sessions.<\/li><li>Collaborative efforts with youth: Youth (including those under the age of 18) can benefit from the Civil Growth program; providing support to NGOs addressing issues related to youth; bringing NGOs and university students together by facilitating the participation of NGOs in higher education career fairs and creating internship and volunteer opportunities within NGOs.<\/li><li>Trainings on social media, digital activism, digital campaigns, and digital tools and post-training tailor made coaching sessions upon request.<\/li><\/ul><\/div>\n\t\t\t\t\t<\/div><div class=\"eael-accordion-list\">\n\t\t\t\t\t<div id=\"upcoming-events\" class=\"elementor-tab-title eael-accordion-header\" tabindex=\"0\" data-tab=\"2\" aria-controls=\"elementor-tab-content-1232\"><span class=\"eael-advanced-accordion-icon-closed\"><i aria-hidden=\"true\" class=\"fa-accordion-icon icon icon-calendar\"><\/i><\/span><span class=\"eael-advanced-accordion-icon-opened\"><i aria-hidden=\"true\" class=\"fa-accordion-icon fas fa-minus\"><\/i><\/span><span class=\"eael-accordion-tab-title\">Upcoming Events<\/span><i aria-hidden=\"true\" class=\"fa-toggle fas fa-angle-right\"><\/i><\/div><div id=\"elementor-tab-content-1232\" class=\"eael-accordion-content clearfix\" data-tab=\"2\" aria-labelledby=\"upcoming-events\"><p>Civic Space is developing a communication strategy for the new phase of the Project (2023-2025) aimed at making the funds provided by the EU to civil society more visible and promoting the role of NGOs in bringing about democratic changes and in confidence-building measures. The communication strategy is developed to increase the visibility and accountability of the project as well as to inform the public about the activities, achievements, roles, and participation of NGOs in the democratic process.\u00a0<\/p><p>CSOs, responsible bodies, media, private sector, and youth across Cyprus will be included among the target groups of the communication component with the aim of developing a rights-based culture in Cyprus and increasing the visibility of civil society activities.<\/p><\/div>\n\t\t\t\t\t<\/div><div class=\"eael-accordion-list\">\n\t\t\t\t\t<div id=\"campaigns\" class=\"elementor-tab-title eael-accordion-header\" tabindex=\"0\" data-tab=\"3\" aria-controls=\"elementor-tab-content-1233\"><span class=\"eael-advanced-accordion-icon-closed\"><i aria-hidden=\"true\" class=\"fa-accordion-icon icon icon-bullhorn\"><\/i><\/span><span class=\"eael-advanced-accordion-icon-opened\"><i aria-hidden=\"true\" class=\"fa-accordion-icon fas fa-minus\"><\/i><\/span><span class=\"eael-accordion-tab-title\">Campaigns<\/span><i aria-hidden=\"true\" class=\"fa-toggle fas fa-angle-right\"><\/i><\/div><div id=\"elementor-tab-content-1233\" class=\"eael-accordion-content clearfix\" data-tab=\"3\" aria-labelledby=\"campaigns\"><p>During the implementation of the project, Civic Space will develop specific communication strategies on some key issues to ensure outreach of specific project activities and components to specific target audiences. These specific communication strategies will be updated during the project implementation.<\/p><p>Communication campaigns, along with video series containing explanatory information on the topic, will be organized on social media a few times a year (2-4). Campaigns conducted by CSOs supported within the Grow Civic program will also be shared. You can follow these campaigns on Civic Space&#8217;s social media channels throughout the implementation period of the project.<\/p><\/div>\n\t\t\t\t\t<\/div><div class=\"eael-accordion-list\">\n\t\t\t\t\t<div id=\"do-it-yourself-diy-tools-and-methods\" class=\"elementor-tab-title eael-accordion-header\" tabindex=\"0\" data-tab=\"4\" aria-controls=\"elementor-tab-content-1234\"><span class=\"eael-advanced-accordion-icon-closed\"><i aria-hidden=\"true\" class=\"fa-accordion-icon icon icon-tools\"><\/i><\/span><span class=\"eael-advanced-accordion-icon-opened\"><i aria-hidden=\"true\" class=\"fa-accordion-icon fas fa-minus\"><\/i><\/span><span class=\"eael-accordion-tab-title\">Do It Yourself (DIY) tools and methods<\/span><i aria-hidden=\"true\" class=\"fa-toggle fas fa-angle-right\"><\/i><\/div><div id=\"elementor-tab-content-1234\" class=\"eael-accordion-content clearfix\" data-tab=\"4\" aria-labelledby=\"do-it-yourself-diy-tools-and-methods\"><p>Useful and easy-to-follow self-learning materials, namely DIY guides, will be prepared. DIY guide methods such as mainstreaming guides will ensure ongoing utilization and decrease the tailor-made demand while serving for the sustainability of capacity building support after the end of the Project.<\/p><p>These tools will be identified and prepared in line with the needs of NGOs and activists<\/p><p>Because the needs are constantly changing surveys will be made from time to time to identify current needs.<\/p><p>In addition, sectoral research and feedback from training sessions will play a key role in determining the need.\u00a0<\/p><p><a href=\"https:\/\/civicspace.eu\/en\/sivil-alan-kutuphanesi\/\">You can download all the DIY tools at the library<\/a><\/p><\/div>\n\t\t\t\t\t<\/div><\/div>\t\t\t\t<\/div>\n\t\t\t\t<\/div>\n\t\t\t\t\t<\/div>\n\t\t<\/div>\n\t\t\t\t\t<\/div>\n\t\t<\/section>\n\t\t\t\t<\/div>","protected":false},"excerpt":{"rendered":"<p>\u0130leti\u015fim Deste\u011fi \u0130leti\u015fim Deste\u011fi Nedir? K\u0131br\u0131s genelinde b\u00fct\u00fcn toplum ve ST\u00d6&#8217;ler Sivil Alan projesi kapsam\u0131nda y\u00fcr\u00fct\u00fclen \u00e7e\u015fitli ileti\u015fim faaliyetlerinden yararlanabilecektir.\u00a0 Sivil Alan, ileti\u015fim faaliyetleri uygulayarak a\u015fa\u011f\u0131dakileri ger\u00e7ekle\u015ftirmeyi ama\u00e7lamaktad\u0131r:\u00a0 Sivil Alan\u2019\u0131n&hellip;<\/p>","protected":false},"author":11,"featured_media":0,"parent":0,"menu_order":0,"comment_status":"closed","ping_status":"closed","template":"","meta":{"_acf_changed":false,"footnotes":""},"class_list":["post-676","page","type-page","status-publish","hentry"],"acf":[],"_links":{"self":[{"href":"https:\/\/civicspace.eu\/en\/wp-json\/wp\/v2\/pages\/676","targetHints":{"allow":["GET"]}}],"collection":[{"href":"https:\/\/civicspace.eu\/en\/wp-json\/wp\/v2\/pages"}],"about":[{"href":"https:\/\/civicspace.eu\/en\/wp-json\/wp\/v2\/types\/page"}],"author":[{"embeddable":true,"href":"https:\/\/civicspace.eu\/en\/wp-json\/wp\/v2\/users\/11"}],"replies":[{"embeddable":true,"href":"https:\/\/civicspace.eu\/en\/wp-json\/wp\/v2\/comments?post=676"}],"version-history":[{"count":35,"href":"https:\/\/civicspace.eu\/en\/wp-json\/wp\/v2\/pages\/676\/revisions"}],"predecessor-version":[{"id":10402,"href":"https:\/\/civicspace.eu\/en\/wp-json\/wp\/v2\/pages\/676\/revisions\/10402"}],"wp:attachment":[{"href":"https:\/\/civicspace.eu\/en\/wp-json\/wp\/v2\/media?parent=676"}],"curies":[{"name":"wp","href":"https:\/\/api.w.org\/{rel}","templated":true}]}}