{"id":6853,"date":"2022-03-04T09:36:53","date_gmt":"2022-03-04T07:36:53","guid":{"rendered":"https:\/\/civicspace.eu\/?page_id=6853"},"modified":"2022-03-14T11:42:44","modified_gmt":"2022-03-14T09:42:44","slug":"sivil-alan-degisim-inisiyatifi-basvuru-formu","status":"publish","type":"page","link":"https:\/\/civicspace.eu\/en\/sivil-alan-degisim-inisiyatifi-basvuru-formu\/","title":{"rendered":"Sivil Alan De\u011fi\u015fim \u0130nisiyatifi Ba\u015fvuru Formu"},"content":{"rendered":"<div data-elementor-type=\"wp-page\" data-elementor-id=\"6853\" class=\"elementor elementor-6853\" data-elementor-settings=\"{&quot;ha_cmc_init_switcher&quot;:&quot;no&quot;}\">\n\t\t\t\t\t\t<section class=\"elementor-section elementor-top-section elementor-element elementor-element-b9e4db4 elementor-section-boxed elementor-section-height-default elementor-section-height-default\" data-id=\"b9e4db4\" data-element_type=\"section\" data-e-type=\"section\" data-settings=\"{&quot;_ha_eqh_enable&quot;:false}\">\n\t\t\t\t\t\t<div class=\"elementor-container elementor-column-gap-default\">\n\t\t\t\t\t<div class=\"elementor-column elementor-col-100 elementor-top-column elementor-element elementor-element-a09e360\" data-id=\"a09e360\" data-element_type=\"column\" data-e-type=\"column\">\n\t\t\t<div class=\"elementor-widget-wrap elementor-element-populated\">\n\t\t\t\t\t\t<div class=\"elementor-element elementor-element-a6b1a97 elementor-widget elementor-widget-heading\" data-id=\"a6b1a97\" data-element_type=\"widget\" data-e-type=\"widget\" data-widget_type=\"heading.default\">\n\t\t\t\t<div class=\"elementor-widget-container\">\n\t\t\t\t\t<h1 class=\"elementor-heading-title elementor-size-default\">Sivil Alan De\u011fi\u015fim \u0130nisiyatifi Ba\u015fvuru Formu<\/h1>\t\t\t\t<\/div>\n\t\t\t\t<\/div>\n\t\t\t\t\t<\/div>\n\t\t<\/div>\n\t\t\t\t\t<\/div>\n\t\t<\/section>\n\t\t\t\t<section class=\"elementor-section elementor-top-section elementor-element elementor-element-5704e0a elementor-section-boxed elementor-section-height-default elementor-section-height-default\" data-id=\"5704e0a\" data-element_type=\"section\" data-e-type=\"section\" data-settings=\"{&quot;_ha_eqh_enable&quot;:false}\">\n\t\t\t\t\t\t<div class=\"elementor-container elementor-column-gap-default\">\n\t\t\t\t\t<div class=\"elementor-column elementor-col-100 elementor-top-column elementor-element elementor-element-02d45de\" data-id=\"02d45de\" data-element_type=\"column\" data-e-type=\"column\">\n\t\t\t<div class=\"elementor-widget-wrap elementor-element-populated\">\n\t\t\t\t\t\t<div class=\"elementor-element elementor-element-a319825 elementor-widget elementor-widget-text-editor\" data-id=\"a319825\" data-element_type=\"widget\" data-e-type=\"widget\" data-widget_type=\"text-editor.default\">\n\t\t\t\t<div class=\"elementor-widget-container\">\n\t\t\t\t\t\t\t\t\t<iframe src=\"https:\/\/form.jotform.com\/civicspace\/exchangeinitiative\" height=\"2000px\" frameborder=\"0\" marginwidth=\"0\" marginheight=\"0\">Loading\u2026<\/iframe>\t\t\t\t\t\t\t\t<\/div>\n\t\t\t\t<\/div>\n\t\t\t\t\t<\/div>\n\t\t<\/div>\n\t\t\t\t\t<\/div>\n\t\t<\/section>\n\t\t\t\t<\/div>","protected":false},"excerpt":{"rendered":"<p>Sivil Alan De\u011fi\u015fim \u0130nisiyatifi Ba\u015fvuru Formu Loading\u2026<\/p>","protected":false},"author":11,"featured_media":0,"parent":0,"menu_order":0,"comment_status":"closed","ping_status":"closed","template":"","meta":{"_acf_changed":false,"footnotes":""},"class_list":["post-6853","page","type-page","status-publish","hentry"],"acf":[],"_links":{"self":[{"href":"https:\/\/civicspace.eu\/en\/wp-json\/wp\/v2\/pages\/6853","targetHints":{"allow":["GET"]}}],"collection":[{"href":"https:\/\/civicspace.eu\/en\/wp-json\/wp\/v2\/pages"}],"about":[{"href":"https:\/\/civicspace.eu\/en\/wp-json\/wp\/v2\/types\/page"}],"author":[{"embeddable":true,"href":"https:\/\/civicspace.eu\/en\/wp-json\/wp\/v2\/users\/11"}],"replies":[{"embeddable":true,"href":"https:\/\/civicspace.eu\/en\/wp-json\/wp\/v2\/comments?post=6853"}],"version-history":[{"count":7,"href":"https:\/\/civicspace.eu\/en\/wp-json\/wp\/v2\/pages\/6853\/revisions"}],"predecessor-version":[{"id":7002,"href":"https:\/\/civicspace.eu\/en\/wp-json\/wp\/v2\/pages\/6853\/revisions\/7002"}],"wp:attachment":[{"href":"https:\/\/civicspace.eu\/en\/wp-json\/wp\/v2\/media?parent=6853"}],"curies":[{"name":"wp","href":"https:\/\/api.w.org\/{rel}","templated":true}]}}