{"id":259,"date":"2021-06-21T14:18:50","date_gmt":"2021-06-21T11:18:50","guid":{"rendered":"https:\/\/cagrioner.com\/sivilalan\/?page_id=259"},"modified":"2021-06-21T14:25:51","modified_gmt":"2021-06-21T11:25:51","slug":"under-construction","status":"publish","type":"page","link":"https:\/\/civicspace.eu\/gr\/under-construction\/","title":{"rendered":"Under construction"},"content":{"rendered":"<blockquote class=\"wp-block-quote is-layout-flow wp-block-quote-is-layout-flow\"><p>UNDER CONSTRUCTION<\/p><\/blockquote>\n\n\n\n<p>Thank you for your patience.<\/p>\n\n\n\n<p>\u00c7a\u011fr\u0131 \u00d6ner<\/p>","protected":false},"excerpt":{"rendered":"<p>UNDER CONSTRUCTION Thank you for your patience. \u00c7a\u011fr\u0131 \u00d6ner<\/p>","protected":false},"author":11,"featured_media":0,"parent":0,"menu_order":0,"comment_status":"closed","ping_status":"closed","template":"","meta":{"_acf_changed":false,"footnotes":""},"class_list":["post-259","page","type-page","status-publish","hentry"],"acf":[],"_links":{"self":[{"href":"https:\/\/civicspace.eu\/gr\/wp-json\/wp\/v2\/pages\/259","targetHints":{"allow":["GET"]}}],"collection":[{"href":"https:\/\/civicspace.eu\/gr\/wp-json\/wp\/v2\/pages"}],"about":[{"href":"https:\/\/civicspace.eu\/gr\/wp-json\/wp\/v2\/types\/page"}],"author":[{"embeddable":true,"href":"https:\/\/civicspace.eu\/gr\/wp-json\/wp\/v2\/users\/11"}],"replies":[{"embeddable":true,"href":"https:\/\/civicspace.eu\/gr\/wp-json\/wp\/v2\/comments?post=259"}],"version-history":[{"count":2,"href":"https:\/\/civicspace.eu\/gr\/wp-json\/wp\/v2\/pages\/259\/revisions"}],"predecessor-version":[{"id":266,"href":"https:\/\/civicspace.eu\/gr\/wp-json\/wp\/v2\/pages\/259\/revisions\/266"}],"wp:attachment":[{"href":"https:\/\/civicspace.eu\/gr\/wp-json\/wp\/v2\/media?parent=259"}],"curies":[{"name":"wp","href":"https:\/\/api.w.org\/{rel}","templated":true}]}}