{"id":2928,"date":"2021-08-31T16:07:05","date_gmt":"2021-08-31T13:07:05","guid":{"rendered":"https:\/\/cagrioner.com\/civicspace\/?page_id=2928"},"modified":"2021-09-02T12:37:38","modified_gmt":"2021-09-02T09:37:38","slug":"egitim-ve-kocluk","status":"publish","type":"page","link":"https:\/\/civicspace.eu\/gr\/egitim-ve-kocluk\/","title":{"rendered":"\u039a\u03b1\u03c4\u03ac\u03c1\u03c4\u03b9\u03c3\u03b7 \u03ba\u03b1\u03b9 Coaching"},"content":{"rendered":"<div data-elementor-type=\"wp-page\" data-elementor-id=\"2928\" class=\"elementor elementor-2928\" data-elementor-settings=\"{&quot;ha_cmc_init_switcher&quot;:&quot;no&quot;}\">\n\t\t\t\t\t\t<section class=\"elementor-section elementor-top-section elementor-element elementor-element-6d6bd611 elementor-section-stretched elementor-section-full_width elementor-section-height-min-height elementor-section-items-stretch hero_section elementor-section-height-default\" data-id=\"6d6bd611\" data-element_type=\"section\" data-e-type=\"section\" data-settings=\"{&quot;stretch_section&quot;:&quot;section-stretched&quot;,&quot;background_background&quot;:&quot;classic&quot;,&quot;_ha_eqh_enable&quot;:false}\">\n\t\t\t\t\t\t<div class=\"elementor-container elementor-column-gap-no\">\n\t\t\t\t\t<div class=\"elementor-column elementor-col-50 elementor-top-column elementor-element elementor-element-61ff6ea elementor-invisible\" data-id=\"61ff6ea\" data-element_type=\"column\" data-e-type=\"column\" data-settings=\"{&quot;background_background&quot;:&quot;classic&quot;,&quot;animation&quot;:&quot;fadeInLeft&quot;}\">\n\t\t\t<div class=\"elementor-widget-wrap elementor-element-populated\">\n\t\t\t\t\t\t<div class=\"elementor-element elementor-element-25511589 elementor-widget elementor-widget-heading\" data-id=\"25511589\" data-element_type=\"widget\" data-e-type=\"widget\" data-widget_type=\"heading.default\">\n\t\t\t\t<div class=\"elementor-widget-container\">\n\t\t\t\t\t<h1 class=\"elementor-heading-title elementor-size-default\">\u039a\u03b1\u03c4\u03ac\u03c1\u03c4\u03b9\u03c3\u03b7 \u03ba\u03b1\u03b9 Coaching<\/h1>\t\t\t\t<\/div>\n\t\t\t\t<\/div>\n\t\t\t\t\t<\/div>\n\t\t<\/div>\n\t\t\t\t<div class=\"elementor-column elementor-col-50 elementor-top-column elementor-element elementor-element-10e5bc48 elementor-hidden-phone\" data-id=\"10e5bc48\" data-element_type=\"column\" data-e-type=\"column\" data-settings=\"{&quot;background_background&quot;:&quot;classic&quot;}\">\n\t\t\t<div class=\"elementor-widget-wrap\">\n\t\t\t\t\t\t\t<\/div>\n\t\t<\/div>\n\t\t\t\t\t<\/div>\n\t\t<\/section>\n\t\t\t\t<section class=\"elementor-section elementor-top-section elementor-element elementor-element-2048da1 elementor-section-boxed elementor-section-height-default elementor-section-height-default\" data-id=\"2048da1\" data-element_type=\"section\" data-e-type=\"section\" data-settings=\"{&quot;animation&quot;:&quot;none&quot;,&quot;_ha_eqh_enable&quot;:false}\">\n\t\t\t\t\t\t<div class=\"elementor-container elementor-column-gap-default\">\n\t\t\t\t\t<div class=\"elementor-column elementor-col-100 elementor-top-column elementor-element elementor-element-1b8c6b32\" data-id=\"1b8c6b32\" data-element_type=\"column\" data-e-type=\"column\">\n\t\t\t<div class=\"elementor-widget-wrap elementor-element-populated\">\n\t\t\t\t\t\t<div class=\"elementor-element elementor-element-19d34937 elementor-view-default elementor-invisible elementor-widget elementor-widget-icon\" data-id=\"19d34937\" data-element_type=\"widget\" data-e-type=\"widget\" data-settings=\"{&quot;_animation&quot;:&quot;fadeInUp&quot;}\" data-widget_type=\"icon.default\">\n\t\t\t\t<div class=\"elementor-widget-container\">\n\t\t\t\t\t\t\t<div class=\"elementor-icon-wrapper\">\n\t\t\t<div class=\"elementor-icon\">\n\t\t\t<i aria-hidden=\"true\" class=\"icon icon-diploma\"><\/i>\t\t\t<\/div>\n\t\t<\/div>\n\t\t\t\t\t\t<\/div>\n\t\t\t\t<\/div>\n\t\t\t\t\t<\/div>\n\t\t<\/div>\n\t\t\t\t\t<\/div>\n\t\t<\/section>\n\t\t\t\t<section class=\"elementor-section elementor-top-section elementor-element elementor-element-13f9240c elementor-section-boxed elementor-section-height-default elementor-section-height-default elementor-invisible\" data-id=\"13f9240c\" data-element_type=\"section\" data-e-type=\"section\" data-settings=\"{&quot;animation&quot;:&quot;fadeInUp&quot;,&quot;_ha_eqh_enable&quot;:false}\">\n\t\t\t\t\t\t<div class=\"elementor-container elementor-column-gap-default\">\n\t\t\t\t\t<div class=\"elementor-column elementor-col-100 elementor-top-column elementor-element elementor-element-6a6f81f9\" data-id=\"6a6f81f9\" data-element_type=\"column\" data-e-type=\"column\">\n\t\t\t<div class=\"elementor-widget-wrap elementor-element-populated\">\n\t\t\t\t\t\t<div class=\"elementor-element elementor-element-2ca30ebb elementor-widget elementor-widget-heading\" data-id=\"2ca30ebb\" data-element_type=\"widget\" data-e-type=\"widget\" data-widget_type=\"heading.default\">\n\t\t\t\t<div class=\"elementor-widget-container\">\n\t\t\t\t\t<h1 class=\"elementor-heading-title elementor-size-default\">\u03c4\u03b9 \u03b5\u03af\u03bd\u03b1\u03b9 \u039a\u03b1\u03c4\u03ac\u03c1\u03c4\u03b9\u03c3\u03b7 \u03ba\u03b1\u03b9 Coaching;<\/h1>\t\t\t\t<\/div>\n\t\t\t\t<\/div>\n\t\t\t\t\t<\/div>\n\t\t<\/div>\n\t\t\t\t\t<\/div>\n\t\t<\/section>\n\t\t\t\t<section class=\"elementor-section elementor-top-section elementor-element elementor-element-53407b72 elementor-section-boxed elementor-section-height-default elementor-section-height-default elementor-invisible\" data-id=\"53407b72\" data-element_type=\"section\" data-e-type=\"section\" data-settings=\"{&quot;animation&quot;:&quot;fadeIn&quot;,&quot;_ha_eqh_enable&quot;:false}\">\n\t\t\t\t\t\t<div class=\"elementor-container elementor-column-gap-default\">\n\t\t\t\t\t<div class=\"elementor-column elementor-col-100 elementor-top-column elementor-element elementor-element-1561ce53\" data-id=\"1561ce53\" data-element_type=\"column\" data-e-type=\"column\">\n\t\t\t<div class=\"elementor-widget-wrap elementor-element-populated\">\n\t\t\t\t\t\t<div class=\"elementor-element elementor-element-33ca3d94 elementor-widget-divider--view-line_icon elementor-view-default elementor-widget-divider--element-align-center elementor-widget elementor-widget-divider\" data-id=\"33ca3d94\" data-element_type=\"widget\" data-e-type=\"widget\" data-widget_type=\"divider.default\">\n\t\t\t\t<div class=\"elementor-widget-container\">\n\t\t\t\t\t\t\t<div class=\"elementor-divider\">\n\t\t\t<span class=\"elementor-divider-separator\">\n\t\t\t\t\t\t\t<div class=\"elementor-icon elementor-divider__element\">\n\t\t\t\t\t<i aria-hidden=\"true\" class=\"icon icon-sun\"><\/i><\/div>\n\t\t\t\t\t\t<\/span>\n\t\t<\/div>\n\t\t\t\t\t\t<\/div>\n\t\t\t\t<\/div>\n\t\t\t\t\t<\/div>\n\t\t<\/div>\n\t\t\t\t\t<\/div>\n\t\t<\/section>\n\t\t\t\t<section class=\"elementor-section elementor-top-section elementor-element elementor-element-83324f3 elementor-section-boxed elementor-section-height-default elementor-section-height-default elementor-invisible\" data-id=\"83324f3\" data-element_type=\"section\" data-e-type=\"section\" data-settings=\"{&quot;animation&quot;:&quot;fadeInUp&quot;,&quot;_ha_eqh_enable&quot;:false}\">\n\t\t\t\t\t\t<div class=\"elementor-container elementor-column-gap-default\">\n\t\t\t\t\t<div class=\"elementor-column elementor-col-100 elementor-top-column elementor-element elementor-element-a455723\" data-id=\"a455723\" data-element_type=\"column\" data-e-type=\"column\">\n\t\t\t<div class=\"elementor-widget-wrap elementor-element-populated\">\n\t\t\t\t\t\t<div class=\"elementor-element elementor-element-2a1622a elementor-widget elementor-widget-text-editor\" data-id=\"2a1622a\" data-element_type=\"widget\" data-e-type=\"widget\" data-widget_type=\"text-editor.default\">\n\t\t\t\t<div class=\"elementor-widget-container\">\n\t\t\t\t\t\t\t\t\t<p style=\"text-align: center;\">\u0393\u03b9\u03b1 \u03c4\u03b7 \u03c3\u03c4\u03ae\u03c1\u03b9\u03be\u03b7 \u03c4\u03c9\u03bd \u03ba\u03c5\u03c0\u03c1\u03b9\u03b1\u03ba\u03ce\u03bd \u039f\u039a\u03a0, \u03c4\u03bf Civic Space \u03c0\u03b1\u03c1\u03ad\u03c7\u03b5\u03b9 \u03c4\u03b9\u03c2 \u03b1\u03c0\u03b1\u03c1\u03b1\u03af\u03c4\u03b7\u03c4\u03b5\u03c2 \u03b3\u03bd\u03ce\u03c3\u03b5\u03b9\u03c2 \u03ba\u03b1\u03b9 \u03b4\u03b5\u03be\u03b9\u03cc\u03c4\u03b7\u03c4\u03b5\u03c2 \u03c3\u03b5 \u03b4\u03b9\u03ac\u03c6\u03bf\u03c1\u03b1 \u03b8\u03ad\u03bc\u03b1\u03c4\u03b1 \u03b1\u03bd\u03ac\u03c0\u03c4\u03c5\u03be\u03b7\u03c2 \u03b4\u03c5\u03bd\u03b1\u03c4\u03bf\u03c4\u03ae\u03c4\u03c9\u03bd, \u03ce\u03c3\u03c4\u03b5 \u03bd\u03b1 \u03ba\u03b1\u03c4\u03b1\u03c3\u03c4\u03bf\u03cd\u03bd \u03c0\u03b9\u03bf \u03b1\u03c0\u03bf\u03c4\u03b5\u03bb\u03b5\u03c3\u03bc\u03b1\u03c4\u03b9\u03ba\u03ad\u03c2 \u03ba\u03b1\u03b9 \u03b2\u03b9\u03ce\u03c3\u03b9\u03bc\u03b5\u03c2 \u03ba\u03b1\u03b9 \u03bd\u03b1 \u03b5\u03bd\u03b9\u03c3\u03c7\u03cd\u03c3\u03bf\u03c5\u03bd \u03c4\u03b9\u03c2 \u03b4\u03c5\u03bd\u03b1\u03c4\u03cc\u03c4\u03b7\u03c4\u03ad\u03c2 \u03c4\u03bf\u03c5\u03c2 \u03b3\u03b9\u03b1 \u03c4\u03b7\u03bd \u03ba\u03b1\u03bb\u03cd\u03c4\u03b5\u03c1\u03b7 \u03b4\u03b9\u03b1\u03c4\u03cd\u03c0\u03c9\u03c3\u03b7 \u03c4\u03c9\u03bd \u03b1\u03bd\u03b7\u03c3\u03c5\u03c7\u03b9\u03ce\u03bd \u03c4\u03c9\u03bd \u03c0\u03bf\u03bb\u03b9\u03c4\u03ce\u03bd, \u03c4\u03b7\u03bd \u03c0\u03c1\u03bf\u03ce\u03b8\u03b7\u03c3\u03b7 \u03c4\u03b7\u03c2 \u03b4\u03b7\u03bc\u03bf\u03ba\u03c1\u03b1\u03c4\u03af\u03b1\u03c2, \u03c4\u03c9\u03bd \u03b1\u03bd\u03b8\u03c1\u03c9\u03c0\u03af\u03bd\u03c9\u03bd \u03b4\u03b9\u03ba\u03b1\u03b9\u03c9\u03bc\u03ac\u03c4\u03c9\u03bd \u03ba\u03b1\u03b9 \u03c4\u03b7\u03c2 \u03b5\u03b9\u03c1\u03ae\u03bd\u03b7\u03c2.<\/p>\t\t\t\t\t\t\t\t<\/div>\n\t\t\t\t<\/div>\n\t\t\t\t\t<\/div>\n\t\t<\/div>\n\t\t\t\t\t<\/div>\n\t\t<\/section>\n\t\t\t\t<section class=\"elementor-section elementor-top-section elementor-element elementor-element-44bca47b elementor-section-boxed elementor-section-height-default elementor-section-height-default elementor-invisible\" data-id=\"44bca47b\" data-element_type=\"section\" data-e-type=\"section\" data-settings=\"{&quot;animation&quot;:&quot;fadeInUp&quot;,&quot;_ha_eqh_enable&quot;:false}\">\n\t\t\t\t\t\t<div class=\"elementor-container elementor-column-gap-default\">\n\t\t\t\t\t<div class=\"elementor-column elementor-col-100 elementor-top-column elementor-element elementor-element-208a1ae\" data-id=\"208a1ae\" data-element_type=\"column\" data-e-type=\"column\">\n\t\t\t<div class=\"elementor-widget-wrap elementor-element-populated\">\n\t\t\t\t\t\t<div class=\"elementor-element elementor-element-1d52d308 elementor-widget elementor-widget-eael-adv-accordion\" data-id=\"1d52d308\" data-element_type=\"widget\" data-e-type=\"widget\" data-widget_type=\"eael-adv-accordion.default\">\n\t\t\t\t<div class=\"elementor-widget-container\">\n\t\t\t\t\t            <div class=\"eael-adv-accordion\" id=\"eael-adv-accordion-1d52d308\" data-scroll-on-click=\"no\" data-scroll-speed=\"300\" data-accordion-id=\"1d52d308\" data-accordion-type=\"accordion\" data-toogle-speed=\"300\">\n            <div class=\"eael-accordion-list\">\n\t\t\t\t\t<div id=\"imdiye-kadar-neler-yaptk-\" class=\"elementor-tab-title eael-accordion-header\" tabindex=\"0\" data-tab=\"1\" aria-controls=\"elementor-tab-content-4911\"><span class=\"eael-advanced-accordion-icon-closed\"><i aria-hidden=\"true\" class=\"fa-accordion-icon icon icon-history\"><\/i><\/span><span class=\"eael-advanced-accordion-icon-opened\"><i aria-hidden=\"true\" class=\"fa-accordion-icon fas fa-minus\"><\/i><\/span><span class=\"eael-accordion-tab-title\">\u03a4\u03b9 \u03ad\u03c7\u03bf\u03c5\u03bc\u03b5 \u03ba\u03ac\u03bd\u03b5\u03b9 \u03bc\u03ad\u03c7\u03c1\u03b9 \u03c4\u03ce\u03c1\u03b1; <\/span><i aria-hidden=\"true\" class=\"fa-toggle fas fa-angle-right\"><\/i><\/div><div id=\"elementor-tab-content-4911\" class=\"eael-accordion-content clearfix\" data-tab=\"1\" aria-labelledby=\"imdiye-kadar-neler-yaptk-\"><p>Ger\u00e7ekle\u015ftirilen kapsaml\u0131 bir ihtiya\u00e7 de\u011ferlendirme \u00e7al\u0131\u015fmas\u0131 ve \u00e7ok say\u0131daki e\u011fitim ihtiya\u00e7lar\u0131 anketleri temelinde Sivil Alan \u015fu ana kadar a\u015fa\u011f\u0131daki konularda toplamda 31 e\u011fitim ger\u00e7ekle\u015ftirmi\u015ftir: \u015feffafl\u0131k ve hesap verebilirlik; savunuculuk; g\u00f6n\u00fcll\u00fclerle \u00e7al\u0131\u015fmak; proje tasar\u0131m\u0131; dijital aktivizm; dijital i\u00e7erik haz\u0131rlama ve dijital g\u00fcvenlik; kaynak geli\u015ftirme; ileti\u015fim stratejisi ve dijital ara\u00e7lar; sosyal medya y\u00f6netimi; hak temelli izleme faaliyetleri, raporlama ve savunuculuk; arabuluculuk ve problem \u00e7\u00f6zme; izleme ve de\u011ferlendirme ama\u00e7l\u0131 mant\u0131ksal \u00e7er\u00e7eve; kolayla\u015ft\u0131rma ve ment\u00f6rl\u00fck becerileri; kurumsal sosyal sorumluluk; S\u00fcrd\u00fcr\u00fclebilir Kalk\u0131nma Ama\u00e7lar\u0131 (SKA&#8217;lar).<\/p><p>Lefko\u015fa\/Nicosia, Ma\u011fusa\/Famagusta, Lefke\/Lefka ve G\u00fczelyurt&#8217;ta\/Morphou d\u00fczenlenen e\u011fitimler olduk\u00e7a olumlu kar\u015f\u0131lanm\u0131\u015f, kat\u0131l\u0131mc\u0131lar\u0131n %93&#8217;\u00fc memnun kald\u0131klar\u0131n\u0131 ve faydaland\u0131klar\u0131n\u0131 ifade etmi\u015flerdir.\u00a0<\/p><p>\u0393\u03b9\u03b1 \u03c4\u03b7\u03bd \u03c0\u03b5\u03c1\u03b1\u03b9\u03c4\u03ad\u03c1\u03c9 \u03b5\u03bc\u03b2\u03ac\u03b8\u03c5\u03bd\u03c3\u03b7 \u03c4\u03c9\u03bd \u03b4\u03b5\u03be\u03b9\u03bf\u03c4\u03ae\u03c4\u03c9\u03bd \u03ba\u03b1\u03b9 \u03c4\u03c9\u03bd \u03b3\u03bd\u03ce\u03c3\u03b5\u03c9\u03bd \u03c0\u03bf\u03c5 \u03b1\u03c0\u03bf\u03ba\u03c4\u03ae\u03b8\u03b7\u03ba\u03b1\u03bd \u03ba\u03b1\u03c4\u03ac \u03c4\u03b7 \u03b4\u03b9\u03ac\u03c1\u03ba\u03b5\u03b9\u03b1 \u03c4\u03b7\u03c2 \u03ba\u03b1\u03c4\u03ac\u03c1\u03c4\u03b9\u03c3\u03b7\u03c2, \u03c4\u03bf Civic Space \u03c0\u03c1\u03bf\u03c3\u03c6\u03ad\u03c1\u03b5\u03b9 \u03b5\u03be\u03b1\u03c4\u03bf\u03bc\u03b9\u03ba\u03b5\u03c5\u03bc\u03ad\u03bd\u03b5\u03c2 \u03c3\u03c5\u03bd\u03b5\u03b4\u03c1\u03af\u03b5\u03c2 coaching \u03bc\u03b5\u03c4\u03ac \u03c4\u03b7\u03bd \u03ba\u03b1\u03c4\u03ac\u03c1\u03c4\u03b9\u03c3\u03b7. \u039c\u03ad\u03c7\u03c1\u03b9 \u03c3\u03c4\u03b9\u03b3\u03bc\u03ae\u03c2, \u03ad\u03c7\u03b5\u03b9 \u03c0\u03b1\u03c1\u03b1\u03c3\u03c7\u03b5\u03b8\u03b5\u03af \u03b5\u03be\u03b1\u03c4\u03bf\u03bc\u03b9\u03ba\u03b5\u03c5\u03bc\u03ad\u03bd\u03b7 \u03c3\u03c4\u03ae\u03c1\u03b9\u03be\u03b7 coaching \u03bc\u03b5\u03c4\u03ac \u03b1\u03c0\u03cc 10 \u03c3\u03b5\u03bc\u03b9\u03bd\u03ac\u03c1\u03b9\u03b1 \u03ba\u03b1\u03c4\u03ac\u03c1\u03c4\u03b9\u03c3\u03b7\u03c2 \u03c0\u03bf\u03c5 \u03c0\u03c1\u03b1\u03b3\u03bc\u03b1\u03c4\u03bf\u03c0\u03bf\u03b9\u03ae\u03b8\u03b7\u03ba\u03b1\u03bd \u03b1\u03c0\u03cc \u03c4\u03bf Civic Space \u03c3\u03b5 \u03c3\u03c5\u03bc\u03bc\u03b5\u03c4\u03ad\u03c7\u03bf\u03bd\u03c4\u03b5\u03c2 \u03c0\u03bf\u03c5 \u03b6\u03ae\u03c4\u03b7\u03c3\u03b1\u03bd \u03b1\u03c5\u03c4\u03ae \u03c4\u03b7\u03bd \u03c3\u03c4\u03ae\u03c1\u03b9\u03be\u03b7.\u00a0<\/p><\/div>\n\t\t\t\t\t<\/div><div class=\"eael-accordion-list\">\n\t\t\t\t\t<div id=\"sonular\" class=\"elementor-tab-title eael-accordion-header\" tabindex=\"0\" data-tab=\"2\" aria-controls=\"elementor-tab-content-4912\"><span class=\"eael-advanced-accordion-icon-closed\"><i aria-hidden=\"true\" class=\"fa-accordion-icon icon icon-target-2\"><\/i><\/span><span class=\"eael-advanced-accordion-icon-opened\"><i aria-hidden=\"true\" class=\"fa-accordion-icon fas fa-minus\"><\/i><\/span><span class=\"eael-accordion-tab-title\">\u0391\u03c0\u03bf\u03c4\u03b5\u03bb\u03ad\u03c3\u03bc\u03b1\u03c4\u03b1<\/span><i aria-hidden=\"true\" class=\"fa-toggle fas fa-angle-right\"><\/i><\/div><div id=\"elementor-tab-content-4912\" class=\"eael-accordion-content clearfix\" data-tab=\"2\" aria-labelledby=\"sonular\"><ul><li>31 \u03c3\u03b5\u03bc\u03b9\u03bd\u03ac\u03c1\u03b9\u03b1 \u03ba\u03b1\u03c4\u03ac\u03c1\u03c4\u03b9\u03c3\u03b7\u03c2<\/li><li>133 ST\u00d6&#8217;den 506 kat\u0131l\u0131mc\u0131<\/li><li>17 \u039f\u039a\u03a0 \u03ad\u03bb\u03b1\u03b2\u03b1\u03bd \u03b5\u03be\u03b1\u03c4\u03bf\u03bc\u03b9\u03ba\u03b5\u03c5\u03bc\u03ad\u03bd\u03bf Coaching<\/li><li>6 \u03b1\u03bd\u03b1\u03bb\u03c5\u03c4\u03b9\u03ba\u03ac \u03c0\u03c1\u03bf\u03b3\u03c1\u03ac\u03bc\u03bc\u03b1\u03c4\u03b1 \u03ba\u03b1\u03c4\u03ac\u03c1\u03c4\u03b9\u03c3\u03b7\u03c2 \u03ba\u03b1\u03b9 \u03b5\u03b3\u03c7\u03b5\u03b9\u03c1\u03af\u03b4\u03b9\u03b1\/\u03ad\u03b3\u03b3\u03c1\u03b1\u03c6\u03b1 \u03b4\u03b9\u03b1\u03b8\u03ad\u03c3\u03b9\u03bc\u03b1 \u03c3\u03c4\u03b7\u03bd \u03a4\u03bf\u03c5\u03c1\u03ba\u03b9\u03ba\u03ae \u03ba\u03b1\u03b9\/\u03ae \u0391\u03b3\u03b3\u03bb\u03b9\u03ba\u03ae \u03b3\u03bb\u03ce\u03c3\u03c3\u03b1\u00a0<\/li><\/ul><\/div>\n\t\t\t\t\t<\/div><div class=\"eael-accordion-list\">\n\t\t\t\t\t<div id=\"yaklaan-etkinlikler-ve-koluk-frsatlar\" class=\"elementor-tab-title eael-accordion-header\" tabindex=\"0\" data-tab=\"3\" aria-controls=\"elementor-tab-content-4913\"><span class=\"eael-advanced-accordion-icon-closed\"><i aria-hidden=\"true\" class=\"fa-accordion-icon icon icon-calendar\"><\/i><\/span><span class=\"eael-advanced-accordion-icon-opened\"><i aria-hidden=\"true\" class=\"fa-accordion-icon fas fa-minus\"><\/i><\/span><span class=\"eael-accordion-tab-title\">\u03a0\u03c1\u03bf\u03c3\u03b5\u03c7\u03ae \u03c3\u03b5\u03bc\u03b9\u03bd\u03ac\u03c1\u03b9\u03b1 \u03ba\u03b1\u03c4\u03ac\u03c1\u03c4\u03b9\u03c3\u03b7\u03c2 \u03ba\u03b1\u03b9 \u03b5\u03c5\u03ba\u03b1\u03b9\u03c1\u03af\u03b5\u03c2 coaching<\/span><i aria-hidden=\"true\" class=\"fa-toggle fas fa-angle-right\"><\/i><\/div><div id=\"elementor-tab-content-4913\" class=\"eael-accordion-content clearfix\" data-tab=\"3\" aria-labelledby=\"yaklaan-etkinlikler-ve-koluk-frsatlar\"><p>Sivil Alan, Haziran 2023&#8217;e kadar kapasite geli\u015ftirme ve tematik konularda e\u011fitimler d\u00fczenlemeye devam edecektir.<\/p><p>\u0395\u03bd\u03b4\u03b5\u03b9\u03ba\u03c4\u03b9\u03ba\u03cc\u03c2 \u03ba\u03b1\u03c4\u03ac\u03bb\u03bf\u03b3\u03bf\u03c2 \u03c4\u03c9\u03bd \u03c0\u03c1\u03bf\u03b3\u03c1\u03b1\u03bc\u03bc\u03ac\u03c4\u03c9\u03bd \u03ba\u03b1\u03c4\u03ac\u03c1\u03c4\u03b9\u03c3\u03b7\u03c2 \u03b3\u03b9\u03b1 \u03c4\u03b7\u03bd \u03b1\u03bd\u03ac\u03c0\u03c4\u03c5\u03be\u03b7 \u03b4\u03c5\u03bd\u03b1\u03c4\u03bf\u03c4\u03ae\u03c4\u03c9\u03bd \u03c0\u03bf\u03c5 \u03b8\u03b1 \u03c0\u03c1\u03b1\u03b3\u03bc\u03b1\u03c4\u03bf\u03c0\u03bf\u03b9\u03b7\u03b8\u03bf\u03cd\u03bd \u03bc\u03c0\u03bf\u03c1\u03b5\u03af \u03bd\u03b1 \u03b5\u03af\u03bd\u03b1\u03b9 \u03bf \u03b1\u03ba\u03cc\u03bb\u03bf\u03c5\u03b8\u03bf\u03c2:<\/p><ul><li>\u03a5\u03c0\u03b5\u03c1\u03ac\u03c3\u03c0\u03b9\u03c3\u03b7 (\u03c5\u03c0\u03bf\u03c3\u03c4\u03ae\u03c1\u03b9\u03be\u03b7)<\/li><li>\u039f\u03c1\u03b3\u03b1\u03bd\u03c9\u03c4\u03b9\u03ba\u03ae \u03b4\u03b9\u03b1\u03ba\u03c5\u03b2\u03ad\u03c1\u03bd\u03b7\u03c3\u03b7 \u03ba\u03b1\u03b9 \u03b4\u03b9\u03b1\u03c7\u03b5\u03af\u03c1\u03b9\u03c3\u03b7<\/li><li>\u0395\u03c1\u03b3\u03b1\u03bb\u03b5\u03af\u03b1 \u03b5\u03ba\u03c3\u03c4\u03c1\u03b1\u03c4\u03b5\u03af\u03b1\u03c2 \u03ba\u03b1\u03b9 \u03b4\u03b9\u03b1\u03c7\u03b5\u03af\u03c1\u03b9\u03c3\u03b7<\/li><li>\u0391\u03bd\u03ac\u03c0\u03c4\u03c5\u03be\u03b7 \u03c0\u03bf\u03bb\u03b9\u03c4\u03b9\u03ba\u03ce\u03bd \u03ba\u03b1\u03b9 \u03c3\u03c5\u03bc\u03bc\u03b5\u03c4\u03bf\u03c7\u03ae<\/li><li>\u03a0\u03b1\u03c1\u03b1\u03ba\u03bf\u03bb\u03bf\u03cd\u03b8\u03b7\u03c3\u03b7 \u03c4\u03b7\u03c2 \u03c0\u03bf\u03bb\u03b9\u03c4\u03b9\u03ba\u03ae\u03c2 \u03ba\u03b1\u03b9 \u03c4\u03bf\u03c5 \u03c0\u03c1\u03bf\u03cb\u03c0\u03bf\u03bb\u03bf\u03b3\u03b9\u03c3\u03bc\u03bf\u03cd \u03ba\u03b1\u03b9 \u03c5\u03c0\u03bf\u03b2\u03bf\u03bb\u03ae \u03b5\u03ba\u03b8\u03ad\u03c3\u03b5\u03c9\u03bd<\/li><li>\u03a3\u03c4\u03c1\u03b1\u03c4\u03b7\u03b3\u03b9\u03ba\u03ae \u03b5\u03c0\u03b9\u03ba\u03bf\u03b9\u03bd\u03c9\u03bd\u03af\u03b1 \u03ba\u03b1\u03b9 \u03b5\u03c1\u03b3\u03b1\u03bb\u03b5\u03af\u03b1<\/li><li>\u0394\u03b9\u03b1\u03c7\u03b5\u03af\u03c1\u03b9\u03c3\u03b7 \u03c3\u03c5\u03b3\u03ba\u03c1\u03bf\u03cd\u03c3\u03b5\u03c9\u03bd \u03ba\u03b1\u03b9 \u03b5\u03c0\u03af\u03bb\u03c5\u03c3\u03b7 \u03c0\u03c1\u03bf\u03b2\u03bb\u03b7\u03bc\u03ac\u03c4\u03c9\u03bd<\/li><li>\u0394\u03b5\u03be\u03b9\u03cc\u03c4\u03b7\u03c4\u03b5\u03c2 \u03ba\u03b1\u03c4\u03ac\u03c1\u03c4\u03b9\u03c3\u03b7\u03c2 \u03ba\u03b1\u03b9 \u03c3\u03c5\u03bd\u03c4\u03bf\u03bd\u03b9\u03c3\u03bc\u03bf\u03cd<\/li><li>\u0394\u03b9\u03b1\u03b4\u03b9\u03ba\u03c4\u03c5\u03b1\u03ba\u03ae \u03bc\u03ac\u03b8\u03b7\u03c3\u03b7, \u03c0\u03ce\u03c2 \u03bd\u03b1 \u03c3\u03c7\u03b5\u03b4\u03b9\u03ac\u03c3\u03b5\u03c4\u03b5 \u03b4\u03b9\u03b1\u03b4\u03b9\u03ba\u03c4\u03c5\u03b1\u03ba\u03ac \u03bc\u03b1\u03b8\u03b7\u03c3\u03b9\u03b1\u03ba\u03ac \u03c0\u03b5\u03c1\u03b9\u03b2\u03ac\u03bb\u03bb\u03bf\u03bd\u03c4\u03b1<\/li><li>\u03a0\u03b1\u03c1\u03b1\u03ba\u03bf\u03bb\u03bf\u03cd\u03b8\u03b7\u03c3\u03b7, \u03b1\u03be\u03b9\u03bf\u03bb\u03cc\u03b3\u03b7\u03c3\u03b7 \u03ba\u03b1\u03b9 \u03b1\u03bd\u03ac\u03bb\u03c5\u03c3\u03b7 \u03b1\u03bd\u03c4\u03b9\u03ba\u03c4\u03cd\u03c0\u03bf\u03c5.<\/li><\/ul><p>\u0395\u03bd\u03b4\u03b5\u03b9\u03ba\u03c4\u03b9\u03ba\u03cc\u03c2 \u03ba\u03b1\u03c4\u03ac\u03bb\u03bf\u03b3\u03bf\u03c2 \u03c4\u03c9\u03bd \u03b8\u03b5\u03bc\u03b1\u03c4\u03b9\u03ba\u03ce\u03bd \u03c3\u03b5\u03bc\u03b9\u03bd\u03b1\u03c1\u03af\u03c9\u03bd \u03ba\u03b1\u03c4\u03ac\u03c1\u03c4\u03b9\u03c3\u03b7\u03c2 \u03c0\u03bf\u03c5 \u03b8\u03b1 \u03c0\u03c1\u03b1\u03b3\u03bc\u03b1\u03c4\u03bf\u03c0\u03bf\u03b9\u03b7\u03b8\u03bf\u03cd\u03bd:<\/p><ul><li>\u03a0\u03b1\u03c1\u03b1\u03ba\u03bf\u03bb\u03bf\u03cd\u03b8\u03b7\u03c3\u03b7 \u03c4\u03c9\u03bd \u03b1\u03bd\u03b8\u03c1\u03c9\u03c0\u03af\u03bd\u03c9\u03bd \u03b4\u03b9\u03ba\u03b1\u03b9\u03c9\u03bc\u03ac\u03c4\u03c9\u03bd \u03ba\u03b1\u03b9 \u03c5\u03c0\u03bf\u03b2\u03bf\u03bb\u03ae \u03b5\u03ba\u03b8\u03ad\u03c3\u03b5\u03c9\u03bd \u03b2\u03ac\u03c3\u03b5\u03b9 \u03b4\u03b9\u03b5\u03b8\u03bd\u03ce\u03bd \u03c3\u03c5\u03bc\u03b2\u03ac\u03c3\u03b5\u03c9\u03bd.<\/li><li>\u03a0\u03bf\u03bb\u03b9\u03c4\u03b9\u03ba\u03ae \u03ba\u03b1\u03b9 \u03b5\u03c1\u03b3\u03b1\u03c3\u03af\u03b1 \u03b3\u03b9\u03b1 \u03c4\u03b7 \u03bd\u03b5\u03bf\u03bb\u03b1\u03af\u03b1<\/li><li>SKA&#8217;lar\u0131n ana ak\u0131mla\u015ft\u0131r\u0131lmas\u0131, SKA&#8217;lara y\u00f6nelik savunuculuk, izleme ve raporlama<\/li><li>\u0395\u03c4\u03b1\u03b9\u03c1\u03b9\u03ba\u03ae \u03ba\u03bf\u03b9\u03bd\u03c9\u03bd\u03b9\u03ba\u03ae \u03b5\u03c5\u03b8\u03cd\u03bd\u03b7 (\u0395\u039a\u0395)<\/li><li>\u0394\u03b9\u03b5\u03b8\u03bd\u03ad\u03c2 \u03c0\u03bb\u03b1\u03af\u03c3\u03b9\u03bf \u03b3\u03b9\u03b1 \u03c4\u03b7\u03bd \u03c0\u03c1\u03bf\u03c3\u03c4\u03b1\u03c3\u03af\u03b1, \u03c0\u03b1\u03c1\u03b1\u03ba\u03bf\u03bb\u03bf\u03cd\u03b8\u03b7\u03c3\u03b7 \u03ba\u03b1\u03b9 \u03c5\u03c0\u03bf\u03b2\u03bf\u03bb\u03ae \u03b5\u03ba\u03b8\u03ad\u03c3\u03b5\u03c9\u03bd \u03b3\u03b9\u03b1 \u03c4\u03bf \u03c0\u03b5\u03c1\u03b9\u03b2\u03ac\u03bb\u03bb\u03bf\u03bd<\/li><\/ul><\/div>\n\t\t\t\t\t<\/div><\/div>\t\t\t\t<\/div>\n\t\t\t\t<\/div>\n\t\t\t\t\t<\/div>\n\t\t<\/div>\n\t\t\t\t\t<\/div>\n\t\t<\/section>\n\t\t\t\t<\/div>","protected":false},"excerpt":{"rendered":"<p>E\u011fitim ve Ko\u00e7luk E\u011fitim ve Ko\u00e7luk Nedir? Sivil Alan, K\u0131br\u0131sl\u0131 ST\u00d6&#8217;lerin daha etkili hale gelmeleri, s\u00fcrd\u00fcr\u00fclebilir olmalar\u0131, yurtta\u015flar\u0131n endi\u015felerini daha iyi dile getirebilmeleri, demokrasiyi, insan haklar\u0131n\u0131 ve bar\u0131\u015f\u0131 geli\u015ftirme kapasitelerini&hellip;<\/p>","protected":false},"author":11,"featured_media":0,"parent":0,"menu_order":0,"comment_status":"closed","ping_status":"closed","template":"","meta":{"_acf_changed":false,"footnotes":""},"class_list":["post-2928","page","type-page","status-publish","hentry"],"acf":[],"_links":{"self":[{"href":"https:\/\/civicspace.eu\/gr\/wp-json\/wp\/v2\/pages\/2928","targetHints":{"allow":["GET"]}}],"collection":[{"href":"https:\/\/civicspace.eu\/gr\/wp-json\/wp\/v2\/pages"}],"about":[{"href":"https:\/\/civicspace.eu\/gr\/wp-json\/wp\/v2\/types\/page"}],"author":[{"embeddable":true,"href":"https:\/\/civicspace.eu\/gr\/wp-json\/wp\/v2\/users\/11"}],"replies":[{"embeddable":true,"href":"https:\/\/civicspace.eu\/gr\/wp-json\/wp\/v2\/comments?post=2928"}],"version-history":[{"count":5,"href":"https:\/\/civicspace.eu\/gr\/wp-json\/wp\/v2\/pages\/2928\/revisions"}],"predecessor-version":[{"id":3241,"href":"https:\/\/civicspace.eu\/gr\/wp-json\/wp\/v2\/pages\/2928\/revisions\/3241"}],"wp:attachment":[{"href":"https:\/\/civicspace.eu\/gr\/wp-json\/wp\/v2\/media?parent=2928"}],"curies":[{"name":"wp","href":"https:\/\/api.w.org\/{rel}","templated":true}]}}