{"id":2936,"date":"2021-08-31T16:13:14","date_gmt":"2021-08-31T13:13:14","guid":{"rendered":"https:\/\/cagrioner.com\/civicspace\/?page_id=2936"},"modified":"2021-09-20T12:52:47","modified_gmt":"2021-09-20T09:52:47","slug":"tematik-etkinlikler","status":"publish","type":"page","link":"https:\/\/civicspace.eu\/gr\/tematik-etkinlikler\/","title":{"rendered":"\u0398\u03b5\u03bc\u03b1\u03c4\u03b9\u03ba\u03ad\u03c2 \u03b4\u03c1\u03b1\u03c3\u03c4\u03b7\u03c1\u03b9\u03cc\u03c4\u03b7\u03c4\u03b5\u03c2"},"content":{"rendered":"<div data-elementor-type=\"wp-page\" data-elementor-id=\"2936\" class=\"elementor elementor-2936\" data-elementor-settings=\"{&quot;ha_cmc_init_switcher&quot;:&quot;no&quot;}\">\n\t\t\t\t\t\t<section class=\"elementor-section elementor-top-section elementor-element elementor-element-49fc29df elementor-section-stretched elementor-section-full_width elementor-section-height-min-height elementor-section-items-stretch hero_section elementor-section-height-default\" data-id=\"49fc29df\" data-element_type=\"section\" data-e-type=\"section\" data-settings=\"{&quot;stretch_section&quot;:&quot;section-stretched&quot;,&quot;background_background&quot;:&quot;classic&quot;,&quot;_ha_eqh_enable&quot;:false}\">\n\t\t\t\t\t\t<div class=\"elementor-container elementor-column-gap-no\">\n\t\t\t\t\t<div class=\"elementor-column elementor-col-50 elementor-top-column elementor-element elementor-element-70561fe5 elementor-invisible\" data-id=\"70561fe5\" data-element_type=\"column\" data-e-type=\"column\" data-settings=\"{&quot;background_background&quot;:&quot;classic&quot;,&quot;animation&quot;:&quot;fadeInLeft&quot;}\">\n\t\t\t<div class=\"elementor-widget-wrap elementor-element-populated\">\n\t\t\t\t\t\t<div class=\"elementor-element elementor-element-3f946348 elementor-widget elementor-widget-heading\" data-id=\"3f946348\" data-element_type=\"widget\" data-e-type=\"widget\" data-widget_type=\"heading.default\">\n\t\t\t\t<div class=\"elementor-widget-container\">\n\t\t\t\t\t<h1 class=\"elementor-heading-title elementor-size-default\">\u0398\u03b5\u03bc\u03b1\u03c4\u03b9\u03ba\u03ad\u03c2 \u03b4\u03c1\u03b1\u03c3\u03c4\u03b7\u03c1\u03b9\u03cc\u03c4\u03b7\u03c4\u03b5\u03c2<\/h1>\t\t\t\t<\/div>\n\t\t\t\t<\/div>\n\t\t\t\t\t<\/div>\n\t\t<\/div>\n\t\t\t\t<div class=\"elementor-column elementor-col-50 elementor-top-column elementor-element elementor-element-7469b4a elementor-hidden-phone\" data-id=\"7469b4a\" data-element_type=\"column\" data-e-type=\"column\" data-settings=\"{&quot;background_background&quot;:&quot;classic&quot;}\">\n\t\t\t<div class=\"elementor-widget-wrap\">\n\t\t\t\t\t\t\t<\/div>\n\t\t<\/div>\n\t\t\t\t\t<\/div>\n\t\t<\/section>\n\t\t\t\t<section class=\"elementor-section elementor-top-section elementor-element elementor-element-401fe13c elementor-section-boxed elementor-section-height-default elementor-section-height-default\" data-id=\"401fe13c\" data-element_type=\"section\" data-e-type=\"section\" data-settings=\"{&quot;animation&quot;:&quot;none&quot;,&quot;_ha_eqh_enable&quot;:false}\">\n\t\t\t\t\t\t<div class=\"elementor-container elementor-column-gap-default\">\n\t\t\t\t\t<div class=\"elementor-column elementor-col-100 elementor-top-column elementor-element elementor-element-4b875076\" data-id=\"4b875076\" data-element_type=\"column\" data-e-type=\"column\">\n\t\t\t<div class=\"elementor-widget-wrap elementor-element-populated\">\n\t\t\t\t\t\t<div class=\"elementor-element elementor-element-6a8232c6 elementor-view-default elementor-invisible elementor-widget elementor-widget-icon\" data-id=\"6a8232c6\" data-element_type=\"widget\" data-e-type=\"widget\" data-settings=\"{&quot;_animation&quot;:&quot;fadeInUp&quot;}\" data-widget_type=\"icon.default\">\n\t\t\t\t<div class=\"elementor-widget-container\">\n\t\t\t\t\t\t\t<div class=\"elementor-icon-wrapper\">\n\t\t\t<div class=\"elementor-icon\">\n\t\t\t<i aria-hidden=\"true\" class=\"icon icon-clipboard11\"><\/i>\t\t\t<\/div>\n\t\t<\/div>\n\t\t\t\t\t\t<\/div>\n\t\t\t\t<\/div>\n\t\t\t\t\t<\/div>\n\t\t<\/div>\n\t\t\t\t\t<\/div>\n\t\t<\/section>\n\t\t\t\t<section class=\"elementor-section elementor-top-section elementor-element elementor-element-69b05163 elementor-section-boxed elementor-section-height-default elementor-section-height-default elementor-invisible\" data-id=\"69b05163\" data-element_type=\"section\" data-e-type=\"section\" data-settings=\"{&quot;animation&quot;:&quot;fadeInUp&quot;,&quot;_ha_eqh_enable&quot;:false}\">\n\t\t\t\t\t\t<div class=\"elementor-container elementor-column-gap-default\">\n\t\t\t\t\t<div class=\"elementor-column elementor-col-100 elementor-top-column elementor-element elementor-element-4bfb635d\" data-id=\"4bfb635d\" data-element_type=\"column\" data-e-type=\"column\">\n\t\t\t<div class=\"elementor-widget-wrap elementor-element-populated\">\n\t\t\t\t\t\t<div class=\"elementor-element elementor-element-30cd9943 elementor-widget elementor-widget-heading\" data-id=\"30cd9943\" data-element_type=\"widget\" data-e-type=\"widget\" data-widget_type=\"heading.default\">\n\t\t\t\t<div class=\"elementor-widget-container\">\n\t\t\t\t\t<h1 class=\"elementor-heading-title elementor-size-default\">\u03c4\u03b9 \u03b5\u03af\u03bd\u03b1\u03b9 \u03b8\u03b5\u03bc\u03b1\u03c4\u03b9\u03ba\u03ad\u03c2 \u03b4\u03c1\u03b1\u03c3\u03c4\u03b7\u03c1\u03b9\u03cc\u03c4\u03b7\u03c4\u03b5\u03c2<\/h1>\t\t\t\t<\/div>\n\t\t\t\t<\/div>\n\t\t\t\t\t<\/div>\n\t\t<\/div>\n\t\t\t\t\t<\/div>\n\t\t<\/section>\n\t\t\t\t<section class=\"elementor-section elementor-top-section elementor-element elementor-element-7da2a15 elementor-section-boxed elementor-section-height-default elementor-section-height-default elementor-invisible\" data-id=\"7da2a15\" data-element_type=\"section\" data-e-type=\"section\" data-settings=\"{&quot;animation&quot;:&quot;fadeIn&quot;,&quot;_ha_eqh_enable&quot;:false}\">\n\t\t\t\t\t\t<div class=\"elementor-container elementor-column-gap-default\">\n\t\t\t\t\t<div class=\"elementor-column elementor-col-100 elementor-top-column elementor-element elementor-element-5bb9c696\" data-id=\"5bb9c696\" data-element_type=\"column\" data-e-type=\"column\">\n\t\t\t<div class=\"elementor-widget-wrap elementor-element-populated\">\n\t\t\t\t\t\t<div class=\"elementor-element elementor-element-292d1af6 elementor-widget-divider--view-line_icon elementor-view-default elementor-widget-divider--element-align-center elementor-widget elementor-widget-divider\" data-id=\"292d1af6\" data-element_type=\"widget\" data-e-type=\"widget\" data-widget_type=\"divider.default\">\n\t\t\t\t<div class=\"elementor-widget-container\">\n\t\t\t\t\t\t\t<div class=\"elementor-divider\">\n\t\t\t<span class=\"elementor-divider-separator\">\n\t\t\t\t\t\t\t<div class=\"elementor-icon elementor-divider__element\">\n\t\t\t\t\t<i aria-hidden=\"true\" class=\"icon icon-sun\"><\/i><\/div>\n\t\t\t\t\t\t<\/span>\n\t\t<\/div>\n\t\t\t\t\t\t<\/div>\n\t\t\t\t<\/div>\n\t\t\t\t\t<\/div>\n\t\t<\/div>\n\t\t\t\t\t<\/div>\n\t\t<\/section>\n\t\t\t\t<section class=\"elementor-section elementor-top-section elementor-element elementor-element-d3cc0ca elementor-section-boxed elementor-section-height-default elementor-section-height-default elementor-invisible\" data-id=\"d3cc0ca\" data-element_type=\"section\" data-e-type=\"section\" data-settings=\"{&quot;animation&quot;:&quot;fadeInUp&quot;,&quot;_ha_eqh_enable&quot;:false}\">\n\t\t\t\t\t\t<div class=\"elementor-container elementor-column-gap-default\">\n\t\t\t\t\t<div class=\"elementor-column elementor-col-100 elementor-top-column elementor-element elementor-element-7e88a76\" data-id=\"7e88a76\" data-element_type=\"column\" data-e-type=\"column\">\n\t\t\t<div class=\"elementor-widget-wrap elementor-element-populated\">\n\t\t\t\t\t\t<div class=\"elementor-element elementor-element-072e295 elementor-widget elementor-widget-text-editor\" data-id=\"072e295\" data-element_type=\"widget\" data-e-type=\"widget\" data-widget_type=\"text-editor.default\">\n\t\t\t\t<div class=\"elementor-widget-container\">\n\t\t\t\t\t\t\t\t\t<p style=\"text-align: center;\">\u03a4\u03b1 \u03b8\u03b5\u03bc\u03b1\u03c4\u03b9\u03ba\u03ac \u03c3\u03c5\u03bd\u03ad\u03b4\u03c1\u03b9\u03b1, \u03c3\u03b5\u03bc\u03b9\u03bd\u03ac\u03c1\u03b9\u03b1 \u03ba\u03b1\u03b9 \u03c6\u03cc\u03c1\u03bf\u03c5\u03bc \u03b1\u03c0\u03bf\u03c4\u03b5\u03bb\u03bf\u03cd\u03bd \u03b9\u03c3\u03c7\u03c5\u03c1\u03ac \u03b5\u03c1\u03b3\u03b1\u03bb\u03b5\u03af\u03b1 \u03b3\u03b9\u03b1 \u03c4\u03b7\u03bd \u03b1\u03bd\u03ac\u03c0\u03c4\u03c5\u03be\u03b7 \u03b3\u03bd\u03ce\u03c3\u03b5\u03c9\u03bd \u03ba\u03b1\u03b9 \u03c4\u03b5\u03c7\u03bd\u03b9\u03ba\u03ce\u03bd \u03b4\u03b5\u03be\u03b9\u03bf\u03c4\u03ae\u03c4\u03c9\u03bd \u03c3\u03b5 \u03b8\u03ad\u03bc\u03b1\u03c4\u03b1 \u03c0\u03bf\u03c5 \u03b5\u03bd\u03b4\u03b9\u03b1\u03c6\u03ad\u03c1\u03bf\u03c5\u03bd \u03c4\u03b9\u03c2 \u039f\u039a\u03a0. \u0395\u03bd\u03ce \u03c4\u03b1 \u03c3\u03c5\u03bd\u03ad\u03b4\u03c1\u03b9\u03b1 \u03c6\u03b9\u03bb\u03bf\u03be\u03b5\u03bd\u03bf\u03cd\u03bd \u03bc\u03b5\u03b3\u03ac\u03bb\u03bf \u03b1\u03c1\u03b9\u03b8\u03bc\u03cc \u03c3\u03c5\u03bc\u03bc\u03b5\u03c4\u03b5\u03c7\u03cc\u03bd\u03c4\u03c9\u03bd \u03ba\u03b1\u03b9 \u03b5\u03bc\u03c0\u03bb\u03ad\u03ba\u03bf\u03c5\u03bd \u03b5\u03bc\u03c0\u03b5\u03b9\u03c1\u03bf\u03b3\u03bd\u03ce\u03bc\u03bf\u03bd\u03b5\u03c2 \u03b1\u03c0\u03cc \u03ac\u03bb\u03bb\u03b5\u03c2 \u03c7\u03ce\u03c1\u03b5\u03c2 \u03c4\u03b7\u03c2 \u0395\u0395 \u03ae \u03b4\u03b9\u03b5\u03b8\u03bd\u03b5\u03af\u03c2 \u03bf\u03c1\u03b3\u03b1\u03bd\u03b9\u03c3\u03bc\u03bf\u03cd\u03c2, \u03c4\u03b1 \u03c3\u03b5\u03bc\u03b9\u03bd\u03ac\u03c1\u03b9\u03b1 \u03ba\u03b1\u03b9 \u03c4\u03b1 \u03c6\u03cc\u03c1\u03bf\u03c5\u03bc \u03b5\u03af\u03bd\u03b1\u03b9 \u03bc\u03b9\u03ba\u03c1\u03cc\u03c4\u03b5\u03c1\u03b1 \u03c3\u03b5 \u03bc\u03ad\u03b3\u03b5\u03b8\u03bf\u03c2 \u03ba\u03b1\u03b9 \u03c0\u03b9\u03bf \u03b5\u03c3\u03c4\u03b9\u03b1\u03c3\u03bc\u03ad\u03bd\u03b1.<\/p><p style=\"text-align: center;\">\u03a0\u03b9\u03c3\u03c4\u03b5\u03cd\u03bf\u03bd\u03c4\u03b1\u03c2 \u03c3\u03c4\u03b7 \u03c3\u03c5\u03bc\u03c0\u03bb\u03b7\u03c1\u03c9\u03bc\u03b1\u03c4\u03b9\u03ba\u03cc\u03c4\u03b7\u03c4\u03b1 \u03c4\u03c9\u03bd \u03b4\u03b9\u03b1\u03c6\u03cc\u03c1\u03c9\u03bd \u03bc\u03ad\u03c3\u03c9\u03bd \u03b1\u03bd\u03ac\u03c0\u03c4\u03c5\u03be\u03b7\u03c2 \u03b9\u03ba\u03b1\u03bd\u03bf\u03c4\u03ae\u03c4\u03c9\u03bd, \u03c4\u03bf Civic Space \u03b4\u03b9\u03bf\u03c1\u03b3\u03b1\u03bd\u03ce\u03bd\u03b5\u03b9 \u03c4\u03b1\u03ba\u03c4\u03b9\u03ba\u03ac \u03b8\u03b5\u03bc\u03b1\u03c4\u03b9\u03ba\u03ac \u03c3\u03c5\u03bd\u03ad\u03b4\u03c1\u03b9\u03b1, \u03c3\u03b5\u03bc\u03b9\u03bd\u03ac\u03c1\u03b9\u03b1 \u03ba\u03b1\u03b9 \u03c6\u03cc\u03c1\u03bf\u03c5\u03bc \u03b3\u03b9\u03b1 \u03c4\u03b9\u03c2 \u039f\u039a\u03a0 \u03ba\u03b1\u03b9 \u03c4\u03bf\u03c5\u03c2 \u03b1\u03ba\u03c4\u03b9\u03b2\u03b9\u03c3\u03c4\u03ad\u03c2 \u03b1\u03c0\u03cc \u03cc\u03bb\u03b5\u03c2 \u03c4\u03b9\u03c2 \u03ba\u03bf\u03b9\u03bd\u03cc\u03c4\u03b7\u03c4\u03b5\u03c2 \u03b3\u03b9\u03b1 \u03c4\u03b7\u03bd \u03b5\u03bd\u03af\u03c3\u03c7\u03c5\u03c3\u03b7 \u03c4\u03c9\u03bd \u03b3\u03bd\u03ce\u03c3\u03b5\u03c9\u03bd \u03ba\u03b1\u03b9 \u03c4\u03c9\u03bd \u03b4\u03b5\u03be\u03b9\u03bf\u03c4\u03ae\u03c4\u03c9\u03bd \u03c4\u03bf\u03c5\u03c2, \u03c0\u03c1\u03bf\u03b5\u03c4\u03bf\u03b9\u03bc\u03ac\u03b6\u03bf\u03bd\u03c4\u03b1\u03c2 \u03c0\u03b1\u03c1\u03ac\u03bb\u03bb\u03b7\u03bb\u03b1 \u03c4\u03bf \u03ad\u03b4\u03b1\u03c6\u03bf\u03c2 \u03b3\u03b9\u03b1 \u03b5\u03bd\u03b9\u03c3\u03c7\u03c5\u03bc\u03ad\u03bd\u03b7 \u03c3\u03c5\u03bd\u03b5\u03c1\u03b3\u03b1\u03c3\u03af\u03b1.<\/p>\t\t\t\t\t\t\t\t<\/div>\n\t\t\t\t<\/div>\n\t\t\t\t\t<\/div>\n\t\t<\/div>\n\t\t\t\t\t<\/div>\n\t\t<\/section>\n\t\t\t\t<section class=\"elementor-section elementor-top-section elementor-element elementor-element-7fca88cb elementor-section-boxed elementor-section-height-default elementor-section-height-default elementor-invisible\" data-id=\"7fca88cb\" data-element_type=\"section\" data-e-type=\"section\" data-settings=\"{&quot;animation&quot;:&quot;fadeInUp&quot;,&quot;_ha_eqh_enable&quot;:false}\">\n\t\t\t\t\t\t<div class=\"elementor-container elementor-column-gap-default\">\n\t\t\t\t\t<div class=\"elementor-column elementor-col-100 elementor-top-column elementor-element elementor-element-7ebcfb69\" data-id=\"7ebcfb69\" data-element_type=\"column\" data-e-type=\"column\">\n\t\t\t<div class=\"elementor-widget-wrap elementor-element-populated\">\n\t\t\t\t\t\t<div class=\"elementor-element elementor-element-5fdae5cc elementor-widget elementor-widget-eael-adv-accordion\" data-id=\"5fdae5cc\" data-element_type=\"widget\" data-e-type=\"widget\" data-widget_type=\"eael-adv-accordion.default\">\n\t\t\t\t<div class=\"elementor-widget-container\">\n\t\t\t\t\t            <div class=\"eael-adv-accordion\" id=\"eael-adv-accordion-5fdae5cc\" data-scroll-on-click=\"no\" data-scroll-speed=\"300\" data-accordion-id=\"5fdae5cc\" data-accordion-type=\"accordion\" data-toogle-speed=\"300\">\n            <div class=\"eael-accordion-list\">\n\t\t\t\t\t<div id=\"imdiye-kadar-neler-yaptk-\" class=\"elementor-tab-title eael-accordion-header\" tabindex=\"0\" data-tab=\"1\" aria-controls=\"elementor-tab-content-1601\"><span class=\"eael-advanced-accordion-icon-closed\"><i aria-hidden=\"true\" class=\"fa-accordion-icon icon icon-history\"><\/i><\/span><span class=\"eael-advanced-accordion-icon-opened\"><i aria-hidden=\"true\" class=\"fa-accordion-icon fas fa-minus\"><\/i><\/span><span class=\"eael-accordion-tab-title\">\u03a4\u03b9 \u03ad\u03c7\u03bf\u03c5\u03bc\u03b5 \u03ba\u03ac\u03bd\u03b5\u03b9 \u03bc\u03ad\u03c7\u03c1\u03b9 \u03c4\u03ce\u03c1\u03b1; <\/span><i aria-hidden=\"true\" class=\"fa-toggle fas fa-angle-right\"><\/i><\/div><div id=\"elementor-tab-content-1601\" class=\"eael-accordion-content clearfix\" data-tab=\"1\" aria-labelledby=\"imdiye-kadar-neler-yaptk-\"><p>Sivil Alan \u015fu ana kadar ST\u00d6&#8217;lere y\u00f6nelik elveri\u015fli ortam (19 Ekim 2016), ST\u00d6&#8217;lerde \u015feffafl\u0131k ve hesap verebilirlik (1 Mart 2018) ve ifade \u00f6zg\u00fcrl\u00fc\u011f\u00fc (7 Haziran 2018) konular\u0131nda 3 uluslararas\u0131 tematik konferans d\u00fczenlemi\u015ftir.<\/p><p>\u0395\u03ba\u03c4\u03cc\u03c2 \u03b1\u03c0\u03cc \u03c4\u03b1 \u03c3\u03c5\u03bd\u03ad\u03b4\u03c1\u03b9\u03b1, \u03c4\u03bf Civic Space \u03b4\u03b9\u03bf\u03c1\u03b3\u03ac\u03bd\u03c9\u03c3\u03b5 3 \u03b8\u03b5\u03bc\u03b1\u03c4\u03b9\u03ba\u03ac \u03c3\u03b5\u03bc\u03b9\u03bd\u03ac\u03c1\u03b9\u03b1 \u03b3\u03b9\u03b1 \u03c4\u03b7\u03bd \u03ba\u03bf\u03b9\u03bd\u03c9\u03bd\u03b9\u03ba\u03ae \u03ba\u03b1\u03b9\u03bd\u03bf\u03c4\u03bf\u03bc\u03af\u03b1 \u03ba\u03b1\u03b9 \u03c4\u03b1 \u03ba\u03bf\u03b9\u03bd\u03c9\u03bd\u03b9\u03ba\u03ac \u00ab\u03b5\u03ba\u03ba\u03bf\u03bb\u03b1\u03c0\u03c4\u03ae\u03c1\u03b9\u03b1\u00bb (social incubation) (\u03a3\u03b5\u03c0\u03c4\u03ad\u03bc\u03b2\u03c1\u03b9\u03bf\u03c2 2016), \u03c4\u03b7\u03bd \u03b5\u03bb\u03b5\u03c5\u03b8\u03b5\u03c1\u03af\u03b1 \u03c4\u03b7\u03c2 \u03ad\u03ba\u03c6\u03c1\u03b1\u03c3\u03b7\u03c2 (\u0399\u03bf\u03cd\u03bd\u03b9\u03bf\u03c2 2018), \u03ba\u03b1\u03b9 \u03c4\u03b7\u03bd \u03b1\u03be\u03b9\u03bf\u03bb\u03cc\u03b3\u03b7\u03c3\u03b7 \u03c4\u03b7\u03c2 \u03b4\u03b9\u03b1\u03c6\u03ac\u03bd\u03b5\u03b9\u03b1\u03c2 \u03ba\u03b1\u03b9 \u03c4\u03b7\u03c2 \u03b1\u03ba\u03b5\u03c1\u03b1\u03b9\u03cc\u03c4\u03b7\u03c4\u03b1\u03c2 (\u039f\u03ba\u03c4\u03ce\u03b2\u03c1\u03b9\u03bf\u03c2 2019).<\/p><p>\u0395\u03c0\u03b9\u03c0\u03bb\u03ad\u03bf\u03bd, \u03c4\u03bf Civic Space \u03c0\u03b1\u03c1\u03b5\u03af\u03c7\u03b5 \u03b5\u03be\u03b1\u03c4\u03bf\u03bc\u03b9\u03ba\u03b5\u03c5\u03bc\u03ad\u03bd\u03b7 \u03c4\u03b5\u03c7\u03bd\u03b9\u03ba\u03ae \u03c5\u03c0\u03bf\u03c3\u03c4\u03ae\u03c1\u03b9\u03be\u03b7 \u03c3\u03b5 \u03b8\u03b5\u03bc\u03b1\u03c4\u03b9\u03ba\u03ad\u03c2 \u03bf\u03bc\u03ac\u03b4\u03b5\u03c2 \u03b5\u03c1\u03b3\u03b1\u03c3\u03af\u03b1\u03c2. \u03a7\u03c1\u03b7\u03c3\u03b9\u03bc\u03bf\u03c0\u03bf\u03b9\u03ae\u03b8\u03b7\u03ba\u03b1\u03bd \u03b4\u03b9\u03ac\u03c6\u03bf\u03c1\u03b1 \u03b5\u03c1\u03b3\u03b1\u03bb\u03b5\u03af\u03b1 (\u03c0.\u03c7. \u03b5\u03ba\u03c0\u03b1\u03b9\u03b4\u03b5\u03c5\u03c4\u03b9\u03ba\u03ad\u03c2 \u03b5\u03c0\u03b9\u03c3\u03ba\u03ad\u03c8\u03b5\u03b9\u03c2, \u03c3\u03c5\u03bd\u03c4\u03bf\u03bd\u03b9\u03c3\u03bc\u03cc\u03c2 \u03c3\u03c5\u03bd\u03b5\u03b4\u03c1\u03b9\u03ac\u03c3\u03b5\u03c9\u03bd, \u03c0\u03b1\u03c1\u03bf\u03c7\u03ae \u03c0\u03cc\u03c1\u03c9\u03bd, \u03c3\u03c4\u03ae\u03c1\u03b9\u03be\u03b7 \u03c3\u03c5\u03bc\u03c0\u03c1\u03ac\u03be\u03b5\u03c9\u03bd \u03ba\u03b1\u03b9 \u03b4\u03b9\u03ba\u03c4\u03cd\u03c9\u03c3\u03b7\u03c2) \u03b3\u03b9\u03b1 \u03c4\u03b7 \u03c3\u03c5\u03bd\u03b5\u03c7\u03ae \u03c3\u03c4\u03ae\u03c1\u03b9\u03be\u03b7 \u03c4\u03c1\u03b9\u03ce\u03bd \u03b8\u03b5\u03bc\u03b1\u03c4\u03b9\u03ba\u03ce\u03bd \u03bf\u03bc\u03ac\u03b4\u03c9\u03bd \u03b5\u03c1\u03b3\u03b1\u03c3\u03af\u03b1\u03c2: \u03c3\u03c7\u03b5\u03c4\u03b9\u03ba\u03ac \u03bc\u03b5 \u03c4\u03b7\u03bd \u03ba\u03b1\u03c4\u03b1\u03c0\u03bf\u03bb\u03ad\u03bc\u03b7\u03c3\u03b7 \u03c4\u03b7\u03c2 \u03b5\u03bc\u03c0\u03bf\u03c1\u03af\u03b1\u03c2 \u03b1\u03bd\u03b8\u03c1\u03ce\u03c0\u03c9\u03bd, \u03c4\u03b7 \u03b4\u03b7\u03bc\u03b9\u03bf\u03c5\u03c1\u03b3\u03af\u03b1 \u03b5\u03c5\u03bd\u03bf\u03ca\u03ba\u03bf\u03cd \u03c0\u03b5\u03c1\u03b9\u03b2\u03ac\u03bb\u03bb\u03bf\u03bd\u03c4\u03bf\u03c2 \u03b3\u03b9\u03b1 \u03c4\u03b7\u03bd \u03ba\u03bf\u03b9\u03bd\u03c9\u03bd\u03af\u03b1 \u03c4\u03c9\u03bd \u03c0\u03bf\u03bb\u03b9\u03c4\u03ce\u03bd \u03ba\u03b1\u03b9 \u03c4\u03b7 \u03b4\u03b9\u03ba\u03bf\u03b9\u03bd\u03bf\u03c4\u03b9\u03ba\u03ae \u03bf\u03bc\u03ac\u03b4\u03b1 \u03b4\u03b9\u03ba\u03c4\u03cd\u03c9\u03c3\u03b7\u03c2 \u03b3\u03b9\u03b1 \u03c4\u03bf \u03c0\u03b5\u03c1\u03b9\u03b2\u03ac\u03bb\u03bb\u03bf\u03bd.\u00a0<\/p><\/div>\n\t\t\t\t\t<\/div><div class=\"eael-accordion-list\">\n\t\t\t\t\t<div id=\"sonular\" class=\"elementor-tab-title eael-accordion-header\" tabindex=\"0\" data-tab=\"2\" aria-controls=\"elementor-tab-content-1602\"><span class=\"eael-advanced-accordion-icon-closed\"><i aria-hidden=\"true\" class=\"fa-accordion-icon icon icon-Target\"><\/i><\/span><span class=\"eael-advanced-accordion-icon-opened\"><i aria-hidden=\"true\" class=\"fa-accordion-icon fas fa-minus\"><\/i><\/span><span class=\"eael-accordion-tab-title\">\u0391\u03c0\u03bf\u03c4\u03b5\u03bb\u03ad\u03c3\u03bc\u03b1\u03c4\u03b1<\/span><i aria-hidden=\"true\" class=\"fa-toggle fas fa-angle-right\"><\/i><\/div><div id=\"elementor-tab-content-1602\" class=\"eael-accordion-content clearfix\" data-tab=\"2\" aria-labelledby=\"sonular\"><ul><li>3 \u03b4\u03b9\u03b5\u03b8\u03bd\u03ae \u03b8\u03b5\u03bc\u03b1\u03c4\u03b9\u03ba\u03ac \u03c3\u03c5\u03bd\u03ad\u03b4\u03c1\u03b9\u03b1<\/li><li>3 \u03b8\u03b5\u03bc\u03b1\u03c4\u03b9\u03ba\u03ac \u03c3\u03b5\u03bc\u03b9\u03bd\u03ac\u03c1\u03b9\u03b1<\/li><li>16 \u03c6\u03cc\u03c1\u03bf\u03c5\u03bc \u03c4\u03b7\u03c2 \u03ba\u03bf\u03b9\u03bd\u03c9\u03bd\u03af\u03b1\u03c2 \u03c4\u03c9\u03bd \u03c0\u03bf\u03bb\u03b9\u03c4\u03ce\u03bd<\/li><li>725 \u03c3\u03c5\u03bc\u03bc\u03b5\u03c4\u03ad\u03c7\u03bf\u03bd\u03c4\u03b5\u03c2 \u03b1\u03c0\u03cc \u03c4\u03b7\u03bd \u03ba\u03bf\u03b9\u03bd\u03c9\u03bd\u03af\u03b1 \u03c4\u03c9\u03bd \u03c0\u03bf\u03bb\u03b9\u03c4\u03ce\u03bd, \u03c4\u03b1 \u03bc\u03ad\u03c3\u03b1 \u03b5\u03bd\u03b7\u03bc\u03ad\u03c1\u03c9\u03c3\u03b7\u03c2 \u03ba\u03b1\u03b9 \u03c4\u03bf\u03c5\u03c2 \u03c4\u03bf\u03c0\u03b9\u03ba\u03bf\u03cd\u03c2 \u03c6\u03bf\u03c1\u03b5\u03af\u03c2<\/li><li>\u03a3\u03c5\u03bd\u03b5\u03c7\u03ae\u03c2 \u03c3\u03c4\u03ae\u03c1\u03b9\u03be\u03b7 \u03c3\u03b5 3 \u03b8\u03b5\u03bc\u03b1\u03c4\u03b9\u03ba\u03ad\u03c2 \u03bf\u03bc\u03ac\u03b4\u03b5\u03c2 \u03b5\u03c1\u03b3\u03b1\u03c3\u03af\u03b1\u03c2 (\u03ba\u03b1\u03c4\u03b1\u03c0\u03bf\u03bb\u03ad\u03bc\u03b7\u03c3\u03b7 \u03c4\u03b7\u03c2 \u03b5\u03bc\u03c0\u03bf\u03c1\u03af\u03b1\u03c2 \u03b1\u03bd\u03b8\u03c1\u03ce\u03c0\u03c9\u03bd, \u03b4\u03b7\u03bc\u03b9\u03bf\u03c5\u03c1\u03b3\u03af\u03b1 \u03b5\u03c5\u03bd\u03bf\u03ca\u03ba\u03bf\u03cd \u03c0\u03b5\u03c1\u03b9\u03b2\u03ac\u03bb\u03bb\u03bf\u03bd\u03c4\u03bf\u03c2 \u03b3\u03b9\u03b1 \u03c4\u03b7\u03bd \u03ba\u03bf\u03b9\u03bd\u03c9\u03bd\u03af\u03b1 \u03c4\u03c9\u03bd \u03c0\u03bf\u03bb\u03b9\u03c4\u03ce\u03bd \u03ba\u03b1\u03b9 \u03b4\u03b9\u03ba\u03bf\u03b9\u03bd\u03bf\u03c4\u03b9\u03ba\u03ae \u03bf\u03bc\u03ac\u03b4\u03b1 \u03b4\u03b9\u03ba\u03c4\u03cd\u03c9\u03c3\u03b7\u03c2 \u03b3\u03b9\u03b1 \u03c4\u03bf \u03c0\u03b5\u03c1\u03b9\u03b2\u03ac\u03bb\u03bb\u03bf\u03bd) \u03ba\u03b1\u03b9 \u03c3\u03c5\u03bd\u03c4\u03bf\u03bd\u03b9\u03c3\u03bc\u03cc\u03c2 13 \u03c3\u03c5\u03bd\u03b5\u03b4\u03c1\u03b9\u03ac\u03c3\u03b5\u03c9\u03bd \u03b8\u03b5\u03bc\u03b1\u03c4\u03b9\u03ba\u03ce\u03bd \u03bf\u03bc\u03ac\u03b4\u03c9\u03bd \u03b5\u03c1\u03b3\u03b1\u03c3\u03af\u03b1\u03c2.<\/li><\/ul><\/div>\n\t\t\t\t\t<\/div><div class=\"eael-accordion-list\">\n\t\t\t\t\t<div id=\"yaklaan-etkinlikler-\" class=\"elementor-tab-title eael-accordion-header\" tabindex=\"0\" data-tab=\"3\" aria-controls=\"elementor-tab-content-1603\"><span class=\"eael-advanced-accordion-icon-closed\"><i aria-hidden=\"true\" class=\"fa-accordion-icon icon icon-calendar\"><\/i><\/span><span class=\"eael-advanced-accordion-icon-opened\"><i aria-hidden=\"true\" class=\"fa-accordion-icon fas fa-minus\"><\/i><\/span><span class=\"eael-accordion-tab-title\">\u03a0\u03c1\u03bf\u03c3\u03b5\u03c7\u03b5\u03af\u03c2 \u03b4\u03c1\u03b1\u03c3\u03c4\u03b7\u03c1\u03b9\u03cc\u03c4\u03b7\u03c4\u03b5\u03c2 <\/span><i aria-hidden=\"true\" class=\"fa-toggle fas fa-angle-right\"><\/i><\/div><div id=\"elementor-tab-content-1603\" class=\"eael-accordion-content clearfix\" data-tab=\"3\" aria-labelledby=\"yaklaan-etkinlikler-\"><p>Haziran 2023&#8217;e kadar konferanslar, seminerler, \u00e7al\u0131\u015ftaylar ve yuvarlak masa toplant\u0131lar\u0131 d\u00fczenlenmeye devam edecektir. Bu etkinliklerin odaklanaca\u011f\u0131 tematik konular\u0131n g\u00f6sterge niteli\u011findeki listesi a\u015fa\u011f\u0131daki gibidir:<\/p><ul><li>S\u00fcrd\u00fcr\u00fclebilir Kalk\u0131nma Ama\u00e7lar\u0131 (SKA&#8217;lar)<\/li><li>\u0394\u03b9\u03b5\u03b8\u03bd\u03b5\u03af\u03c2 \u03bc\u03b7\u03c7\u03b1\u03bd\u03b9\u03c3\u03bc\u03bf\u03af \u03b3\u03b9\u03b1 \u03c4\u03b1 \u03b1\u03bd\u03b8\u03c1\u03ce\u03c0\u03b9\u03bd\u03b1 \u03b4\u03b9\u03ba\u03b1\u03b9\u03ce\u03bc\u03b1\u03c4\u03b1<\/li><li>\u03a3\u03c5\u03bd\u03b5\u03c1\u03b3\u03b1\u03c3\u03af\u03b1 \u03bc\u03b5\u03c4\u03b1\u03be\u03cd \u03c4\u03b7\u03c2 \u03b1\u03ba\u03b1\u03b4\u03b7\u03bc\u03b1\u03ca\u03ba\u03ae\u03c2 \u03ba\u03bf\u03b9\u03bd\u03cc\u03c4\u03b7\u03c4\u03b1\u03c2 \u03ba\u03b1\u03b9 \u03c4\u03b7\u03c2 \u03ba\u03bf\u03b9\u03bd\u03c9\u03bd\u03af\u03b1\u03c2 \u03c4\u03c9\u03bd \u03c0\u03bf\u03bb\u03b9\u03c4\u03ce\u03bd<\/li><li>\u0395\u03c4\u03b1\u03b9\u03c1\u03b9\u03ba\u03ae \u03ba\u03bf\u03b9\u03bd\u03c9\u03bd\u03b9\u03ba\u03ae \u03b5\u03c5\u03b8\u03cd\u03bd\u03b7 (\u0395\u039a\u0395)<\/li><li>\u0391\u03bd\u03b8\u03b5\u03ba\u03c4\u03b9\u03ba\u03cc\u03c4\u03b7\u03c4\u03b1 \u03c4\u03b7\u03c2 \u03ba\u03bf\u03b9\u03bd\u03c9\u03bd\u03af\u03b1\u03c2 \u03c4\u03c9\u03bd \u03c0\u03bf\u03bb\u03b9\u03c4\u03ce\u03bd \u03c3\u03b5 \u03c0\u03b5\u03c1\u03b9\u03cc\u03b4\u03bf\u03c5\u03c2 \u03b1\u03b2\u03b5\u03b2\u03b1\u03b9\u03cc\u03c4\u03b7\u03c4\u03b1\u03c2<\/li><li>\u03a0\u03b1\u03c1\u03b1\u03ba\u03bf\u03bb\u03bf\u03cd\u03b8\u03b7\u03c3\u03b7 \u03c4\u03b7\u03c2 \u03b4\u03b7\u03bc\u03cc\u03c3\u03b9\u03b1\u03c2 \u03c0\u03bf\u03bb\u03b9\u03c4\u03b9\u03ba\u03ae\u03c2 \u03ba\u03b1\u03b9 \u03c4\u03bf\u03c5 \u03c0\u03c1\u03bf\u03cb\u03c0\u03bf\u03bb\u03bf\u03b3\u03b9\u03c3\u03bc\u03bf\u03cd, \u03c5\u03c0\u03bf\u03b2\u03bf\u03bb\u03ae \u03b5\u03ba\u03b8\u03ad\u03c3\u03b5\u03c9\u03bd \u03ba\u03b1\u03b9 \u03c5\u03c0\u03b5\u03c1\u03ac\u03c3\u03c0\u03b9\u03c3\u03b7<\/li><li>\u03a3\u03c5\u03bc\u03bc\u03b5\u03c4\u03bf\u03c7\u03ae \u03c4\u03b7\u03c2 \u03ba\u03bf\u03b9\u03bd\u03c9\u03bd\u03af\u03b1\u03c2 \u03c4\u03c9\u03bd \u03c0\u03bf\u03bb\u03b9\u03c4\u03ce\u03bd \u03c3\u03c4\u03b9\u03c2 \u03b4\u03b9\u03b1\u03b4\u03b9\u03ba\u03b1\u03c3\u03af\u03b5\u03c2 \u03c0\u03bf\u03bb\u03b9\u03c4\u03b9\u03ba\u03ae\u03c2<\/li><\/ul><p>\u0395\u03c0\u03b9\u03c0\u03bb\u03ad\u03bf\u03bd, \u03b1\u03bd\u03b1\u03bb\u03cc\u03b3\u03c9\u03c2 \u03c4\u03b7\u03c2 \u03b6\u03ae\u03c4\u03b7\u03c3\u03b7\u03c2 \u03c0\u03bf\u03c5 \u03b8\u03b1 \u03c5\u03c0\u03ac\u03c1\u03c7\u03b5\u03b9, \u03c4\u03bf Civic Space \u03b8\u03b1 \u03c3\u03c5\u03bd\u03b5\u03c7\u03af\u03c3\u03b5\u03b9 \u03bd\u03b1 \u03c3\u03c4\u03b7\u03c1\u03af\u03b6\u03b5\u03b9 \u03c5\u03c6\u03b9\u03c3\u03c4\u03ac\u03bc\u03b5\u03bd\u03b5\u03c2 \u03ba\u03b1\u03b9 \u03bd\u03ad\u03b5\u03c2 \u03b8\u03b5\u03bc\u03b1\u03c4\u03b9\u03ba\u03ad\u03c2 \u03bf\u03bc\u03ac\u03b4\u03b5\u03c2 \u03b5\u03c1\u03b3\u03b1\u03c3\u03af\u03b1\u03c2\u00a0<\/p><\/div>\n\t\t\t\t\t<\/div><\/div>\t\t\t\t<\/div>\n\t\t\t\t<\/div>\n\t\t\t\t\t<\/div>\n\t\t<\/div>\n\t\t\t\t\t<\/div>\n\t\t<\/section>\n\t\t\t\t<\/div>","protected":false},"excerpt":{"rendered":"<p>Tematik Etkinlikler Tematik Etkinlikler Nedir? Tematik konferanslar, seminerler ve forumlar, ST\u00d6&#8217;lerin ilgilendi\u011fi konularda bilgi ve teknik becerileri geli\u015ftirmek i\u00e7in g\u00fc\u00e7l\u00fc ara\u00e7lard\u0131r. Konferanslar \u00e7ok say\u0131da kat\u0131l\u0131mc\u0131ya ev sahipli\u011fi yaparken, di\u011fer AB&hellip;<\/p>","protected":false},"author":11,"featured_media":0,"parent":0,"menu_order":0,"comment_status":"closed","ping_status":"closed","template":"","meta":{"_acf_changed":false,"footnotes":""},"class_list":["post-2936","page","type-page","status-publish","hentry"],"acf":[],"_links":{"self":[{"href":"https:\/\/civicspace.eu\/gr\/wp-json\/wp\/v2\/pages\/2936","targetHints":{"allow":["GET"]}}],"collection":[{"href":"https:\/\/civicspace.eu\/gr\/wp-json\/wp\/v2\/pages"}],"about":[{"href":"https:\/\/civicspace.eu\/gr\/wp-json\/wp\/v2\/types\/page"}],"author":[{"embeddable":true,"href":"https:\/\/civicspace.eu\/gr\/wp-json\/wp\/v2\/users\/11"}],"replies":[{"embeddable":true,"href":"https:\/\/civicspace.eu\/gr\/wp-json\/wp\/v2\/comments?post=2936"}],"version-history":[{"count":5,"href":"https:\/\/civicspace.eu\/gr\/wp-json\/wp\/v2\/pages\/2936\/revisions"}],"predecessor-version":[{"id":3977,"href":"https:\/\/civicspace.eu\/gr\/wp-json\/wp\/v2\/pages\/2936\/revisions\/3977"}],"wp:attachment":[{"href":"https:\/\/civicspace.eu\/gr\/wp-json\/wp\/v2\/media?parent=2936"}],"curies":[{"name":"wp","href":"https:\/\/api.w.org\/{rel}","templated":true}]}}