{"id":3115,"date":"2021-09-01T13:58:01","date_gmt":"2021-09-01T10:58:01","guid":{"rendered":"https:\/\/cagrioner.com\/civicspace\/?page_id=3115"},"modified":"2021-09-20T12:59:42","modified_gmt":"2021-09-20T09:59:42","slug":"calisma-ziyaretleri","status":"publish","type":"page","link":"https:\/\/civicspace.eu\/gr\/calisma-ziyaretleri\/","title":{"rendered":"\u0395\u03ba\u03c0\u03b1\u03b9\u03b4\u03b5\u03c5\u03c4\u03b9\u03ba\u03ad\u03c2 \u03b5\u03c0\u03b9\u03c3\u03ba\u03ad\u03c8\u03b5\u03b9\u03c2"},"content":{"rendered":"<div data-elementor-type=\"wp-page\" data-elementor-id=\"3115\" class=\"elementor elementor-3115\" data-elementor-settings=\"{&quot;ha_cmc_init_switcher&quot;:&quot;no&quot;}\">\n\t\t\t\t\t\t<section class=\"elementor-section elementor-top-section elementor-element elementor-element-655c1d67 elementor-section-stretched elementor-section-full_width elementor-section-height-min-height elementor-section-items-stretch hero_section elementor-section-height-default\" data-id=\"655c1d67\" data-element_type=\"section\" data-e-type=\"section\" data-settings=\"{&quot;stretch_section&quot;:&quot;section-stretched&quot;,&quot;background_background&quot;:&quot;classic&quot;,&quot;_ha_eqh_enable&quot;:false}\">\n\t\t\t\t\t\t<div class=\"elementor-container elementor-column-gap-no\">\n\t\t\t\t\t<div class=\"elementor-column elementor-col-50 elementor-top-column elementor-element elementor-element-7262c48c elementor-invisible\" data-id=\"7262c48c\" data-element_type=\"column\" data-e-type=\"column\" data-settings=\"{&quot;background_background&quot;:&quot;classic&quot;,&quot;animation&quot;:&quot;fadeInLeft&quot;}\">\n\t\t\t<div class=\"elementor-widget-wrap elementor-element-populated\">\n\t\t\t\t\t\t<div class=\"elementor-element elementor-element-6e34aa61 elementor-widget elementor-widget-heading\" data-id=\"6e34aa61\" data-element_type=\"widget\" data-e-type=\"widget\" data-widget_type=\"heading.default\">\n\t\t\t\t<div class=\"elementor-widget-container\">\n\t\t\t\t\t<h1 class=\"elementor-heading-title elementor-size-default\">\u0395\u03ba\u03c0\u03b1\u03b9\u03b4\u03b5\u03c5\u03c4\u03b9\u03ba\u03ad\u03c2 \u03b5\u03c0\u03b9\u03c3\u03ba\u03ad\u03c8\u03b5\u03b9\u03c2<\/h1>\t\t\t\t<\/div>\n\t\t\t\t<\/div>\n\t\t\t\t\t<\/div>\n\t\t<\/div>\n\t\t\t\t<div class=\"elementor-column elementor-col-50 elementor-top-column elementor-element elementor-element-3307fd84 elementor-hidden-phone\" data-id=\"3307fd84\" data-element_type=\"column\" data-e-type=\"column\" data-settings=\"{&quot;background_background&quot;:&quot;classic&quot;}\">\n\t\t\t<div class=\"elementor-widget-wrap\">\n\t\t\t\t\t\t\t<\/div>\n\t\t<\/div>\n\t\t\t\t\t<\/div>\n\t\t<\/section>\n\t\t\t\t<section class=\"elementor-section elementor-top-section elementor-element elementor-element-108cec1b elementor-section-boxed elementor-section-height-default elementor-section-height-default\" data-id=\"108cec1b\" data-element_type=\"section\" data-e-type=\"section\" data-settings=\"{&quot;animation&quot;:&quot;none&quot;,&quot;_ha_eqh_enable&quot;:false}\">\n\t\t\t\t\t\t<div class=\"elementor-container elementor-column-gap-default\">\n\t\t\t\t\t<div class=\"elementor-column elementor-col-100 elementor-top-column elementor-element elementor-element-79de4917\" data-id=\"79de4917\" data-element_type=\"column\" data-e-type=\"column\">\n\t\t\t<div class=\"elementor-widget-wrap elementor-element-populated\">\n\t\t\t\t\t\t<div class=\"elementor-element elementor-element-1ae4d83b elementor-view-default elementor-invisible elementor-widget elementor-widget-icon\" data-id=\"1ae4d83b\" data-element_type=\"widget\" data-e-type=\"widget\" data-settings=\"{&quot;_animation&quot;:&quot;fadeInUp&quot;}\" data-widget_type=\"icon.default\">\n\t\t\t\t<div class=\"elementor-widget-container\">\n\t\t\t\t\t\t\t<div class=\"elementor-icon-wrapper\">\n\t\t\t<div class=\"elementor-icon\">\n\t\t\t<i aria-hidden=\"true\" class=\"icon icon-paper-plane\"><\/i>\t\t\t<\/div>\n\t\t<\/div>\n\t\t\t\t\t\t<\/div>\n\t\t\t\t<\/div>\n\t\t\t\t\t<\/div>\n\t\t<\/div>\n\t\t\t\t\t<\/div>\n\t\t<\/section>\n\t\t\t\t<section class=\"elementor-section elementor-top-section elementor-element elementor-element-5556da83 elementor-section-boxed elementor-section-height-default elementor-section-height-default elementor-invisible\" data-id=\"5556da83\" data-element_type=\"section\" data-e-type=\"section\" data-settings=\"{&quot;animation&quot;:&quot;fadeInUp&quot;,&quot;_ha_eqh_enable&quot;:false}\">\n\t\t\t\t\t\t<div class=\"elementor-container elementor-column-gap-default\">\n\t\t\t\t\t<div class=\"elementor-column elementor-col-100 elementor-top-column elementor-element elementor-element-6463cd87\" data-id=\"6463cd87\" data-element_type=\"column\" data-e-type=\"column\">\n\t\t\t<div class=\"elementor-widget-wrap elementor-element-populated\">\n\t\t\t\t\t\t<div class=\"elementor-element elementor-element-30ada812 elementor-widget elementor-widget-heading\" data-id=\"30ada812\" data-element_type=\"widget\" data-e-type=\"widget\" data-widget_type=\"heading.default\">\n\t\t\t\t<div class=\"elementor-widget-container\">\n\t\t\t\t\t<h1 class=\"elementor-heading-title elementor-size-default\">\u03a4\u03b9 \u03b5\u03af\u03bd\u03b1\u03b9 \u0395\u03ba\u03c0\u03b1\u03b9\u03b4\u03b5\u03c5\u03c4\u03b9\u03ba\u03ad\u03c2 \u03b5\u03c0\u03b9\u03c3\u03ba\u03ad\u03c8\u03b5\u03b9\u03c2;<\/h1>\t\t\t\t<\/div>\n\t\t\t\t<\/div>\n\t\t\t\t\t<\/div>\n\t\t<\/div>\n\t\t\t\t\t<\/div>\n\t\t<\/section>\n\t\t\t\t<section class=\"elementor-section elementor-top-section elementor-element elementor-element-269a1ee3 elementor-section-boxed elementor-section-height-default elementor-section-height-default elementor-invisible\" data-id=\"269a1ee3\" data-element_type=\"section\" data-e-type=\"section\" data-settings=\"{&quot;animation&quot;:&quot;fadeIn&quot;,&quot;_ha_eqh_enable&quot;:false}\">\n\t\t\t\t\t\t<div class=\"elementor-container elementor-column-gap-default\">\n\t\t\t\t\t<div class=\"elementor-column elementor-col-100 elementor-top-column elementor-element elementor-element-c89613\" data-id=\"c89613\" data-element_type=\"column\" data-e-type=\"column\">\n\t\t\t<div class=\"elementor-widget-wrap elementor-element-populated\">\n\t\t\t\t\t\t<div class=\"elementor-element elementor-element-167ad4cb elementor-widget-divider--view-line_icon elementor-view-default elementor-widget-divider--element-align-center elementor-widget elementor-widget-divider\" data-id=\"167ad4cb\" data-element_type=\"widget\" data-e-type=\"widget\" data-widget_type=\"divider.default\">\n\t\t\t\t<div class=\"elementor-widget-container\">\n\t\t\t\t\t\t\t<div class=\"elementor-divider\">\n\t\t\t<span class=\"elementor-divider-separator\">\n\t\t\t\t\t\t\t<div class=\"elementor-icon elementor-divider__element\">\n\t\t\t\t\t<i aria-hidden=\"true\" class=\"icon icon-paper-plane\"><\/i><\/div>\n\t\t\t\t\t\t<\/span>\n\t\t<\/div>\n\t\t\t\t\t\t<\/div>\n\t\t\t\t<\/div>\n\t\t\t\t\t<\/div>\n\t\t<\/div>\n\t\t\t\t\t<\/div>\n\t\t<\/section>\n\t\t\t\t<section class=\"elementor-section elementor-top-section elementor-element elementor-element-67522da elementor-section-boxed elementor-section-height-default elementor-section-height-default elementor-invisible\" data-id=\"67522da\" data-element_type=\"section\" data-e-type=\"section\" data-settings=\"{&quot;animation&quot;:&quot;fadeInUp&quot;,&quot;_ha_eqh_enable&quot;:false}\">\n\t\t\t\t\t\t<div class=\"elementor-container elementor-column-gap-default\">\n\t\t\t\t\t<div class=\"elementor-column elementor-col-100 elementor-top-column elementor-element elementor-element-a1a5eac\" data-id=\"a1a5eac\" data-element_type=\"column\" data-e-type=\"column\">\n\t\t\t<div class=\"elementor-widget-wrap elementor-element-populated\">\n\t\t\t\t\t\t<div class=\"elementor-element elementor-element-4ece5ec elementor-widget elementor-widget-text-editor\" data-id=\"4ece5ec\" data-element_type=\"widget\" data-e-type=\"widget\" data-widget_type=\"text-editor.default\">\n\t\t\t\t<div class=\"elementor-widget-container\">\n\t\t\t\t\t\t\t\t\t<p style=\"text-align: center;\">\u039f\u03b9 \u03b5\u03ba\u03c0\u03b1\u03b9\u03b4\u03b5\u03c5\u03c4\u03b9\u03ba\u03ad\u03c2 \u03b5\u03c0\u03b9\u03c3\u03ba\u03ad\u03c8\u03b5\u03b9\u03c2  \u03b1\u03c0\u03bf\u03c4\u03b5\u03bb\u03bf\u03cd\u03bd \u03b9\u03c3\u03c7\u03c5\u03c1\u03ae \u03b5\u03c5\u03ba\u03b1\u03b9\u03c1\u03af\u03b1 \u03b3\u03b9\u03b1 \u03c4\u03b7\u03bd \u03b1\u03bd\u03ac\u03c0\u03c4\u03c5\u03be\u03b7 \u03c3\u03c5\u03bd\u03b5\u03c1\u03b3\u03b5\u03b9\u03ce\u03bd \u03bc\u03b5\u03c4\u03b1\u03be\u03cd \u03c4\u03c9\u03bd \u039f\u039a\u03a0 \u03ba\u03b1\u03b9 \u03b3\u03b9\u03b1 \u03c4\u03b7\u03bd \u03b1\u03bc\u03bf\u03b9\u03b2\u03b1\u03af\u03b1 \u03bc\u03ac\u03b8\u03b7\u03c3\u03b7, \u03c4\u03b7\u03bd \u03b1\u03bd\u03c4\u03b1\u03bb\u03bb\u03b1\u03b3\u03ae \u03c0\u03bb\u03b7\u03c1\u03bf\u03c6\u03bf\u03c1\u03b9\u03ce\u03bd \u03ba\u03b1\u03b9 \u03c4\u03b7 \u03b4\u03b9\u03ba\u03c4\u03cd\u03c9\u03c3\u03b7 \u03b3\u03b9\u03b1 \u03bd\u03ad\u03b5\u03c2 \u03c3\u03c5\u03bd\u03b5\u03c1\u03b3\u03b1\u03c3\u03af\u03b5\u03c2.\u00a0<\/p><p style=\"text-align: center;\">\u0393\u03b9\u03b1 \u03bd\u03b1 \u03b5\u03bd\u03ce\u03c3\u03bf\u03c5\u03bd \u03bf\u03b9 \u03c0\u03bf\u03bb\u03af\u03c4\u03b5\u03c2 \u03c4\u03b9\u03c2 \u03b4\u03c5\u03bd\u03ac\u03bc\u03b5\u03b9\u03c2 \u03c4\u03bf\u03c5\u03c2 \u03b3\u03cd\u03c1\u03c9 \u03b1\u03c0\u03cc \u03ba\u03bf\u03b9\u03bd\u03ac \u03c3\u03c5\u03bc\u03c6\u03ad\u03c1\u03bf\u03bd\u03c4\u03b1 \u03ba\u03b1\u03b9 \u03bd\u03b1 \u03b1\u03bd\u03b1\u03c0\u03c4\u03cd\u03be\u03bf\u03c5\u03bd \u03ba\u03bf\u03b9\u03bd\u03ad\u03c2 \u03b4\u03c1\u03ac\u03c3\u03b5\u03b9\u03c2 \u03ba\u03b1\u03b9 \u03bd\u03b1 \u03b4\u03b9\u03b5\u03c5\u03ba\u03bf\u03bb\u03c5\u03bd\u03b8\u03b5\u03af \u03b7 \u03b4\u03b9\u03ba\u03c4\u03cd\u03c9\u03c3\u03b7 \u03bc\u03b5\u03c4\u03b1\u03be\u03cd \u03c4\u03c9\u03bd \u03bf\u03c1\u03b3\u03b1\u03bd\u03b9\u03c3\u03bc\u03ce\u03bd \u03c4\u03b7\u03c2 \u0395\u0395  \u03ba\u03b1\u03b9 \u03c4\u03c9\u03bd \u039f\u039a\u03a0, \u03c4\u03bf Civic Space \u03b4\u03b9\u03bf\u03c1\u03b3\u03b1\u03bd\u03ce\u03bd\u03b5\u03b9 \u03b5\u03c0\u03b9\u03c3\u03ba\u03ad\u03c8\u03b5\u03b9\u03c2 \u03c3\u03c4\u03b1 \u03ba\u03c1\u03ac\u03c4\u03b7 \u03bc\u03ad\u03bb\u03b7 \u03c4\u03b7\u03c2 \u0395\u03c5\u03c1\u03c9\u03c0\u03b1\u03ca\u03ba\u03ae\u03c2 \u0388\u03bd\u03c9\u03c3\u03b7\u03c2 \u03ba\u03b1\u03b9 \u03c3\u03c4\u03b9\u03c2 \u03c7\u03ce\u03c1\u03b5\u03c2 \u03c4\u03bf\u03c5 \u039c\u03a0\u0392. \u039f\u03b9 \u03b5\u03ba\u03c0\u03b1\u03b9\u03b4\u03b5\u03c5\u03c4\u03b9\u03ba\u03ad\u03c2 \u03b5\u03c0\u03b9\u03c3\u03ba\u03ad\u03c8\u03b5\u03b9\u03c2, \u03bc\u03b5 \u03c3\u03c5\u03bd\u03b1\u03bd\u03c4\u03ae\u03c3\u03b5\u03b9\u03c2 \u03bc\u03b5 \u03c4\u03bf\u03c0\u03b9\u03ba\u03ad\u03c2 \u039f\u039a\u03a0 \u03ae \u03ba\u03b5\u03bd\u03c4\u03c1\u03b9\u03ba\u03ad\u03c2 \u03bf\u03c1\u03b3\u03b1\u03bd\u03ce\u03c3\u03b5\u03b9\u03c2 \u03ba\u03b1\u03b9 \u03c3\u03c5\u03bd\u03b1\u03bd\u03c4\u03ae\u03c3\u03b5\u03b9\u03c2 \u03bc\u03b5 \u03b2\u03b1\u03c3\u03b9\u03ba\u03bf\u03cd\u03c2 \u03c0\u03b1\u03c1\u03ac\u03b3\u03bf\u03bd\u03c4\u03b5\u03c2 \u03b3\u03b9\u03b1 \u03c3\u03c5\u03b3\u03ba\u03b5\u03ba\u03c1\u03b9\u03bc\u03ad\u03bd\u03b1 \u03b8\u03ad\u03bc\u03b1\u03c4\u03b1, \u03b5\u03c0\u03b9\u03c4\u03c1\u03ad\u03c0\u03bf\u03c5\u03bd \u03c3\u03c4\u03b9\u03c2 \u039a\u03c5\u03c0\u03c1\u03b9\u03b1\u03ba\u03ad\u03c2 \u039f\u039a\u03a0 \u03bd\u03b1 \u03b1\u03c5\u03be\u03ae\u03c3\u03bf\u03c5\u03bd \u03c4\u03b9\u03c2 \u03b3\u03bd\u03ce\u03c3\u03b5\u03b9\u03c2 \u03c4\u03bf\u03c5\u03c2 \u03ba\u03b1\u03b9 \u03c4\u03b7\u03bd \u03b4\u03c5\u03bd\u03b1\u03c4\u03cc\u03c4\u03b7\u03c4\u03ac \u03c4\u03bf\u03c5\u03c2 \u03bd\u03b1 \u03b4\u03c1\u03bf\u03c5\u03bd \u03bc\u03ad\u03c3\u03c9 \u03c4\u03c9\u03bd \u03b5\u03bc\u03c0\u03b5\u03b9\u03c1\u03b9\u03ce\u03bd \u03ba\u03b1\u03b9 \u03c4\u03c9\u03bd \u03c0\u03c1\u03b1\u03ba\u03c4\u03b9\u03ba\u03ce\u03bd \u03c4\u03c9\u03bd \u03ac\u03bb\u03bb\u03c9\u03bd.<\/p>\t\t\t\t\t\t\t\t<\/div>\n\t\t\t\t<\/div>\n\t\t\t\t\t<\/div>\n\t\t<\/div>\n\t\t\t\t\t<\/div>\n\t\t<\/section>\n\t\t\t\t<section class=\"elementor-section elementor-top-section elementor-element elementor-element-f5eb676 elementor-section-boxed elementor-section-height-default elementor-section-height-default elementor-invisible\" data-id=\"f5eb676\" data-element_type=\"section\" data-e-type=\"section\" data-settings=\"{&quot;animation&quot;:&quot;fadeInUp&quot;,&quot;_ha_eqh_enable&quot;:false}\">\n\t\t\t\t\t\t<div class=\"elementor-container elementor-column-gap-default\">\n\t\t\t\t\t<div class=\"elementor-column elementor-col-100 elementor-top-column elementor-element elementor-element-3b2171eb\" data-id=\"3b2171eb\" data-element_type=\"column\" data-e-type=\"column\">\n\t\t\t<div class=\"elementor-widget-wrap elementor-element-populated\">\n\t\t\t\t\t\t<div class=\"elementor-element elementor-element-6ab9f21e elementor-widget elementor-widget-eael-adv-accordion\" data-id=\"6ab9f21e\" data-element_type=\"widget\" data-e-type=\"widget\" data-widget_type=\"eael-adv-accordion.default\">\n\t\t\t\t<div class=\"elementor-widget-container\">\n\t\t\t\t\t            <div class=\"eael-adv-accordion\" id=\"eael-adv-accordion-6ab9f21e\" data-scroll-on-click=\"no\" data-scroll-speed=\"300\" data-accordion-id=\"6ab9f21e\" data-accordion-type=\"accordion\" data-toogle-speed=\"300\">\n            <div class=\"eael-accordion-list\">\n\t\t\t\t\t<div id=\"imdiye-kadar-neler-yaptk-\" class=\"elementor-tab-title eael-accordion-header\" tabindex=\"0\" data-tab=\"1\" aria-controls=\"elementor-tab-content-1791\"><span class=\"eael-advanced-accordion-icon-closed\"><i aria-hidden=\"true\" class=\"fa-accordion-icon icon icon-history\"><\/i><\/span><span class=\"eael-advanced-accordion-icon-opened\"><i aria-hidden=\"true\" class=\"fa-accordion-icon fas fa-minus\"><\/i><\/span><span class=\"eael-accordion-tab-title\">\u03a4\u03b9 \u03ad\u03c7\u03bf\u03c5\u03bc\u03b5 \u03ba\u03ac\u03bd\u03b5\u03b9 \u03bc\u03ad\u03c7\u03c1\u03b9 \u03c4\u03ce\u03c1\u03b1; <\/span><i aria-hidden=\"true\" class=\"fa-toggle fas fa-angle-right\"><\/i><\/div><div id=\"elementor-tab-content-1791\" class=\"eael-accordion-content clearfix\" data-tab=\"1\" aria-labelledby=\"imdiye-kadar-neler-yaptk-\"><p>Sivil Alan&#8217;\u0131n d\u00fczenledi\u011fi \u00e7ok say\u0131daki \u00e7al\u0131\u015fma ziyareti aras\u0131nda a\u015fa\u011f\u0131dakiler de yer alm\u0131\u015ft\u0131r:<\/p><ul><li>\u0130nsan Ticaretiyle M\u00fccadele konulu tematik gruptan 8 K\u0131br\u0131sl\u0131 T\u00fcrk ST\u00d6 bilgi seviyelerini, deneyimlerini, ortakl\u0131k potansiyellerini ve AB d\u00fczeyinde a\u011f olu\u015fturma olanaklar\u0131n\u0131 art\u0131rmak amac\u0131yla Br\u00fcksel ve Amsterdam&#8217;a \u00e7al\u0131\u015fma ziyareti d\u00fczenlenmi\u015ftir.<\/li><li>11 KT ve KR ST\u00d6 temsilcileri Belgrad&#8217;da d\u00fczenlenen Uluslararas\u0131 Sivil Toplum Haftas\u0131na (CIVICUS ICSW) kat\u0131larak di\u011fer \u00fclkelerden ve k\u0131talardan gelen ST\u00d6&#8217;lerle ba\u011f kurmu\u015f, tart\u0131\u015fmalar y\u00fcr\u00fct\u00fcm\u00fc\u015f ve ortak \u00e7\u00f6z\u00fcm \u00f6nerileri payla\u015fm\u0131\u015flard\u0131r.<\/li><li>12 KT ve KR ST\u00d6 temsilcisi Avrupa Kalk\u0131nma G\u00fcnlerine kat\u0131larak, Avrupa ST\u00d6 a\u011flar\u0131 ve Avrupa Komisyonu ile hem savunuculuk faaliyeti y\u00fcr\u00fcten ST\u00d6&#8217;ler olarak hem de uygulamada yer alan ST\u00d6&#8217;ler olarak S\u00fcrd\u00fcr\u00fclebilir Kalk\u0131nma Ama\u00e7lar\u0131na ula\u015fma kapasitelerini g\u00fc\u00e7lendirme konular\u0131n\u0131 g\u00f6r\u00fc\u015fm\u00fc\u015flerdir.<\/li><\/ul><p>Buna paralel olarak, Desteklenen 92 Aktif Yurtta\u015fl\u0131k Mekanizmas\u0131 (AYM) \u00e7al\u0131\u015fmas\u0131ndan 30&#8217;u i\u00e7erisinde AB \u00dcye \u00dclkeleri veya AB IPA \u00fclkeleriyle farkl\u0131 ortakl\u0131k kurma ve bilgi payla\u015f\u0131m\u0131 unsurlar\u0131 yer alm\u0131\u015ft\u0131r.<\/p><\/div>\n\t\t\t\t\t<\/div><div class=\"eael-accordion-list\">\n\t\t\t\t\t<div id=\"yaklaan-etkinlikler-\" class=\"elementor-tab-title eael-accordion-header\" tabindex=\"0\" data-tab=\"2\" aria-controls=\"elementor-tab-content-1792\"><span class=\"eael-advanced-accordion-icon-closed\"><i aria-hidden=\"true\" class=\"fa-accordion-icon icon icon-calendar\"><\/i><\/span><span class=\"eael-advanced-accordion-icon-opened\"><i aria-hidden=\"true\" class=\"fa-accordion-icon fas fa-minus\"><\/i><\/span><span class=\"eael-accordion-tab-title\">\u03a0\u03c1\u03bf\u03c3\u03b5\u03c7\u03b5\u03af\u03c2 \u03b4\u03c1\u03b1\u03c3\u03c4\u03b7\u03c1\u03b9\u03cc\u03c4\u03b7\u03c4\u03b5\u03c2 <\/span><i aria-hidden=\"true\" class=\"fa-toggle fas fa-angle-right\"><\/i><\/div><div id=\"elementor-tab-content-1792\" class=\"eael-accordion-content clearfix\" data-tab=\"2\" aria-labelledby=\"yaklaan-etkinlikler-\"><p>2021&#8217;nin Haziran ay\u0131ndan 2023&#8217;e kadar iki \u00e7al\u0131\u015fma ziyaretinin yap\u0131lmas\u0131 planlanmaktad\u0131r.<\/p><ul><li>Bir AB \u00fcye \u00fclkesine veya IPA \u00fclkesine ST\u00d6&#8217;lere y\u00f6nelik elveri\u015fli ortam konusunda bir \u00e7al\u0131\u015fma ziyareti<\/li><li>\u039c\u03b9\u03b1 \u03b5\u03ba\u03c0\u03b1\u03b9\u03b4\u03b5\u03c5\u03c4\u03b9\u03ba\u03ae \u03b5\u03c0\u03af\u03c3\u03ba\u03b5\u03c8\u03b7 \u03bc\u03b5 \u03b8\u03ad\u03bc\u03b1 \u03c4\u03b9\u03c2 \u03c0\u03bf\u03bb\u03b9\u03c4\u03b9\u03ba\u03ad\u03c2 \u03b3\u03b9\u03b1 \u03c4\u03b7 \u03bd\u03b5\u03bf\u03bb\u03b1\u03af\u03b1<\/li><\/ul><p>\u00c7al\u0131\u015fma ziyaretlerinin yeri ve program\u0131 K\u0131br\u0131sl\u0131 aktivistler ile birlikte belirlenecek ve K\u0131br\u0131s&#8217;\u0131n b\u00fct\u00fcn toplumlar\u0131na a\u00e7\u0131k olacakt\u0131r.<\/p><\/div>\n\t\t\t\t\t<\/div><\/div>\t\t\t\t<\/div>\n\t\t\t\t<\/div>\n\t\t\t\t\t<\/div>\n\t\t<\/div>\n\t\t\t\t\t<\/div>\n\t\t<\/section>\n\t\t\t\t<\/div>","protected":false},"excerpt":{"rendered":"<p>\u00c7al\u0131\u015fma Ziyaretleri \u00c7al\u0131\u015fma Ziyaretleri Nedir? \u00c7al\u0131\u015fma ziyaretleri, ST\u00d6&#8217;ler aras\u0131nda sinerjinin olu\u015fturulmas\u0131na ve yeni i\u015fbirliklerinin geli\u015ftirilmesi i\u00e7in kar\u015f\u0131l\u0131kl\u0131 \u00f6\u011frenmeye, bilgi al\u0131\u015fveri\u015fine ve a\u011f olu\u015fturmaya olanak sa\u011flayan g\u00fc\u00e7l\u00fc bir f\u0131rsatt\u0131r.\u00a0 Sivil Alan,&hellip;<\/p>","protected":false},"author":11,"featured_media":0,"parent":0,"menu_order":0,"comment_status":"closed","ping_status":"closed","template":"","meta":{"_acf_changed":false,"footnotes":""},"class_list":["post-3115","page","type-page","status-publish","hentry"],"acf":[],"_links":{"self":[{"href":"https:\/\/civicspace.eu\/gr\/wp-json\/wp\/v2\/pages\/3115","targetHints":{"allow":["GET"]}}],"collection":[{"href":"https:\/\/civicspace.eu\/gr\/wp-json\/wp\/v2\/pages"}],"about":[{"href":"https:\/\/civicspace.eu\/gr\/wp-json\/wp\/v2\/types\/page"}],"author":[{"embeddable":true,"href":"https:\/\/civicspace.eu\/gr\/wp-json\/wp\/v2\/users\/11"}],"replies":[{"embeddable":true,"href":"https:\/\/civicspace.eu\/gr\/wp-json\/wp\/v2\/comments?post=3115"}],"version-history":[{"count":5,"href":"https:\/\/civicspace.eu\/gr\/wp-json\/wp\/v2\/pages\/3115\/revisions"}],"predecessor-version":[{"id":3980,"href":"https:\/\/civicspace.eu\/gr\/wp-json\/wp\/v2\/pages\/3115\/revisions\/3980"}],"wp:attachment":[{"href":"https:\/\/civicspace.eu\/gr\/wp-json\/wp\/v2\/media?parent=3115"}],"curies":[{"name":"wp","href":"https:\/\/api.w.org\/{rel}","templated":true}]}}