{"id":3610,"date":"2021-09-13T14:51:40","date_gmt":"2021-09-13T11:51:40","guid":{"rendered":"https:\/\/cagrioner.com\/civicspace\/?page_id=3610"},"modified":"2022-01-18T12:09:06","modified_gmt":"2022-01-18T09:09:06","slug":"sto-veritabani-kayit-formu","status":"publish","type":"page","link":"https:\/\/civicspace.eu\/gr\/sto-veritabani-kayit-formu\/","title":{"rendered":"ST\u00d6 Veri Taban\u0131 Kay\u0131t Formu"},"content":{"rendered":"<div data-elementor-type=\"wp-page\" data-elementor-id=\"3610\" class=\"elementor elementor-3610\" data-elementor-settings=\"{&quot;ha_cmc_init_switcher&quot;:&quot;no&quot;}\">\n\t\t\t\t\t\t<section class=\"elementor-section elementor-top-section elementor-element elementor-element-4e44ea9 elementor-section-boxed elementor-section-height-default elementor-section-height-default\" data-id=\"4e44ea9\" data-element_type=\"section\" data-e-type=\"section\" data-settings=\"{&quot;_ha_eqh_enable&quot;:false}\">\n\t\t\t\t\t\t<div class=\"elementor-container elementor-column-gap-default\">\n\t\t\t\t\t<div class=\"elementor-column elementor-col-100 elementor-top-column elementor-element elementor-element-fbcb271\" data-id=\"fbcb271\" data-element_type=\"column\" data-e-type=\"column\">\n\t\t\t<div class=\"elementor-widget-wrap elementor-element-populated\">\n\t\t\t\t\t\t<div class=\"elementor-element elementor-element-57ef55c elementor-widget elementor-widget-text-editor\" data-id=\"57ef55c\" data-element_type=\"widget\" data-e-type=\"widget\" data-widget_type=\"text-editor.default\">\n\t\t\t\t<div class=\"elementor-widget-container\">\n\t\t\t\t\t\t\t\t\t<iframe src=\"https:\/\/docs.google.com\/forms\/d\/e\/1FAIpQLSeaxv8l4qYjyOgpuv6dYPYrCYYvnCRVZDqBZkLcExLug69PCA\/viewform?embedded=true\" width=\"640\" height=\"4195\" frameborder=\"0\" marginheight=\"0\" marginwidth=\"0\">Loading\u2026<\/iframe>\t\t\t\t\t\t\t\t<\/div>\n\t\t\t\t<\/div>\n\t\t\t\t\t<\/div>\n\t\t<\/div>\n\t\t\t\t\t<\/div>\n\t\t<\/section>\n\t\t\t\t<\/div>","protected":false},"excerpt":{"rendered":"<p>Loading\u2026<\/p>","protected":false},"author":11,"featured_media":0,"parent":0,"menu_order":0,"comment_status":"closed","ping_status":"closed","template":"","meta":{"_acf_changed":false,"footnotes":""},"class_list":["post-3610","page","type-page","status-publish","hentry"],"acf":[],"_links":{"self":[{"href":"https:\/\/civicspace.eu\/gr\/wp-json\/wp\/v2\/pages\/3610","targetHints":{"allow":["GET"]}}],"collection":[{"href":"https:\/\/civicspace.eu\/gr\/wp-json\/wp\/v2\/pages"}],"about":[{"href":"https:\/\/civicspace.eu\/gr\/wp-json\/wp\/v2\/types\/page"}],"author":[{"embeddable":true,"href":"https:\/\/civicspace.eu\/gr\/wp-json\/wp\/v2\/users\/11"}],"replies":[{"embeddable":true,"href":"https:\/\/civicspace.eu\/gr\/wp-json\/wp\/v2\/comments?post=3610"}],"version-history":[{"count":6,"href":"https:\/\/civicspace.eu\/gr\/wp-json\/wp\/v2\/pages\/3610\/revisions"}],"predecessor-version":[{"id":6452,"href":"https:\/\/civicspace.eu\/gr\/wp-json\/wp\/v2\/pages\/3610\/revisions\/6452"}],"wp:attachment":[{"href":"https:\/\/civicspace.eu\/gr\/wp-json\/wp\/v2\/media?parent=3610"}],"curies":[{"name":"wp","href":"https:\/\/api.w.org\/{rel}","templated":true}]}}