{"id":4273,"date":"2021-09-27T11:04:08","date_gmt":"2021-09-27T08:04:08","guid":{"rendered":"https:\/\/cagrioner.com\/civicspace\/?page_id=4273"},"modified":"2024-01-15T07:59:21","modified_gmt":"2024-01-15T05:59:21","slug":"temel-kavramlar","status":"publish","type":"page","link":"https:\/\/civicspace.eu\/gr\/temel-kavramlar\/","title":{"rendered":"\u0392\u03b1\u03c3\u03b9\u03ba\u03ad\u03c2 \u0388\u03bd\u03bd\u03bf\u03b9\u03b5\u03c2"},"content":{"rendered":"<div data-elementor-type=\"wp-page\" data-elementor-id=\"4273\" class=\"elementor elementor-4273\" data-elementor-settings=\"{&quot;ha_cmc_init_switcher&quot;:&quot;no&quot;}\">\n\t\t\t\t\t\t<\/div>","protected":false},"excerpt":{"rendered":"<p>Temel Kavramlar Avrupa Ekonomik Toplulu\u011fu (AET) \u00fclkeleri AB \u00fcyesi olmayan \u0130zlanda, Lihten\u015ftayn ve Norve\u00e7. AB IPA \u00fclkeleri Avrupa Birli\u011fi Kat\u0131l\u0131m \u00d6ncesi Mali Yard\u0131m Arac\u0131 (IPA), aday \u00fclkeleri veya potansiyel aday&hellip;<\/p>","protected":false},"author":11,"featured_media":0,"parent":0,"menu_order":0,"comment_status":"closed","ping_status":"closed","template":"","meta":{"_acf_changed":false,"footnotes":""},"class_list":["post-4273","page","type-page","status-publish","hentry"],"acf":[],"_links":{"self":[{"href":"https:\/\/civicspace.eu\/gr\/wp-json\/wp\/v2\/pages\/4273","targetHints":{"allow":["GET"]}}],"collection":[{"href":"https:\/\/civicspace.eu\/gr\/wp-json\/wp\/v2\/pages"}],"about":[{"href":"https:\/\/civicspace.eu\/gr\/wp-json\/wp\/v2\/types\/page"}],"author":[{"embeddable":true,"href":"https:\/\/civicspace.eu\/gr\/wp-json\/wp\/v2\/users\/11"}],"replies":[{"embeddable":true,"href":"https:\/\/civicspace.eu\/gr\/wp-json\/wp\/v2\/comments?post=4273"}],"version-history":[{"count":180,"href":"https:\/\/civicspace.eu\/gr\/wp-json\/wp\/v2\/pages\/4273\/revisions"}],"predecessor-version":[{"id":9712,"href":"https:\/\/civicspace.eu\/gr\/wp-json\/wp\/v2\/pages\/4273\/revisions\/9712"}],"wp:attachment":[{"href":"https:\/\/civicspace.eu\/gr\/wp-json\/wp\/v2\/media?parent=4273"}],"curies":[{"name":"wp","href":"https:\/\/api.w.org\/{rel}","templated":true}]}}