{"id":4524,"date":"2021-10-06T14:37:11","date_gmt":"2021-10-06T11:37:11","guid":{"rendered":"https:\/\/cagrioner.com\/civicspace\/?page_id=4524"},"modified":"2024-05-15T16:29:58","modified_gmt":"2024-05-15T13:29:58","slug":"rehberler","status":"publish","type":"page","link":"https:\/\/civicspace.eu\/gr\/rehberler\/","title":{"rendered":"\u039f\u03b4\u03b7\u03b3\u03bf\u03af"},"content":{"rendered":"<div data-elementor-type=\"wp-page\" data-elementor-id=\"4524\" class=\"elementor elementor-4524\" data-elementor-settings=\"{&quot;ha_cmc_init_switcher&quot;:&quot;no&quot;}\">\n\t\t\t\t\t\t<section class=\"elementor-section elementor-top-section elementor-element elementor-element-5bb402a elementor-section-boxed elementor-section-height-default elementor-section-height-default\" data-id=\"5bb402a\" data-element_type=\"section\" data-e-type=\"section\" data-settings=\"{&quot;_ha_eqh_enable&quot;:false}\">\n\t\t\t\t\t\t<div class=\"elementor-container elementor-column-gap-default\">\n\t\t\t\t\t<div class=\"elementor-column elementor-col-100 elementor-top-column elementor-element elementor-element-855da89\" data-id=\"855da89\" data-element_type=\"column\" data-e-type=\"column\">\n\t\t\t<div class=\"elementor-widget-wrap elementor-element-populated\">\n\t\t\t\t\t\t<div class=\"elementor-element elementor-element-27942df elementor-widget elementor-widget-heading\" data-id=\"27942df\" data-element_type=\"widget\" data-e-type=\"widget\" data-widget_type=\"heading.default\">\n\t\t\t\t<div class=\"elementor-widget-container\">\n\t\t\t\t\t<h1 class=\"elementor-heading-title elementor-size-default\">\u039f\u03b4\u03b7\u03b3\u03bf\u03af<\/h1>\t\t\t\t<\/div>\n\t\t\t\t<\/div>\n\t\t\t\t\t<\/div>\n\t\t<\/div>\n\t\t\t\t\t<\/div>\n\t\t<\/section>\n\t\t\t\t<section class=\"elementor-section elementor-top-section elementor-element elementor-element-2bef120 elementor-section-boxed elementor-section-height-default elementor-section-height-default\" data-id=\"2bef120\" data-element_type=\"section\" data-e-type=\"section\" data-settings=\"{&quot;_ha_eqh_enable&quot;:false}\">\n\t\t\t\t\t\t<div class=\"elementor-container elementor-column-gap-default\">\n\t\t\t\t\t<div class=\"elementor-column elementor-col-100 elementor-top-column elementor-element elementor-element-432d822\" data-id=\"432d822\" data-element_type=\"column\" data-e-type=\"column\">\n\t\t\t<div class=\"elementor-widget-wrap elementor-element-populated\">\n\t\t\t\t\t\t<div class=\"elementor-element elementor-element-453ed45 elementor-widget-divider--view-line elementor-widget elementor-widget-divider\" data-id=\"453ed45\" data-element_type=\"widget\" data-e-type=\"widget\" data-widget_type=\"divider.default\">\n\t\t\t\t<div class=\"elementor-widget-container\">\n\t\t\t\t\t\t\t<div class=\"elementor-divider\">\n\t\t\t<span class=\"elementor-divider-separator\">\n\t\t\t\t\t\t<\/span>\n\t\t<\/div>\n\t\t\t\t\t\t<\/div>\n\t\t\t\t<\/div>\n\t\t\t\t\t<\/div>\n\t\t<\/div>\n\t\t\t\t\t<\/div>\n\t\t<\/section>\n\t\t<div class=\"elementor-element elementor-element-492c0d5 e-flex e-con-boxed e-con e-parent\" data-id=\"492c0d5\" data-element_type=\"container\" data-e-type=\"container\" data-settings=\"{&quot;_ha_eqh_enable&quot;:false}\">\n\t\t\t\t\t<div class=\"e-con-inner\">\n\t\t\t\t<div class=\"elementor-element elementor-element-3aea0a5 elementor-grid-eael-col-4 elementor-grid-tablet-eael-col-2 elementor-grid-mobile-eael-col-1 elementor-widget elementor-widget-eael-post-grid\" data-id=\"3aea0a5\" data-element_type=\"widget\" data-e-type=\"widget\" data-settings=\"{&quot;eael_post_grid_columns&quot;:&quot;eael-col-4&quot;,&quot;eael_post_grid_columns_tablet&quot;:&quot;eael-col-2&quot;,&quot;eael_post_grid_columns_mobile&quot;:&quot;eael-col-1&quot;}\" data-widget_type=\"eael-post-grid.default\">\n\t\t\t\t<div class=\"elementor-widget-container\">\n\t\t\t\t\t<div id=\"eael-post-grid-3aea0a5\" class=\"eael-post-grid-container\">\n            <div class=\"eael-post-grid eael-post-appender eael-post-appender-3aea0a5 eael-post-grid-style-one\" data-layout-mode=\"grid\"><article class=\"eael-grid-post  eael-post-grid-column eael-pg-post-11190\" data-id=\"11190\">\n        <div class=\"eael-grid-post-holder\">\n            <div class=\"eael-grid-post-holder-inner\"><div class=\"eael-entry-media\"><div class=\"eael-entry-overlay fade-in\"><i class=\"fas fa-long-arrow-alt-right\" aria-hidden=\"true\"><\/i><a href=\"https:\/\/civicspace.eu\/gr\/belgeler\/oncelikler-destek-paketi\/\"><\/a><\/div><div class=\"eael-entry-thumbnail\">\n                <img fetchpriority=\"high\" decoding=\"async\" width=\"212\" height=\"300\" src=\"https:\/\/civicspace.eu\/wp-content\/uploads\/2025\/05\/w3-212x300.png\" class=\"attachment-medium size-medium wp-image-11193\" alt=\"\" srcset=\"https:\/\/civicspace.eu\/wp-content\/uploads\/2025\/05\/w3-212x300.png 212w, https:\/\/civicspace.eu\/wp-content\/uploads\/2025\/05\/w3-723x1024.png 723w, https:\/\/civicspace.eu\/wp-content\/uploads\/2025\/05\/w3-8x12.png 8w, https:\/\/civicspace.eu\/wp-content\/uploads\/2025\/05\/w3.png 751w\" sizes=\"(max-width: 212px) 100vw, 212px\" \/>\n            <\/div>\n        <\/div><div class=\"eael-entry-wrapper\"><header class=\"eael-entry-header\"><h2 class=\"eael-entry-title\"><a class=\"eael-grid-post-link\" href=\"https:\/\/civicspace.eu\/gr\/belgeler\/oncelikler-destek-paketi\/\" title=\"Grow Civic Priority Package\">Grow Civic Priority Package<\/a><\/h2><\/header><\/div><\/div>\n        <\/div>\n    <\/article><article class=\"eael-grid-post  eael-post-grid-column eael-pg-post-10454\" data-id=\"10454\">\n        <div class=\"eael-grid-post-holder\">\n            <div class=\"eael-grid-post-holder-inner\"><div class=\"eael-entry-media\"><div class=\"eael-entry-overlay fade-in\"><i class=\"fas fa-long-arrow-alt-right\" aria-hidden=\"true\"><\/i><a href=\"https:\/\/civicspace.eu\/gr\/belgeler\/gorunurluk-rehberi-3\/\"><\/a><\/div><div class=\"eael-entry-thumbnail\">\n                <img decoding=\"async\" width=\"213\" height=\"300\" src=\"https:\/\/civicspace.eu\/wp-content\/uploads\/2023\/12\/Gorunurluk-213x300.png\" class=\"attachment-medium size-medium wp-image-10449\" alt=\"\" srcset=\"https:\/\/civicspace.eu\/wp-content\/uploads\/2023\/12\/Gorunurluk-213x300.png 213w, https:\/\/civicspace.eu\/wp-content\/uploads\/2023\/12\/Gorunurluk-9x12.png 9w, https:\/\/civicspace.eu\/wp-content\/uploads\/2023\/12\/Gorunurluk.png 647w\" sizes=\"(max-width: 213px) 100vw, 213px\" \/>\n            <\/div>\n        <\/div><div class=\"eael-entry-wrapper\"><header class=\"eael-entry-header\"><h2 class=\"eael-entry-title\"><a class=\"eael-grid-post-link\" href=\"https:\/\/civicspace.eu\/gr\/belgeler\/gorunurluk-rehberi-3\/\" title=\"\u039a\u03b1\u03c4\u03b5\u03c5\u03b8\u03c5\u03bd\u03c4\u03ae\u03c1\u03b9\u03b1 \u03b3\u03c1\u03b1\u03bc\u03bc\u03ae \u03b3\u03b9\u03b1 \u03c4\u03b7\u03bd \u03bf\u03c1\u03b1\u03c4\u03cc\u03c4\u03b7\u03c4\u03b1\">\u039a\u03b1\u03c4\u03b5\u03c5\u03b8\u03c5\u03bd\u03c4\u03ae\u03c1\u03b9\u03b1 \u03b3\u03c1\u03b1\u03bc\u03bc\u03ae \u03b3\u03b9\u03b1 \u03c4\u03b7\u03bd \u03bf\u03c1\u03b1\u03c4\u03cc\u03c4\u03b7\u03c4\u03b1<\/a><\/h2><\/header><\/div><\/div>\n        <\/div>\n    <\/article><article class=\"eael-grid-post  eael-post-grid-column eael-pg-post-10435\" data-id=\"10435\">\n        <div class=\"eael-grid-post-holder\">\n            <div class=\"eael-grid-post-holder-inner\"><div class=\"eael-entry-media\"><div class=\"eael-entry-overlay fade-in\"><i class=\"fas fa-long-arrow-alt-right\" aria-hidden=\"true\"><\/i><a href=\"https:\/\/civicspace.eu\/gr\/belgeler\/destek-talep-formu-aktivistler-2\/\"><\/a><\/div><div class=\"eael-entry-thumbnail\">\n                <img decoding=\"async\" width=\"211\" height=\"300\" src=\"https:\/\/civicspace.eu\/wp-content\/uploads\/2024\/05\/WhatsApp-Image-2024-05-06-at-11.05.16_e638b738-211x300.jpg\" class=\"attachment-medium size-medium wp-image-10436\" alt=\"\" srcset=\"https:\/\/civicspace.eu\/wp-content\/uploads\/2024\/05\/WhatsApp-Image-2024-05-06-at-11.05.16_e638b738-211x300.jpg 211w, https:\/\/civicspace.eu\/wp-content\/uploads\/2024\/05\/WhatsApp-Image-2024-05-06-at-11.05.16_e638b738-8x12.jpg 8w, https:\/\/civicspace.eu\/wp-content\/uploads\/2024\/05\/WhatsApp-Image-2024-05-06-at-11.05.16_e638b738.jpg 583w\" sizes=\"(max-width: 211px) 100vw, 211px\" \/>\n            <\/div>\n        <\/div><div class=\"eael-entry-wrapper\"><header class=\"eael-entry-header\"><h2 class=\"eael-entry-title\"><a class=\"eael-grid-post-link\" href=\"https:\/\/civicspace.eu\/gr\/belgeler\/destek-talep-formu-aktivistler-2\/\" title=\"Destek Talep Formu: Aktivistler\">Destek Talep Formu: Aktivistler<\/a><\/h2><\/header><\/div><\/div>\n        <\/div>\n    <\/article><article class=\"eael-grid-post  eael-post-grid-column eael-pg-post-10431\" data-id=\"10431\">\n        <div class=\"eael-grid-post-holder\">\n            <div class=\"eael-grid-post-holder-inner\"><div class=\"eael-entry-media\"><div class=\"eael-entry-overlay fade-in\"><i class=\"fas fa-long-arrow-alt-right\" aria-hidden=\"true\"><\/i><a href=\"https:\/\/civicspace.eu\/gr\/belgeler\/destek-talep-formu-stoler-2\/\"><\/a><\/div><div class=\"eael-entry-thumbnail\">\n                <img loading=\"lazy\" decoding=\"async\" width=\"211\" height=\"300\" src=\"https:\/\/civicspace.eu\/wp-content\/uploads\/2024\/05\/Destek-Form-Sto-211x300.png\" class=\"attachment-medium size-medium wp-image-10445\" alt=\"\" srcset=\"https:\/\/civicspace.eu\/wp-content\/uploads\/2024\/05\/Destek-Form-Sto-211x300.png 211w, https:\/\/civicspace.eu\/wp-content\/uploads\/2024\/05\/Destek-Form-Sto-8x12.png 8w, https:\/\/civicspace.eu\/wp-content\/uploads\/2024\/05\/Destek-Form-Sto.png 645w\" sizes=\"(max-width: 211px) 100vw, 211px\" \/>\n            <\/div>\n        <\/div><div class=\"eael-entry-wrapper\"><header class=\"eael-entry-header\"><h2 class=\"eael-entry-title\"><a class=\"eael-grid-post-link\" href=\"https:\/\/civicspace.eu\/gr\/belgeler\/destek-talep-formu-stoler-2\/\" title=\"Destek Talep Formu: ST\u00d6&#8217;ler\">Destek Talep Formu: ST\u00d6&#8217;ler<\/a><\/h2><\/header><\/div><\/div>\n        <\/div>\n    <\/article><article class=\"eael-grid-post  eael-post-grid-column eael-pg-post-9427\" data-id=\"9427\">\n        <div class=\"eael-grid-post-holder\">\n            <div class=\"eael-grid-post-holder-inner\"><div class=\"eael-entry-media\"><div class=\"eael-entry-overlay fade-in\"><i class=\"fas fa-long-arrow-alt-right\" aria-hidden=\"true\"><\/i><a href=\"https:\/\/civicspace.eu\/gr\/belgeler\/uygunluk-ve-uyum-kontrol-rehberi\/\"><\/a><\/div><div class=\"eael-entry-thumbnail\">\n                <img loading=\"lazy\" decoding=\"async\" width=\"212\" height=\"300\" src=\"https:\/\/civicspace.eu\/wp-content\/uploads\/2023\/12\/Screenshot-2024-05-06-114049-212x300.png\" class=\"attachment-medium size-medium wp-image-10455\" alt=\"\" srcset=\"https:\/\/civicspace.eu\/wp-content\/uploads\/2023\/12\/Screenshot-2024-05-06-114049-212x300.png 212w, https:\/\/civicspace.eu\/wp-content\/uploads\/2023\/12\/Screenshot-2024-05-06-114049-8x12.png 8w, https:\/\/civicspace.eu\/wp-content\/uploads\/2023\/12\/Screenshot-2024-05-06-114049.png 646w\" sizes=\"(max-width: 212px) 100vw, 212px\" \/>\n            <\/div>\n        <\/div><div class=\"eael-entry-wrapper\"><header class=\"eael-entry-header\"><h2 class=\"eael-entry-title\"><a class=\"eael-grid-post-link\" href=\"https:\/\/civicspace.eu\/gr\/belgeler\/uygunluk-ve-uyum-kontrol-rehberi\/\" title=\"Uygunluk ve Uyum Kontrol Rehberi\">Uygunluk ve Uyum Kontrol Rehberi<\/a><\/h2><\/header><\/div><\/div>\n        <\/div>\n    <\/article><article class=\"eael-grid-post  eael-post-grid-column eael-pg-post-9399\" data-id=\"9399\">\n        <div class=\"eael-grid-post-holder\">\n            <div class=\"eael-grid-post-holder-inner\"><div class=\"eael-entry-media\"><div class=\"eael-entry-overlay fade-in\"><i class=\"fas fa-long-arrow-alt-right\" aria-hidden=\"true\"><\/i><a href=\"https:\/\/civicspace.eu\/gr\/belgeler\/request-guideline\/\"><\/a><\/div><div class=\"eael-entry-thumbnail\">\n                <img loading=\"lazy\" decoding=\"async\" width=\"213\" height=\"300\" src=\"https:\/\/civicspace.eu\/wp-content\/uploads\/2023\/12\/Screenshot-2024-05-06-114310-213x300.png\" class=\"attachment-medium size-medium wp-image-10461\" alt=\"\" srcset=\"https:\/\/civicspace.eu\/wp-content\/uploads\/2023\/12\/Screenshot-2024-05-06-114310-213x300.png 213w, https:\/\/civicspace.eu\/wp-content\/uploads\/2023\/12\/Screenshot-2024-05-06-114310-9x12.png 9w, https:\/\/civicspace.eu\/wp-content\/uploads\/2023\/12\/Screenshot-2024-05-06-114310.png 646w\" sizes=\"(max-width: 213px) 100vw, 213px\" \/>\n            <\/div>\n        <\/div><div class=\"eael-entry-wrapper\"><header class=\"eael-entry-header\"><h2 class=\"eael-entry-title\"><a class=\"eael-grid-post-link\" href=\"https:\/\/civicspace.eu\/gr\/belgeler\/request-guideline\/\" title=\"Destek Talep Rehberi\">Destek Talep Rehberi<\/a><\/h2><\/header><\/div><\/div>\n        <\/div>\n    <\/article><article class=\"eael-grid-post  eael-post-grid-column eael-pg-post-9357\" data-id=\"9357\">\n        <div class=\"eael-grid-post-holder\">\n            <div class=\"eael-grid-post-holder-inner\"><div class=\"eael-entry-media\"><div class=\"eael-entry-overlay fade-in\"><i class=\"fas fa-long-arrow-alt-right\" aria-hidden=\"true\"><\/i><a href=\"https:\/\/civicspace.eu\/gr\/belgeler\/uygulama-rehberi\/\"><\/a><\/div><div class=\"eael-entry-thumbnail\">\n                <img loading=\"lazy\" decoding=\"async\" width=\"211\" height=\"300\" src=\"https:\/\/civicspace.eu\/wp-content\/uploads\/2023\/12\/Uygulama-kapak-211x300.png\" class=\"attachment-medium size-medium wp-image-10441\" alt=\"\" srcset=\"https:\/\/civicspace.eu\/wp-content\/uploads\/2023\/12\/Uygulama-kapak-211x300.png 211w, https:\/\/civicspace.eu\/wp-content\/uploads\/2023\/12\/Uygulama-kapak-8x12.png 8w, https:\/\/civicspace.eu\/wp-content\/uploads\/2023\/12\/Uygulama-kapak.png 642w\" sizes=\"(max-width: 211px) 100vw, 211px\" \/>\n            <\/div>\n        <\/div><div class=\"eael-entry-wrapper\"><header class=\"eael-entry-header\"><h2 class=\"eael-entry-title\"><a class=\"eael-grid-post-link\" href=\"https:\/\/civicspace.eu\/gr\/belgeler\/uygulama-rehberi\/\" title=\"\u039f\u03b4\u03b7\u03b3\u03bf\u03af \u03a5\u03bb\u03bf\u03c0\u03bf\u03af\u03b7\u03c3\u03b7\u03c2\">\u039f\u03b4\u03b7\u03b3\u03bf\u03af \u03a5\u03bb\u03bf\u03c0\u03bf\u03af\u03b7\u03c3\u03b7\u03c2<\/a><\/h2><\/header><\/div><\/div>\n        <\/div>\n    <\/article><\/div>\n            <div class=\"clearfix\"><\/div>\n        <\/div>\t\t\t\t<\/div>\n\t\t\t\t<\/div>\n\t\t\t\t\t<\/div>\n\t\t\t\t<\/div>\n\t\t\t\t<\/div>","protected":false},"excerpt":{"rendered":"<p>Rehberler G\u00f6r\u00fcn\u00fcrl\u00fck Rehberi Destek Talep Formu: Aktivistler Destek Talep Formu: ST\u00d6&#8217;ler Uygunluk ve Uyum Kontrol Rehberi Destek Talep Rehberi Uygulama Rehberi<\/p>","protected":false},"author":11,"featured_media":0,"parent":0,"menu_order":0,"comment_status":"closed","ping_status":"closed","template":"","meta":{"_acf_changed":false,"footnotes":""},"class_list":["post-4524","page","type-page","status-publish","hentry"],"acf":[],"_links":{"self":[{"href":"https:\/\/civicspace.eu\/gr\/wp-json\/wp\/v2\/pages\/4524","targetHints":{"allow":["GET"]}}],"collection":[{"href":"https:\/\/civicspace.eu\/gr\/wp-json\/wp\/v2\/pages"}],"about":[{"href":"https:\/\/civicspace.eu\/gr\/wp-json\/wp\/v2\/types\/page"}],"author":[{"embeddable":true,"href":"https:\/\/civicspace.eu\/gr\/wp-json\/wp\/v2\/users\/11"}],"replies":[{"embeddable":true,"href":"https:\/\/civicspace.eu\/gr\/wp-json\/wp\/v2\/comments?post=4524"}],"version-history":[{"count":137,"href":"https:\/\/civicspace.eu\/gr\/wp-json\/wp\/v2\/pages\/4524\/revisions"}],"predecessor-version":[{"id":10657,"href":"https:\/\/civicspace.eu\/gr\/wp-json\/wp\/v2\/pages\/4524\/revisions\/10657"}],"wp:attachment":[{"href":"https:\/\/civicspace.eu\/gr\/wp-json\/wp\/v2\/media?parent=4524"}],"curies":[{"name":"wp","href":"https:\/\/api.w.org\/{rel}","templated":true}]}}