{"id":596,"date":"2021-06-26T14:18:16","date_gmt":"2021-06-26T11:18:16","guid":{"rendered":"https:\/\/cagrioner.com\/sivilalan\/?page_id=596"},"modified":"2026-04-01T12:59:07","modified_gmt":"2026-04-01T09:59:07","slug":"hakkimizda","status":"publish","type":"page","link":"https:\/\/civicspace.eu\/gr\/hakkimizda\/","title":{"rendered":"\u03a3\u03c7\u03b5\u03c4\u03b9\u03ba\u03ac \u03bc\u03b5 \u03b5\u03bc\u03ac\u03c2"},"content":{"rendered":"<div data-elementor-type=\"wp-page\" data-elementor-id=\"596\" class=\"elementor elementor-596\" data-elementor-settings=\"{&quot;ha_cmc_init_switcher&quot;:&quot;no&quot;}\">\n\t\t\t\t\t\t<section class=\"elementor-section elementor-top-section elementor-element elementor-element-4d0d605c elementor-section-stretched elementor-section-full_width elementor-section-height-min-height elementor-section-items-stretch hero_section elementor-section-height-default\" data-id=\"4d0d605c\" data-element_type=\"section\" data-e-type=\"section\" data-settings=\"{&quot;stretch_section&quot;:&quot;section-stretched&quot;,&quot;background_background&quot;:&quot;classic&quot;,&quot;_ha_eqh_enable&quot;:false}\">\n\t\t\t\t\t\t<div class=\"elementor-container elementor-column-gap-no\">\n\t\t\t\t\t<div class=\"elementor-column elementor-col-50 elementor-top-column elementor-element elementor-element-4e558d6f elementor-invisible\" data-id=\"4e558d6f\" data-element_type=\"column\" data-e-type=\"column\" data-settings=\"{&quot;background_background&quot;:&quot;classic&quot;,&quot;animation&quot;:&quot;fadeInLeft&quot;}\">\n\t\t\t<div class=\"elementor-widget-wrap elementor-element-populated\">\n\t\t\t\t\t\t<div class=\"elementor-element elementor-element-15ce5850 elementor-widget elementor-widget-heading\" data-id=\"15ce5850\" data-element_type=\"widget\" data-e-type=\"widget\" data-widget_type=\"heading.default\">\n\t\t\t\t<div class=\"elementor-widget-container\">\n\t\t\t\t\t<h1 class=\"elementor-heading-title elementor-size-default\">\u03a3\u03c7\u03b5\u03c4\u03b9\u03ba\u03ac \u03bc\u03b5 \u03b5\u03bc\u03ac\u03c2<\/h1>\t\t\t\t<\/div>\n\t\t\t\t<\/div>\n\t\t\t\t\t<\/div>\n\t\t<\/div>\n\t\t\t\t<div class=\"elementor-column elementor-col-50 elementor-top-column elementor-element elementor-element-77557deb elementor-hidden-phone\" data-id=\"77557deb\" data-element_type=\"column\" data-e-type=\"column\" data-settings=\"{&quot;background_background&quot;:&quot;classic&quot;}\">\n\t\t\t<div class=\"elementor-widget-wrap\">\n\t\t\t\t\t\t\t<\/div>\n\t\t<\/div>\n\t\t\t\t\t<\/div>\n\t\t<\/section>\n\t\t\t\t<section class=\"elementor-section elementor-top-section elementor-element elementor-element-b609f32 elementor-section-boxed elementor-section-height-default elementor-section-height-default\" data-id=\"b609f32\" data-element_type=\"section\" data-e-type=\"section\" data-settings=\"{&quot;_ha_eqh_enable&quot;:false}\">\n\t\t\t\t\t\t<div class=\"elementor-container elementor-column-gap-default\">\n\t\t\t\t\t<div class=\"elementor-column elementor-col-100 elementor-top-column elementor-element elementor-element-360ed5f\" data-id=\"360ed5f\" data-element_type=\"column\" data-e-type=\"column\">\n\t\t\t<div class=\"elementor-widget-wrap elementor-element-populated\">\n\t\t\t\t\t\t<div class=\"elementor-element elementor-element-bd2c5a7 elementor-invisible elementor-widget elementor-widget-heading\" data-id=\"bd2c5a7\" data-element_type=\"widget\" data-e-type=\"widget\" data-settings=\"{&quot;_animation&quot;:&quot;fadeInUp&quot;}\" data-widget_type=\"heading.default\">\n\t\t\t\t<div class=\"elementor-widget-container\">\n\t\t\t\t\t<h1 class=\"elementor-heading-title elementor-size-default\">\u0395\u03c1\u03b3\u03bf \u03c4\u03bf\u03c5 Civic Space<\/h1>\t\t\t\t<\/div>\n\t\t\t\t<\/div>\n\t\t\t\t\t<\/div>\n\t\t<\/div>\n\t\t\t\t\t<\/div>\n\t\t<\/section>\n\t\t\t\t<section class=\"elementor-section elementor-top-section elementor-element elementor-element-f40f10f elementor-section-boxed elementor-section-height-default elementor-section-height-default\" data-id=\"f40f10f\" data-element_type=\"section\" data-e-type=\"section\" data-settings=\"{&quot;_ha_eqh_enable&quot;:false}\">\n\t\t\t\t\t\t<div class=\"elementor-container elementor-column-gap-default\">\n\t\t\t\t\t<div class=\"elementor-column elementor-col-100 elementor-top-column elementor-element elementor-element-7374607\" data-id=\"7374607\" data-element_type=\"column\" data-e-type=\"column\">\n\t\t\t<div class=\"elementor-widget-wrap elementor-element-populated\">\n\t\t\t\t\t\t<div class=\"elementor-element elementor-element-2aee615 animated-slow elementor-invisible elementor-widget elementor-widget-text-editor\" data-id=\"2aee615\" data-element_type=\"widget\" data-e-type=\"widget\" data-settings=\"{&quot;_animation&quot;:&quot;fadeInLeft&quot;}\" data-widget_type=\"text-editor.default\">\n\t\t\t\t<div class=\"elementor-widget-container\">\n\t\t\t\t\t\t\t\t\t<p>\u03a4\u03bf Civic Space \u03b5\u03af\u03bd\u03b1\u03b9 \u03ad\u03bd\u03b1 \u0388\u03c1\u03b3\u03bf \u03a4\u03b5\u03c7\u03bd\u03b9\u03ba\u03ae\u03c2 \u0392\u03bf\u03ae\u03b8\u03b5\u03b9\u03b1\u03c2 \u03c0\u03bf\u03c5 \u03c7\u03c1\u03b7\u03bc\u03b1\u03c4\u03bf\u03b4\u03bf\u03c4\u03b5\u03af\u03c4\u03b1\u03b9 \u03b1\u03c0\u03cc \u03c4\u03b7\u03bd \u0395\u03c5\u03c1\u03c9\u03c0\u03b1\u03ca\u03ba\u03ae \u0388\u03bd\u03c9\u03c3\u03b7 (\u0395\u0395). \u03a3\u03c4\u03cc\u03c7\u03bf\u03c2 \u03c4\u03bf\u03c5 \u03b5\u03af\u03bd\u03b1\u03b9 \u03bd\u03b1 \u03c3\u03c5\u03bc\u03b2\u03ac\u03bb\u03b5\u03b9 \u03c3\u03c4\u03b7\u03bd \u03bf\u03b9\u03ba\u03bf\u03b4\u03cc\u03bc\u03b7\u03c3\u03b7 \u03bc\u03b9\u03b1\u03c2 \u03b9\u03c3\u03c7\u03c5\u03c1\u03cc\u03c4\u03b5\u03c1\u03b7\u03c2 \u03ba\u03bf\u03b9\u03bd\u03c9\u03bd\u03af\u03b1\u03c2 \u03c4\u03c9\u03bd \u03c0\u03bf\u03bb\u03b9\u03c4\u03ce\u03bd \u03c4\u03b7\u03c2 \u03a4\u03bf\u03c5\u03c1\u03ba\u03bf\u03ba\u03c5\u03c0\u03c1\u03b9\u03b1\u03ba\u03ae\u03c2 \u03ba\u03bf\u03b9\u03bd\u03cc\u03c4\u03b7\u03c4\u03b1\u03c2 (\u03a4\u039a\u039a), \u03b7 \u03bf\u03c0\u03bf\u03af\u03b1 \u03bd\u03b1 \u03c3\u03c4\u03b7\u03c1\u03af\u03b6\u03b5\u03b9 \u03c4\u03b9\u03c2 \u03b4\u03b7\u03bc\u03bf\u03ba\u03c1\u03b1\u03c4\u03b9\u03ba\u03ad\u03c2 \u03b1\u03bb\u03bb\u03b1\u03b3\u03ad\u03c2 \u03ba\u03b1\u03b9 \u03c4\u03b1 \u03bc\u03ad\u03c4\u03c1\u03b1 \u03bf\u03b9\u03ba\u03bf\u03b4\u03cc\u03bc\u03b7\u03c3\u03b7\u03c2 \u03b5\u03bc\u03c0\u03b9\u03c3\u03c4\u03bf\u03c3\u03cd\u03bd\u03b7\u03c2.&nbsp;<\/p>\n<p>\u03a4\u03b1 \u03c4\u03ad\u03c3\u03c3\u03b5\u03c1\u03b1 \u03b1\u03bd\u03b1\u03bc\u03b5\u03bd\u03cc\u03bc\u03b5\u03bd\u03b1 \u03b1\u03c0\u03bf\u03c4\u03b5\u03bb\u03ad\u03c3\u03bc\u03b1\u03c4\u03b1 \u03c4\u03bf\u03c5 Civic Space \u03b5\u03af\u03bd\u03b1\u03b9:<\/p>\n<ol>\n<li>\u039c\u03b5\u03b3\u03b1\u03bb\u03cd\u03c4\u03b5\u03c1\u03b7 \u03c3\u03c5\u03bc\u03bc\u03b5\u03c4\u03bf\u03c7\u03ae \u03c4\u03c9\u03bd \u03c0\u03bf\u03bb\u03b9\u03c4\u03ce\u03bd \u03c3\u03b5 \u03ba\u03bf\u03b9\u03bd\u03c9\u03bd\u03b9\u03ba\u03ad\u03c2 \u03b4\u03c1\u03ac\u03c3\u03b5\u03b9\u03c2.<\/li>\n<li>\u0395\u03bd\u03af\u03c3\u03c7\u03c5\u03c3\u03b7 \u03c4\u03b7\u03c2 \u03c3\u03c5\u03bc\u03bc\u03b5\u03c4\u03bf\u03c7\u03ae\u03c2 \u03c4\u03c9\u03bd \u039f\u03c1\u03b3\u03b1\u03bd\u03ce\u03c3\u03b5\u03c9\u03bd \u03c4\u03b7\u03c2 \u039a\u03bf\u03b9\u03bd\u03c9\u03bd\u03af\u03b1\u03c2 \u03c4\u03c9\u03bd \u03a0\u03bf\u03bb\u03b9\u03c4\u03ce\u03bd (\u039f\u039a\u03a0) \u03c3\u03c4\u03b1 \u03ba\u03bf\u03b9\u03bd\u03ac , \u03ba\u03b1\u03b9 \u03c4\u03bf\u03c5 \u03c1\u03cc\u03bb\u03bf\u03c5 \u03c4\u03bf\u03c5\u03c2 \u03c3\u03c4\u03b7 \u03b4\u03b9\u03b1\u03b4\u03b9\u03ba\u03b1\u03c3\u03af\u03b1 \u03bb\u03ae\u03c8\u03b5\u03c9\u03c2 \u03b1\u03c0\u03bf\u03c6\u03ac\u03c3\u03b5\u03c9\u03bd.<\/li>\n<li>\u03a0\u03c1\u03bf\u03ce\u03b8\u03b7\u03c3\u03b7 \u03b5\u03bd\u03cc\u03c2 \u03b5\u03c5\u03bd\u03bf\u03ca\u03ba\u03cc\u03c4\u03b5\u03c1\u03bf\u03c5 \u03c0\u03b5\u03c1\u03b9\u03b2\u03ac\u03bb\u03bb\u03bf\u03bd\u03c4\u03bf\u03c2 \u03b3\u03b9\u03b1 \u03c4\u03b9\u03c2 \u03b4\u03c1\u03ac\u03c3\u03b5\u03b9\u03c2 \u03c4\u03c9\u03bd \u039f\u039a\u03a0 \u03c3\u03c4\u03b7\u03bd \u03a4\u03bf\u03c5\u03c1\u03ba\u03bf\u03ba\u03c5\u03c0\u03c1\u03b9\u03b1\u03ba\u03ae \u03ba\u03bf\u03b9\u03bd\u03cc\u03c4\u03b7\u03c4\u03b1.<\/li>\n<li>\u0395\u03bd\u03b8\u03ac\u03c1\u03c1\u03c5\u03bd\u03c3\u03b7 \u03bc\u03b5\u03b3\u03b1\u03bb\u03cd\u03c4\u03b5\u03c1\u03c9\u03bd \u03b4\u03b5\u03c3\u03bc\u03ce\u03bd \u03bc\u03b5 \u03c4\u03b9\u03c2 \u039f\u039a\u03a0 \u03c3\u03c4\u03b7\u03bd \u0395\u03bb\u03bb\u03b7\u03bd\u03bf\u03ba\u03c5\u03c0\u03c1\u03b9\u03b1\u03ba\u03ae \u03ba\u03bf\u03b9\u03bd\u03cc\u03c4\u03b7\u03c4\u03b1 (\u0395\u039a\u039a).<\/li>\n<\/ol>\n<p>\u03a4\u03bf \u03ad\u03c1\u03b3\u03bf \u03be\u03b5\u03ba\u03af\u03bd\u03b7\u03c3\u03b5 \u03c4\u03bf\u03bd \u0394\u03b5\u03ba\u03ad\u03bc\u03b2\u03c1\u03b9\u03bf \u03c4\u03bf\u03c5 2020 \u03ba\u03b1\u03b9 \u03b8\u03b1 \u03c3\u03c5\u03bd\u03b5\u03c7\u03af\u03c3\u03b5\u03b9 \u03bd\u03b1 \u03bb\u03b5\u03b9\u03c4\u03bf\u03c5\u03c1\u03b3\u03b5\u03af \u03ad\u03c9\u03c2 \u03c4\u03bf\u03bd \u0394\u03b5\u03ba\u03ad\u03bc\u03b2\u03c1\u03b9\u03bf\u03c2 \u03c4\u03bf\u03c5 2025.<\/p>\t\t\t\t\t\t\t\t<\/div>\n\t\t\t\t<\/div>\n\t\t\t\t<div class=\"elementor-element elementor-element-c9d347f elementor-invisible elementor-widget elementor-widget-heading\" data-id=\"c9d347f\" data-element_type=\"widget\" data-e-type=\"widget\" data-settings=\"{&quot;_animation&quot;:&quot;fadeIn&quot;}\" data-widget_type=\"heading.default\">\n\t\t\t\t<div class=\"elementor-widget-container\">\n\t\t\t\t\t<h4 class=\"elementor-heading-title elementor-size-default\">\u039f\u03b9 \u03c3\u03c4\u03cc\u03c7\u03bf\u03b9 \u03bc\u03b1\u03c2<\/h4>\t\t\t\t<\/div>\n\t\t\t\t<\/div>\n\t\t\t\t<div class=\"elementor-element elementor-element-78499f2 elementor-widget-divider--view-line elementor-widget elementor-widget-divider\" data-id=\"78499f2\" data-element_type=\"widget\" data-e-type=\"widget\" data-widget_type=\"divider.default\">\n\t\t\t\t<div class=\"elementor-widget-container\">\n\t\t\t\t\t\t\t<div class=\"elementor-divider\">\n\t\t\t<span class=\"elementor-divider-separator\">\n\t\t\t\t\t\t<\/span>\n\t\t<\/div>\n\t\t\t\t\t\t<\/div>\n\t\t\t\t<\/div>\n\t\t\t\t<div class=\"elementor-element elementor-element-c8c1141 elementor-invisible elementor-widget elementor-widget-text-editor\" data-id=\"c8c1141\" data-element_type=\"widget\" data-e-type=\"widget\" data-settings=\"{&quot;_animation&quot;:&quot;fadeIn&quot;}\" data-widget_type=\"text-editor.default\">\n\t\t\t\t<div class=\"elementor-widget-container\">\n\t\t\t\t\t\t\t\t\t<p>\u0397 \u0395\u03c5\u03c1\u03c9\u03c0\u03b1\u03ca\u03ba\u03ae \u0395\u03c0\u03b9\u03c4\u03c1\u03bf\u03c0\u03ae \u03c0\u03b9\u03c3\u03c4\u03b5\u03cd\u03b5\u03b9 \u03cc\u03c4\u03b9 \u03bc\u03b9\u03b1 \u03b4\u03c5\u03bd\u03b1\u03bc\u03b9\u03ba\u03ae \u03ba\u03bf\u03b9\u03bd\u03c9\u03bd\u03af\u03b1 \u03c4\u03c9\u03bd \u03c0\u03bf\u03bb\u03b9\u03c4\u03ce\u03bd \u03b1\u03c0\u03bf\u03c4\u03b5\u03bb\u03b5\u03af \u03b6\u03c9\u03c4\u03b9\u03ba\u03ae \u03c3\u03c5\u03bd\u03b9\u03c3\u03c4\u03ce\u03c3\u03b1 \u03ba\u03ac\u03b8\u03b5 \u03b4\u03b7\u03bc\u03bf\u03ba\u03c1\u03b1\u03c4\u03b9\u03ba\u03bf\u03cd \u03c3\u03c5\u03c3\u03c4\u03ae\u03bc\u03b1\u03c4\u03bf\u03c2. \u0391\u03bd\u03c4\u03b9\u03c0\u03c1\u03bf\u03c3\u03c9\u03c0\u03b5\u03cd\u03b5\u03b9 \u03ba\u03b1\u03b9 \u03c0\u03c1\u03bf\u03ac\u03b3\u03b5\u03b9 \u03c4\u03bf\u03bd \u03c0\u03bb\u03bf\u03c5\u03c1\u03b1\u03bb\u03b9\u03c3\u03bc\u03cc \u03ba\u03b1\u03b9 \u03bc\u03c0\u03bf\u03c1\u03b5\u03af \u03bd\u03b1 \u03c3\u03c5\u03bc\u03b2\u03ac\u03bb\u03b5\u03b9 \u03c3\u03b5 \u03b1\u03c0\u03bf\u03c4\u03b5\u03bb\u03b5\u03c3\u03bc\u03b1\u03c4\u03b9\u03ba\u03cc\u03c4\u03b5\u03c1\u03b5\u03c2 \u03c0\u03bf\u03bb\u03b9\u03c4\u03b9\u03ba\u03ad\u03c2, \u03b4\u03af\u03ba\u03b1\u03b9\u03b7 \u03ba\u03b1\u03b9 \u03b2\u03b9\u03ce\u03c3\u03b9\u03bc\u03b7 \u03b1\u03bd\u03ac\u03c0\u03c4\u03c5\u03be\u03b7 \u03ba\u03b1\u03b9 \u03b1\u03bd\u03ac\u03c0\u03c4\u03c5\u03be\u03b7 \u03c7\u03c9\u03c1\u03af\u03c2 \u03b1\u03c0\u03bf\u03ba\u03bb\u03b5\u03b9\u03c3\u03bc\u03bf\u03cd\u03c2. \u0391\u03c0\u03bf\u03c4\u03b5\u03bb\u03b5\u03af \u03c3\u03b7\u03bc\u03b1\u03bd\u03c4\u03b9\u03ba\u03cc \u03c0\u03b1\u03c1\u03ac\u03b3\u03bf\u03bd\u03c4\u03b1 \u03b3\u03b9\u03b1 \u03c4\u03b7\u03bd \u03c0\u03c1\u03bf\u03ce\u03b8\u03b7\u03c3\u03b7 \u03c4\u03b7\u03c2 \u03b5\u03b9\u03c1\u03ae\u03bd\u03b7\u03c2 \u03ba\u03b1\u03b9 \u03c4\u03b7\u03bd \u03b5\u03c0\u03af\u03bb\u03c5\u03c3\u03b7 \u03c3\u03c5\u03b3\u03ba\u03c1\u03bf\u03cd\u03c3\u03b5\u03c9\u03bd \u0395\u03ba\u03c6\u03c1\u03ac\u03b6\u03bf\u03bd\u03c4\u03b1\u03c2 \u03c4\u03b9\u03c2 \u03b1\u03bd\u03b7\u03c3\u03c5\u03c7\u03af\u03b5\u03c2 \u03c4\u03c9\u03bd \u03c0\u03bf\u03bb\u03b9\u03c4\u03ce\u03bd, \u03bf\u03b9 \u03bf\u03c1\u03b3\u03b1\u03bd\u03ce\u03c3\u03b5\u03b9\u03c2 \u03c4\u03b7\u03c2 \u03ba\u03bf\u03b9\u03bd\u03c9\u03bd\u03af\u03b1\u03c2 \u03c4\u03c9\u03bd \u03c0\u03bf\u03bb\u03b9\u03c4\u03ce\u03bd (\u039f\u039a\u03a0) \u03c0\u03b1\u03c1\u03b1\u03bc\u03ad\u03bd\u03bf\u03c5\u03bd \u03b5\u03bd\u03b5\u03c1\u03b3\u03ad\u03c2 \u03c3\u03c4\u03bf\u03bd \u03b4\u03b7\u03bc\u03cc\u03c3\u03b9\u03bf \u03c7\u03ce\u03c1\u03bf, \u03c3\u03c5\u03bc\u03bc\u03b5\u03c4\u03ad\u03c7\u03bf\u03bd\u03c4\u03b1\u03c2 \u03c3\u03b5 \u03c0\u03c1\u03c9\u03c4\u03bf\u03b2\u03bf\u03c5\u03bb\u03af\u03b5\u03c2 \u03b3\u03b9\u03b1 \u03c4\u03b7\u03bd \u03c0\u03c1\u03bf\u03ce\u03b8\u03b7\u03c3\u03b7 \u03c4\u03b7\u03c2 \u03c3\u03c5\u03bc\u03bc\u03b5\u03c4\u03bf\u03c7\u03b9\u03ba\u03ae\u03c2 \u03b4\u03b7\u03bc\u03bf\u03ba\u03c1\u03b1\u03c4\u03af\u03b1\u03c2 \u03ba\u03b1\u03b9 \u03b4\u03b9\u03b1\u03ba\u03c5\u03b2\u03ad\u03c1\u03bd\u03b7\u03c3\u03b7\u03c2. \u03a3\u03c4\u03bf \u03c0\u03bb\u03b1\u03af\u03c3\u03b9\u03bf \u03b1\u03c5\u03c4\u03cc, \u03c4\u03bf Civic Space \u03ad\u03c7\u03b5\u03b9 \u03c9\u03c2 \u03c3\u03c4\u03cc\u03c7\u03bf \u03bd\u03b1 \u03b4\u03b9\u03b1\u03c3\u03c6\u03b1\u03bb\u03af\u03c3\u03b5\u03b9 \u03cc\u03c4\u03b9:<\/p>\n<ul>\n<li>\u03a4\u03bf \u03ba\u03bf\u03b9\u03bd\u03cc \u03ba\u03b1\u03b9 \u03b7 \u03c4\u03a4\u03bf\u03c5\u03c1\u03ba\u03bf\u03ba\u03c5\u03c0\u03c1\u03b9\u03b1\u03ba\u03ae \u03ba\u03bf\u03b9\u03bd\u03cc\u03c4\u03b7\u03c4\u03b1 \u03b5\u03bd\u03b7\u03bc\u03b5\u03c1\u03ce\u03bd\u03bf\u03bd\u03c4\u03b1\u03b9 \u03ba\u03b1\u03bb\u03cd\u03c4\u03b5\u03c1\u03b1 \u03b3\u03b9\u03b1 \u03c4\u03b9\u03c2 \u03b4\u03c1\u03ac\u03c3\u03b5\u03b9\u03c2 \u03c4\u03c9\u03bd \u039f\u039a\u03a0 \u03ba\u03b1\u03b9 \u03c3\u03c5\u03bc\u03bc\u03b5\u03c4\u03ad\u03c7\u03bf\u03c5\u03bd \u03c0\u03b5\u03c1\u03b9\u03c3\u03c3\u03cc\u03c4\u03b5\u03c1\u03bf \u03c3\u03c4\u03b9\u03c2 \u03b4\u03c1\u03ac\u03c3\u03b5\u03b9\u03c2 \u03ba\u03b1\u03b9 \u03c4\u03b7 \u03b4\u03b9\u03b1\u03c7\u03b5\u03af\u03c1\u03b9\u03c3\u03b7 \u03c4\u03c9\u03bd \u039f\u039a\u03a0.&nbsp;<\/li>\n<li>\u039f\u03b9 \u039f\u039a\u03a0 \u03b2\u03b5\u03bb\u03c4\u03b9\u03ce\u03bd\u03bf\u03c5\u03bd \u03c4\u03b9\u03c2 \u03b4\u03c5\u03bd\u03b1\u03c4\u03cc\u03c4\u03b7\u03c4\u03ad\u03c2  \u03c4\u03bf\u03c5\u03c2 \u03b5\u03bd \u03b3\u03ad\u03bd\u03b5\u03b9 \u03ba\u03b1\u03b9 \u03c5\u03b9\u03bf\u03b8\u03b5\u03c4\u03bf\u03cd\u03bd \u03bc\u03b9\u03b1 \u03c0\u03c1\u03bf\u03c3\u03ad\u03b3\u03b3\u03b9\u03c3\u03b7 \u03b2\u03b1\u03c3\u03b9\u03c3\u03bc\u03ad\u03bd\u03b7 \u03c3\u03c4\u03b1 \u03b4\u03b9\u03ba\u03b1\u03b9\u03ce\u03bc\u03b1\u03c4\u03b1 \u03b3\u03b9\u03b1 \u03c4\u03b7\u03bd \u03c5\u03c0\u03b5\u03c1\u03ac\u03c3\u03c0\u03b9\u03c3\u03b7 \u03b4\u03b7\u03bc\u03bf\u03ba\u03c1\u03b1\u03c4\u03b9\u03ba\u03ce\u03bd \u03b1\u03bb\u03bb\u03b1\u03b3\u03ce\u03bd, \u03bc\u03ad\u03c4\u03c1\u03c9\u03bd \u03bf\u03b9\u03ba\u03bf\u03b4\u03cc\u03bc\u03b7\u03c3\u03b7\u03c2 \u03b5\u03bc\u03c0\u03b9\u03c3\u03c4\u03bf\u03c3\u03cd\u03bd\u03b7\u03c2 \u03ba\u03b1\u03b9 \u03b5\u03bd\u03cc\u03c2 \u03b5\u03c5\u03bd\u03bf\u03ca\u03ba\u03cc\u03c4\u03b5\u03c1\u03bf\u03c5 \u03c0\u03b5\u03c1\u03b9\u03b2\u03ac\u03bb\u03bb\u03bf\u03bd\u03c4\u03bf\u03c2 \u03b3\u03b9\u03b1 \u03c4\u03b7\u03bd \u03ba\u03bf\u03b9\u03bd\u03c9\u03bd\u03af\u03b1 \u03c4\u03c9\u03bd \u03c0\u03bf\u03bb\u03b9\u03c4\u03ce\u03bd.&nbsp;<\/li>\n<li>Yerel organlar\u0131n ST\u00d6&#8217;lerin rolleri ve faaliyetleri hakk\u0131nda daha iyi bilgilendirilmeleri ve sivil toplum i\u00e7in b\u00fct\u00fcn\u00fcyle elveri\u015fli bir ortam\u0131n olu\u015fturulmas\u0131nda desteklenmeleri.<\/li>\n<li>\u039f\u03b9 \u03b1\u03bd\u03c4\u03b1\u03bb\u03bb\u03b1\u03b3\u03ad\u03c2 \u03ba\u03b1\u03b9 \u03bf\u03b9 \u03ba\u03bf\u03b9\u03bd\u03ad\u03c2 \u03b4\u03c1\u03ac\u03c3\u03b5\u03b9\u03c2 \u03bc\u03b5\u03c4\u03b1\u03be\u03cd \u0395\u03bb\u03bb\u03b7\u03bd\u03bf\u03ba\u03c5\u03c0\u03c1\u03b9\u03b1\u03ba\u03ce\u03bd \u03ba\u03b1\u03b9 \u03a4\u03bf\u03c5\u03c1\u03ba\u03bf\u03ba\u03c5\u03c0\u03c1\u03b9\u03b1\u03ba\u03ce\u03bd \u039f\u039a\u03a0 \u03b5\u03bd\u03c3\u03c9\u03bc\u03b1\u03c4\u03ce\u03bd\u03bf\u03bd\u03c4\u03b1\u03b9 \u03c3\u03b5 \u03cc\u03bb\u03b5\u03c2 \u03c4\u03b9\u03c2 \u03b4\u03c1\u03b1\u03c3\u03c4\u03b7\u03c1\u03b9\u03cc\u03c4\u03b7\u03c4\u03b5\u03c2 \u03c4\u03bf\u03c5 \u03ad\u03c1\u03b3\u03bf\u03c5.<\/li>\n<\/ul>\t\t\t\t\t\t\t\t<\/div>\n\t\t\t\t<\/div>\n\t\t\t\t\t<\/div>\n\t\t<\/div>\n\t\t\t\t\t<\/div>\n\t\t<\/section>\n\t\t\t\t<section class=\"elementor-section elementor-top-section elementor-element elementor-element-ab4087e elementor-section-boxed elementor-section-height-default elementor-section-height-default\" data-id=\"ab4087e\" data-element_type=\"section\" data-e-type=\"section\" data-settings=\"{&quot;_ha_eqh_enable&quot;:false}\">\n\t\t\t\t\t\t<div class=\"elementor-container elementor-column-gap-default\">\n\t\t\t\t\t<div class=\"elementor-column elementor-col-100 elementor-top-column elementor-element elementor-element-83661e0\" data-id=\"83661e0\" data-element_type=\"column\" data-e-type=\"column\">\n\t\t\t<div class=\"elementor-widget-wrap elementor-element-populated\">\n\t\t\t\t\t\t<div class=\"elementor-element elementor-element-7343e8b elementor-invisible elementor-widget elementor-widget-heading\" data-id=\"7343e8b\" data-element_type=\"widget\" data-e-type=\"widget\" data-settings=\"{&quot;_animation&quot;:&quot;fadeInLeft&quot;}\" data-widget_type=\"heading.default\">\n\t\t\t\t<div class=\"elementor-widget-container\">\n\t\t\t\t\t<h4 class=\"elementor-heading-title elementor-size-default\">\u0397 \u03bf\u03bc\u03ac\u03b4\u03b1 \u03bc\u03b1\u03c2<\/h4>\t\t\t\t<\/div>\n\t\t\t\t<\/div>\n\t\t\t\t\t<\/div>\n\t\t<\/div>\n\t\t\t\t\t<\/div>\n\t\t<\/section>\n\t\t\t\t<section class=\"elementor-section elementor-top-section elementor-element elementor-element-1d92c1d elementor-section-boxed elementor-section-height-default elementor-section-height-default elementor-invisible\" data-id=\"1d92c1d\" data-element_type=\"section\" data-e-type=\"section\" data-settings=\"{&quot;animation&quot;:&quot;zoomInUp&quot;,&quot;_ha_eqh_enable&quot;:false}\">\n\t\t\t\t\t\t<div class=\"elementor-container elementor-column-gap-default\">\n\t\t\t\t\t<div class=\"elementor-column elementor-col-100 elementor-top-column elementor-element elementor-element-3a152ca\" data-id=\"3a152ca\" data-element_type=\"column\" data-e-type=\"column\">\n\t\t\t<div class=\"elementor-widget-wrap elementor-element-populated\">\n\t\t\t\t\t\t<div class=\"elementor-element elementor-element-a2110bf elementor-widget-divider--view-line elementor-widget elementor-widget-divider\" data-id=\"a2110bf\" data-element_type=\"widget\" data-e-type=\"widget\" data-widget_type=\"divider.default\">\n\t\t\t\t<div class=\"elementor-widget-container\">\n\t\t\t\t\t\t\t<div class=\"elementor-divider\">\n\t\t\t<span class=\"elementor-divider-separator\">\n\t\t\t\t\t\t<\/span>\n\t\t<\/div>\n\t\t\t\t\t\t<\/div>\n\t\t\t\t<\/div>\n\t\t\t\t\t<\/div>\n\t\t<\/div>\n\t\t\t\t\t<\/div>\n\t\t<\/section>\n\t\t\t\t<\/div>","protected":false},"excerpt":{"rendered":"<p>Sivil Alan Projesi Sivil Alan Avrupa Birli\u011fi (AB) taraf\u0131ndan finanse edilen ve K\u0131br\u0131s T\u00fcrk toplumu (KTt) b\u00fcnyesinde demokratik de\u011fi\u015fim ve g\u00fcven artt\u0131r\u0131c\u0131 \u00f6nlemleri destekleyen daha g\u00fc\u00e7l\u00fc bir sivil toplumun olu\u015fturulmas\u0131na&hellip;<\/p>","protected":false},"author":11,"featured_media":2224,"parent":0,"menu_order":0,"comment_status":"closed","ping_status":"closed","template":"","meta":{"_acf_changed":false,"footnotes":""},"class_list":["post-596","page","type-page","status-publish","has-post-thumbnail","hentry"],"acf":[],"_links":{"self":[{"href":"https:\/\/civicspace.eu\/gr\/wp-json\/wp\/v2\/pages\/596","targetHints":{"allow":["GET"]}}],"collection":[{"href":"https:\/\/civicspace.eu\/gr\/wp-json\/wp\/v2\/pages"}],"about":[{"href":"https:\/\/civicspace.eu\/gr\/wp-json\/wp\/v2\/types\/page"}],"author":[{"embeddable":true,"href":"https:\/\/civicspace.eu\/gr\/wp-json\/wp\/v2\/users\/11"}],"replies":[{"embeddable":true,"href":"https:\/\/civicspace.eu\/gr\/wp-json\/wp\/v2\/comments?post=596"}],"version-history":[{"count":24,"href":"https:\/\/civicspace.eu\/gr\/wp-json\/wp\/v2\/pages\/596\/revisions"}],"predecessor-version":[{"id":10326,"href":"https:\/\/civicspace.eu\/gr\/wp-json\/wp\/v2\/pages\/596\/revisions\/10326"}],"wp:featuredmedia":[{"embeddable":true,"href":"https:\/\/civicspace.eu\/gr\/wp-json\/wp\/v2\/media\/2224"}],"wp:attachment":[{"href":"https:\/\/civicspace.eu\/gr\/wp-json\/wp\/v2\/media?parent=596"}],"curies":[{"name":"wp","href":"https:\/\/api.w.org\/{rel}","templated":true}]}}