{"id":659,"date":"2021-06-26T16:39:25","date_gmt":"2021-06-26T13:39:25","guid":{"rendered":"https:\/\/cagrioner.com\/sivilalan\/?page_id=659"},"modified":"2021-10-15T17:33:42","modified_gmt":"2021-10-15T14:33:42","slug":"takvim","status":"publish","type":"page","link":"https:\/\/civicspace.eu\/gr\/takvim\/","title":{"rendered":"\u0397\u03bc\u03b5\u03c1\u03bf\u03bb\u03cc\u03b3\u03b9\u03bf"},"content":{"rendered":"<div data-elementor-type=\"wp-page\" data-elementor-id=\"659\" class=\"elementor elementor-659\" data-elementor-settings=\"{&quot;ha_cmc_init_switcher&quot;:&quot;no&quot;}\">\n\t\t\t\t\t\t<section class=\"elementor-section elementor-top-section elementor-element elementor-element-5641e8c8 elementor-section-stretched elementor-section-full_width elementor-section-height-min-height elementor-section-items-stretch hero_section elementor-section-height-default\" data-id=\"5641e8c8\" data-element_type=\"section\" data-e-type=\"section\" data-settings=\"{&quot;stretch_section&quot;:&quot;section-stretched&quot;,&quot;background_background&quot;:&quot;classic&quot;,&quot;_ha_eqh_enable&quot;:false}\">\n\t\t\t\t\t\t<div class=\"elementor-container elementor-column-gap-no\">\n\t\t\t\t\t<div class=\"elementor-column elementor-col-50 elementor-top-column elementor-element elementor-element-4933c57a elementor-invisible\" data-id=\"4933c57a\" data-element_type=\"column\" data-e-type=\"column\" data-settings=\"{&quot;background_background&quot;:&quot;classic&quot;,&quot;animation&quot;:&quot;fadeInLeft&quot;}\">\n\t\t\t<div class=\"elementor-widget-wrap elementor-element-populated\">\n\t\t\t\t\t\t<div class=\"elementor-element elementor-element-7b8d9e7c elementor-widget elementor-widget-heading\" data-id=\"7b8d9e7c\" data-element_type=\"widget\" data-e-type=\"widget\" data-widget_type=\"heading.default\">\n\t\t\t\t<div class=\"elementor-widget-container\">\n\t\t\t\t\t<h1 class=\"elementor-heading-title elementor-size-default\">\u0397\u03bc\u03b5\u03c1\u03bf\u03bb\u03cc\u03b3\u03b9\u03bf<\/h1>\t\t\t\t<\/div>\n\t\t\t\t<\/div>\n\t\t\t\t\t<\/div>\n\t\t<\/div>\n\t\t\t\t<div class=\"elementor-column elementor-col-50 elementor-top-column elementor-element elementor-element-31c943f4 elementor-hidden-phone\" data-id=\"31c943f4\" data-element_type=\"column\" data-e-type=\"column\" data-settings=\"{&quot;background_background&quot;:&quot;classic&quot;}\">\n\t\t\t<div class=\"elementor-widget-wrap\">\n\t\t\t\t\t\t\t<\/div>\n\t\t<\/div>\n\t\t\t\t\t<\/div>\n\t\t<\/section>\n\t\t\t\t<section class=\"elementor-section elementor-top-section elementor-element elementor-element-f1f0613 elementor-section-boxed elementor-section-height-default elementor-section-height-default\" data-id=\"f1f0613\" data-element_type=\"section\" data-e-type=\"section\" data-settings=\"{&quot;_ha_eqh_enable&quot;:false}\">\n\t\t\t\t\t\t<div class=\"elementor-container elementor-column-gap-default\">\n\t\t\t\t\t<div class=\"elementor-column elementor-col-100 elementor-top-column elementor-element elementor-element-f555511\" data-id=\"f555511\" data-element_type=\"column\" data-e-type=\"column\">\n\t\t\t<div class=\"elementor-widget-wrap elementor-element-populated\">\n\t\t\t\t\t\t<div class=\"elementor-element elementor-element-fae9e5f elementor-widget elementor-widget-eael-adv-tabs\" data-id=\"fae9e5f\" data-element_type=\"widget\" data-e-type=\"widget\" data-widget_type=\"eael-adv-tabs.default\">\n\t\t\t\t<div class=\"elementor-widget-container\">\n\t\t\t\t\t        <div data-scroll-on-click=\"no\" data-scroll-speed=\"300\" id=\"eael-advance-tabs-fae9e5f\" class=\"eael-advance-tabs eael-tabs-horizontal eael-tab-auto-active  active-caret-on\" data-tabid=\"fae9e5f\">\n            <div class=\"eael-tabs-nav\">\n                <ul class=\"eael-tab-inline-icon\" role=\"tablist\">\n                                            <li id=\"gemi\" class=\"inactive eael-tab-item-trigger eael-tab-nav-item\" aria-selected=\"true\" data-tab=\"1\" role=\"tab\" tabindex=\"0\" aria-controls=\"gemi-tab\" aria-expanded=\"false\">\n                            \n                                                                <i class=\"icon icon-calendar1\"><\/i>                                                            \n                                                            <span class=\"eael-tab-title title-after-icon\" >\u03a0\u03b1\u03c1\u03b5\u03bb\u03b8\u03cc\u03bd<\/span>                            \n                                                    <\/li>\n                                            <li id=\"gelecek-\" class=\"active-default eael-tab-item-trigger eael-tab-nav-item\" aria-selected=\"false\" data-tab=\"2\" role=\"tab\" tabindex=\"-1\" aria-controls=\"gelecek--tab\" aria-expanded=\"false\">\n                            \n                                                                <i class=\"icon icon-calendar-1\"><\/i>                                                            \n                                                            <span class=\"eael-tab-title title-after-icon\" >\u039c\u03ad\u03bb\u03bb\u03bf\u03bd <\/span>                            \n                                                    <\/li>\n                                            <li id=\"sivil-by-destekli-etkinlikler\" class=\"inactive eael-tab-item-trigger eael-tab-nav-item\" aria-selected=\"false\" data-tab=\"3\" role=\"tab\" tabindex=\"-1\" aria-controls=\"sivil-by-destekli-etkinlikler-tab\" aria-expanded=\"false\">\n                            \n                                                                <i class=\"icon icon-magic-wand\"><\/i>                                                            \n                                                            <span class=\"eael-tab-title title-after-icon\" >\u03c7\u03bf\u03c1\u03b7\u03b3\u03bf\u03cd\u03bc\u03b5\u03bd\u03b5\u03c2 \u03b5\u03ba\u03b4\u03b7\u03bb\u03ce\u03c3\u03b5\u03b9\u03c2 \u03c4\u03bf\u03c5 Grow Civic<\/span>                            \n                                                    <\/li>\n                    \n                                  <\/ul>\n            <\/div>\n            \n            <div class=\"eael-tabs-content\">\n\t\t        \n                    <div id=\"gemi-tab\" class=\"clearfix eael-tab-content-item inactive\" data-title-link=\"gemi-tab\">\n\t\t\t\t        <style><\/style>\t\t<div data-elementor-type=\"section\" data-elementor-id=\"4634\" class=\"elementor elementor-4634\" data-elementor-settings=\"{&quot;ha_cmc_init_switcher&quot;:&quot;no&quot;}\">\n\t\t\t\t\t\t<section class=\"elementor-section elementor-top-section elementor-element elementor-element-61851e49 elementor-section-boxed elementor-section-height-default elementor-section-height-default\" data-id=\"61851e49\" data-element_type=\"section\" data-e-type=\"section\" data-settings=\"{&quot;_ha_eqh_enable&quot;:false}\">\n\t\t\t\t\t\t<div class=\"elementor-container elementor-column-gap-default\">\n\t\t\t\t\t<div class=\"elementor-column elementor-col-100 elementor-top-column elementor-element elementor-element-1d78baa7\" data-id=\"1d78baa7\" data-element_type=\"column\" data-e-type=\"column\">\n\t\t\t<div class=\"elementor-widget-wrap\">\n\t\t\t\t\t\t\t<\/div>\n\t\t<\/div>\n\t\t\t\t\t<\/div>\n\t\t<\/section>\n\t\t\t\t<\/div>\n\t\t                    <\/div>\n\t\t        \n                    <div id=\"gelecek--tab\" class=\"clearfix eael-tab-content-item active-default\" data-title-link=\"gelecek--tab\">\n\t\t\t\t        <style><\/style>\t\t<div data-elementor-type=\"section\" data-elementor-id=\"4619\" class=\"elementor elementor-4619\" data-elementor-settings=\"{&quot;ha_cmc_init_switcher&quot;:&quot;no&quot;}\">\n\t\t\t\t\t\t<section class=\"elementor-section elementor-top-section elementor-element elementor-element-315c77b2 elementor-section-full_width elementor-section-stretched elementor-section-height-default elementor-section-height-default\" data-id=\"315c77b2\" data-element_type=\"section\" data-e-type=\"section\" data-settings=\"{&quot;stretch_section&quot;:&quot;section-stretched&quot;,&quot;_ha_eqh_enable&quot;:false}\">\n\t\t\t\t\t\t<div class=\"elementor-container elementor-column-gap-default\">\n\t\t\t\t\t<div class=\"elementor-column elementor-col-100 elementor-top-column elementor-element elementor-element-352e7114\" data-id=\"352e7114\" data-element_type=\"column\" data-e-type=\"column\">\n\t\t\t<div class=\"elementor-widget-wrap\">\n\t\t\t\t\t\t\t<\/div>\n\t\t<\/div>\n\t\t\t\t\t<\/div>\n\t\t<\/section>\n\t\t\t\t<\/div>\n\t\t                    <\/div>\n\t\t        \n                    <div id=\"sivil-by-destekli-etkinlikler-tab\" class=\"clearfix eael-tab-content-item inactive\" data-title-link=\"sivil-by-destekli-etkinlikler-tab\">\n\t\t\t\t        <p>G\u00f6sterilecek etkinlik bulunamad\u0131.<\/p>                    <\/div>\n\t\t                    <\/div>\n        <\/div>\n\t\t\t\t<\/div>\n\t\t\t\t<\/div>\n\t\t\t\t\t<\/div>\n\t\t<\/div>\n\t\t\t\t\t<\/div>\n\t\t<\/section>\n\t\t\t\t<\/div>","protected":false},"excerpt":{"rendered":"<p>Takvim Ge\u00e7mi\u015f Gelecek Sivil B\u00fcy\u00fc Destekli Etkinlikler Uluslararas\u0131 Evrensel Bilgiye Eri\u015fim G\u00fcn\u00fc 28 Eyl\u00fcl ST\u00d6ler i\u00e7in Sivil B\u00fcy\u00fc Tan\u0131t\u0131m Toplant\u0131s\u0131 19\/10\/2021 &#8211; 19\/10\/2021 16:00 &#8211; Lefko\u015fa\/Nicosia Detaylar Ekim Aktivistler i\u00e7in&hellip;<\/p>","protected":false},"author":11,"featured_media":0,"parent":0,"menu_order":0,"comment_status":"closed","ping_status":"closed","template":"","meta":{"_acf_changed":false,"footnotes":""},"class_list":["post-659","page","type-page","status-publish","hentry"],"acf":[],"_links":{"self":[{"href":"https:\/\/civicspace.eu\/gr\/wp-json\/wp\/v2\/pages\/659","targetHints":{"allow":["GET"]}}],"collection":[{"href":"https:\/\/civicspace.eu\/gr\/wp-json\/wp\/v2\/pages"}],"about":[{"href":"https:\/\/civicspace.eu\/gr\/wp-json\/wp\/v2\/types\/page"}],"author":[{"embeddable":true,"href":"https:\/\/civicspace.eu\/gr\/wp-json\/wp\/v2\/users\/11"}],"replies":[{"embeddable":true,"href":"https:\/\/civicspace.eu\/gr\/wp-json\/wp\/v2\/comments?post=659"}],"version-history":[{"count":5,"href":"https:\/\/civicspace.eu\/gr\/wp-json\/wp\/v2\/pages\/659\/revisions"}],"predecessor-version":[{"id":5576,"href":"https:\/\/civicspace.eu\/gr\/wp-json\/wp\/v2\/pages\/659\/revisions\/5576"}],"wp:attachment":[{"href":"https:\/\/civicspace.eu\/gr\/wp-json\/wp\/v2\/media?parent=659"}],"curies":[{"name":"wp","href":"https:\/\/api.w.org\/{rel}","templated":true}]}}