{"id":676,"date":"2021-06-26T16:45:12","date_gmt":"2021-06-26T13:45:12","guid":{"rendered":"https:\/\/cagrioner.com\/sivilalan\/?page_id=676"},"modified":"2024-04-30T12:31:18","modified_gmt":"2024-04-30T09:31:18","slug":"iletisim-destegi","status":"publish","type":"page","link":"https:\/\/civicspace.eu\/gr\/iletisim-destegi\/","title":{"rendered":"\u0395\u03c0\u03b9\u03ba\u03bf\u03b9\u03bd\u03c9\u03bd\u03b9\u03b1\u03ba\u03ae \u03c5\u03c0\u03bf\u03c3\u03c4\u03ae\u03c1\u03b9\u03be\u03b7"},"content":{"rendered":"<div data-elementor-type=\"wp-page\" data-elementor-id=\"676\" class=\"elementor elementor-676\" data-elementor-settings=\"{&quot;ha_cmc_init_switcher&quot;:&quot;no&quot;}\">\n\t\t\t\t\t\t<section class=\"elementor-section elementor-top-section elementor-element elementor-element-3dc4f05c elementor-section-stretched elementor-section-full_width elementor-section-height-min-height elementor-section-items-stretch hero_section elementor-section-height-default\" data-id=\"3dc4f05c\" data-element_type=\"section\" data-e-type=\"section\" data-settings=\"{&quot;stretch_section&quot;:&quot;section-stretched&quot;,&quot;background_background&quot;:&quot;classic&quot;,&quot;_ha_eqh_enable&quot;:false}\">\n\t\t\t\t\t\t<div class=\"elementor-container elementor-column-gap-no\">\n\t\t\t\t\t<div class=\"elementor-column elementor-col-50 elementor-top-column elementor-element elementor-element-42feb3a8 elementor-invisible\" data-id=\"42feb3a8\" data-element_type=\"column\" data-e-type=\"column\" data-settings=\"{&quot;background_background&quot;:&quot;classic&quot;,&quot;animation&quot;:&quot;fadeInLeft&quot;}\">\n\t\t\t<div class=\"elementor-widget-wrap elementor-element-populated\">\n\t\t\t\t\t\t<div class=\"elementor-element elementor-element-176c326 elementor-widget elementor-widget-heading\" data-id=\"176c326\" data-element_type=\"widget\" data-e-type=\"widget\" data-widget_type=\"heading.default\">\n\t\t\t\t<div class=\"elementor-widget-container\">\n\t\t\t\t\t<h1 class=\"elementor-heading-title elementor-size-default\">\u0395\u03c0\u03b9\u03ba\u03bf\u03b9\u03bd\u03c9\u03bd\u03b9\u03b1\u03ba\u03ae \u03c5\u03c0\u03bf\u03c3\u03c4\u03ae\u03c1\u03b9\u03be\u03b7<\/h1>\t\t\t\t<\/div>\n\t\t\t\t<\/div>\n\t\t\t\t\t<\/div>\n\t\t<\/div>\n\t\t\t\t<div class=\"elementor-column elementor-col-50 elementor-top-column elementor-element elementor-element-2868d590 elementor-hidden-phone\" data-id=\"2868d590\" data-element_type=\"column\" data-e-type=\"column\" data-settings=\"{&quot;background_background&quot;:&quot;classic&quot;}\">\n\t\t\t<div class=\"elementor-widget-wrap\">\n\t\t\t\t\t\t\t<\/div>\n\t\t<\/div>\n\t\t\t\t\t<\/div>\n\t\t<\/section>\n\t\t\t\t<section class=\"elementor-section elementor-top-section elementor-element elementor-element-a2fdd3d elementor-section-boxed elementor-section-height-default elementor-section-height-default\" data-id=\"a2fdd3d\" data-element_type=\"section\" data-e-type=\"section\" data-settings=\"{&quot;_ha_eqh_enable&quot;:false}\">\n\t\t\t\t\t\t<div class=\"elementor-container elementor-column-gap-default\">\n\t\t\t\t\t<div class=\"elementor-column elementor-col-100 elementor-top-column elementor-element elementor-element-1c31d95\" data-id=\"1c31d95\" data-element_type=\"column\" data-e-type=\"column\">\n\t\t\t<div class=\"elementor-widget-wrap elementor-element-populated\">\n\t\t\t\t\t\t<div class=\"elementor-element elementor-element-7713959 elementor-invisible elementor-widget elementor-widget-heading\" data-id=\"7713959\" data-element_type=\"widget\" data-e-type=\"widget\" data-settings=\"{&quot;_animation&quot;:&quot;fadeInUp&quot;}\" data-widget_type=\"heading.default\">\n\t\t\t\t<div class=\"elementor-widget-container\">\n\t\t\t\t\t<h1 class=\"elementor-heading-title elementor-size-default\">\u03a4\u03b9 \u03b5\u03af\u03bd\u03b1\u03b9 \u0395\u03c0\u03b9\u03ba\u03bf\u03b9\u03bd\u03c9\u03bd\u03af\u03b1 \u03a3\u03c4\u03ae\u03c1\u03b9\u03be\u03b7\u03c2 <\/h1>\t\t\t\t<\/div>\n\t\t\t\t<\/div>\n\t\t\t\t\t<\/div>\n\t\t<\/div>\n\t\t\t\t\t<\/div>\n\t\t<\/section>\n\t\t\t\t<section class=\"elementor-section elementor-top-section elementor-element elementor-element-edb8187 elementor-section-boxed elementor-section-height-default elementor-section-height-default elementor-invisible\" data-id=\"edb8187\" data-element_type=\"section\" data-e-type=\"section\" data-settings=\"{&quot;animation&quot;:&quot;fadeIn&quot;,&quot;_ha_eqh_enable&quot;:false}\">\n\t\t\t\t\t\t<div class=\"elementor-container elementor-column-gap-default\">\n\t\t\t\t\t<div class=\"elementor-column elementor-col-100 elementor-top-column elementor-element elementor-element-31df0c87\" data-id=\"31df0c87\" data-element_type=\"column\" data-e-type=\"column\">\n\t\t\t<div class=\"elementor-widget-wrap elementor-element-populated\">\n\t\t\t\t\t\t<div class=\"elementor-element elementor-element-1b4dc066 elementor-widget-divider--view-line_icon elementor-view-default elementor-widget-divider--element-align-center elementor-widget elementor-widget-divider\" data-id=\"1b4dc066\" data-element_type=\"widget\" data-e-type=\"widget\" data-widget_type=\"divider.default\">\n\t\t\t\t<div class=\"elementor-widget-container\">\n\t\t\t\t\t\t\t<div class=\"elementor-divider\">\n\t\t\t<span class=\"elementor-divider-separator\">\n\t\t\t\t\t\t\t<div class=\"elementor-icon elementor-divider__element\">\n\t\t\t\t\t<i aria-hidden=\"true\" class=\"icon icon-bullhorn\"><\/i><\/div>\n\t\t\t\t\t\t<\/span>\n\t\t<\/div>\n\t\t\t\t\t\t<\/div>\n\t\t\t\t<\/div>\n\t\t\t\t\t<\/div>\n\t\t<\/div>\n\t\t\t\t\t<\/div>\n\t\t<\/section>\n\t\t\t\t<section class=\"elementor-section elementor-top-section elementor-element elementor-element-cc282e0 elementor-section-boxed elementor-section-height-default elementor-section-height-default\" data-id=\"cc282e0\" data-element_type=\"section\" data-e-type=\"section\" data-settings=\"{&quot;_ha_eqh_enable&quot;:false}\">\n\t\t\t\t\t\t<div class=\"elementor-container elementor-column-gap-default\">\n\t\t\t\t\t<div class=\"elementor-column elementor-col-100 elementor-top-column elementor-element elementor-element-0c5b1f4\" data-id=\"0c5b1f4\" data-element_type=\"column\" data-e-type=\"column\">\n\t\t\t<div class=\"elementor-widget-wrap elementor-element-populated\">\n\t\t\t\t\t\t<div class=\"elementor-element elementor-element-80ae963 elementor-invisible elementor-widget elementor-widget-text-editor\" data-id=\"80ae963\" data-element_type=\"widget\" data-e-type=\"widget\" data-settings=\"{&quot;_animation&quot;:&quot;fadeInRight&quot;}\" data-widget_type=\"text-editor.default\">\n\t\t\t\t<div class=\"elementor-widget-container\">\n\t\t\t\t\t\t\t\t\t<p style=\"text-align: center;\">\u03a4\u03bf \u03ba\u03bf\u03b9\u03bd\u03cc \u03ba\u03b1\u03b9 \u03bf\u03b9 \u039f\u039a\u03a0 \u03c3\u03b5 \u03bf\u03bb\u03cc\u03ba\u03bb\u03b7\u03c1\u03b7 \u03c4\u03b7\u03bd \u039a\u03cd\u03c0\u03c1\u03bf \u03bc\u03c0\u03bf\u03c1\u03bf\u03cd\u03bd \u03bd\u03b1 \u03b5\u03c0\u03c9\u03c6\u03b5\u03bb\u03b7\u03b8\u03bf\u03cd\u03bd \u03b1\u03c0\u03cc \u03c4\u03b9\u03c2 \u03b4\u03b9\u03ac\u03c6\u03bf\u03c1\u03b5\u03c2 \u03b4\u03c1\u03b1\u03c3\u03c4\u03b7\u03c1\u03b9\u03cc\u03c4\u03b7\u03c4\u03b5\u03c2 \u03b5\u03c0\u03b9\u03ba\u03bf\u03b9\u03bd\u03c9\u03bd\u03af\u03b1\u03c2 \u03c3\u03c4\u03bf \u03c0\u03bb\u03b1\u03af\u03c3\u03b9\u03bf \u03c4\u03bf\u03c5 \u03ad\u03c1\u03b3\u03bf\u03c5 Civic Space.\u00a0<\/p><p style=\"text-align: center;\">\u039c\u03b5 \u03c4\u03b7\u03bd \u03c5\u03bb\u03bf\u03c0\u03bf\u03af\u03b7\u03c3\u03b7 \u03b4\u03c1\u03b1\u03c3\u03c4\u03b7\u03c1\u03b9\u03bf\u03c4\u03ae\u03c4\u03c9\u03bd \u03b5\u03c0\u03b9\u03ba\u03bf\u03b9\u03bd\u03c9\u03bd\u03af\u03b1\u03c2, \u03c4\u03bf Civic Space \u03ad\u03c7\u03b5\u03b9 \u03c9\u03c2 \u03c3\u03c4\u03cc\u03c7\u03bf \u03bd\u03b1 \u03b5\u03c0\u03b9\u03c4\u03cd\u03c7\u03b5\u03b9 \u03c4\u03b1 \u03b5\u03be\u03ae\u03c2:\u00a0<\/p><p style=\"text-align: center;\">\u03a0\u03b5\u03c1\u03b1\u03b9\u03c4\u03ad\u03c1\u03c9 \u03b1\u03cd\u03be\u03b7\u03c3\u03b7 \u03c4\u03b7\u03c2 \u03c0\u03c1\u03bf\u03b2\u03bf\u03bb\u03ae\u03c2 \u03c4\u03bf\u03c5 Civic Space \u03ba\u03b1\u03b9 \u03c4\u03b7\u03c2 \u03c3\u03c4\u03ae\u03c1\u03b9\u03be\u03b7\u03c2 \u03c4\u03b7\u03c2 \u0395\u0395 \u03c0\u03c1\u03bf\u03c2 \u03c4\u03b7\u03bd \u03ba\u03bf\u03b9\u03bd\u03c9\u03bd\u03af\u03b1 \u03c4\u03c9\u03bd \u03c0\u03bf\u03bb\u03b9\u03c4\u03ce\u03bd \u03bc\u03ad\u03c3\u03c9 \u03c4\u03b7\u03c2 \u03b2\u03b5\u03bb\u03c4\u03af\u03c9\u03c3\u03b7\u03c2 \u03c4\u03b7\u03c2 \u03c0\u03c1\u03bf\u03b2\u03bf\u03bb\u03ae\u03c2 \u03c4\u03bf\u03c5 \u03c0\u03c1\u03bf\u03c2 \u03c4\u03bf \u03ba\u03bf\u03b9\u03bd\u03cc \u03ba\u03b1\u03b9 \u03c4\u03b7\u03c2 \u03c3\u03c5\u03bc\u03bc\u03b5\u03c4\u03bf\u03c7\u03ae\u03c2 \u03c4\u03bf\u03c5 \u03ba\u03bf\u03b9\u03bd\u03bf\u03cd.<\/p><p style=\"text-align: center;\">\u03a0\u03c1\u03bf\u03ce\u03b8\u03b7\u03c3\u03b7 \u03c4\u03b7\u03c2 \u03c0\u03c1\u03bf\u03b2\u03bf\u03bb\u03ae\u03c2 \u03c4\u03c9\u03bd \u03b4\u03c1\u03b1\u03c3\u03c4\u03b7\u03c1\u03b9\u03bf\u03c4\u03ae\u03c4\u03c9\u03bd \u03ba\u03b1\u03b9 \u03c4\u03c9\u03bd \u03b1\u03c0\u03bf\u03c4\u03b5\u03bb\u03b5\u03c3\u03bc\u03ac\u03c4\u03c9\u03bd \u03c4\u03c9\u03bd \u039f\u039a\u03a0 \u03ba\u03b1\u03b9 \u03b1\u03cd\u03be\u03b7\u03c3\u03b7 \u03c4\u03b7\u03c2 \u03c3\u03c5\u03bd\u03b5\u03c1\u03b3\u03b1\u03c3\u03af\u03b1\u03c2 \u03c4\u03bf\u03c5\u03c2 \u03bc\u03b5 \u03c4\u03b7\u03bd \u03ba\u03bf\u03b9\u03bd\u03cc\u03c4\u03b7\u03c4\u03b1 \u03ba\u03b1\u03b9 \u03ac\u03bb\u03bb\u03b5\u03c2 \u039f\u039a\u03a0.<\/p><p style=\"text-align: center;\">\u0391\u03cd\u03be\u03b7\u03c3\u03b7 \u03c4\u03b7\u03c2 \u03b5\u03c0\u03b9\u03ba\u03bf\u03b9\u03bd\u03c9\u03bd\u03b9\u03b1\u03ba\u03ae\u03c2 \u03b9\u03ba\u03b1\u03bd\u03cc\u03c4\u03b7\u03c4\u03b1\u03c2 \u03c4\u03c9\u03bd \u039f\u039a\u03a0, \u03ba\u03b1\u03b8\u03bf\u03b4\u03b7\u03b3\u03ce\u03bd\u03c4\u03b1\u03c2 \u03c4\u03b9\u03c2 \u03c3\u03c7\u03b5\u03c4\u03b9\u03ba\u03ac \u03bc\u03b5 \u03c4\u03bf\u03bd \u03c4\u03c1\u03cc\u03c0\u03bf \u03c7\u03ac\u03c1\u03b1\u03be\u03b7\u03c2 \u03c4\u03c9\u03bd \u03b5\u03c0\u03b9\u03ba\u03bf\u03b9\u03bd\u03c9\u03bd\u03b9\u03b1\u03ba\u03ce\u03bd \u03c3\u03c4\u03c1\u03b1\u03c4\u03b7\u03b3\u03b9\u03ba\u03ce\u03bd \u03c4\u03bf\u03c5\u03c2.<\/p>\t\t\t\t\t\t\t\t<\/div>\n\t\t\t\t<\/div>\n\t\t\t\t\t<\/div>\n\t\t<\/div>\n\t\t\t\t\t<\/div>\n\t\t<\/section>\n\t\t\t\t<section class=\"elementor-section elementor-top-section elementor-element elementor-element-563a05e elementor-section-boxed elementor-section-height-default elementor-section-height-default elementor-invisible\" data-id=\"563a05e\" data-element_type=\"section\" data-e-type=\"section\" data-settings=\"{&quot;animation&quot;:&quot;fadeInUp&quot;,&quot;_ha_eqh_enable&quot;:false}\">\n\t\t\t\t\t\t<div class=\"elementor-container elementor-column-gap-default\">\n\t\t\t\t\t<div class=\"elementor-column elementor-col-100 elementor-top-column elementor-element elementor-element-674d795\" data-id=\"674d795\" data-element_type=\"column\" data-e-type=\"column\">\n\t\t\t<div class=\"elementor-widget-wrap elementor-element-populated\">\n\t\t\t\t\t\t<div class=\"elementor-element elementor-element-01e7166 elementor-widget elementor-widget-eael-adv-accordion\" data-id=\"01e7166\" data-element_type=\"widget\" data-e-type=\"widget\" data-no-translation=\"\" data-widget_type=\"eael-adv-accordion.default\">\n\t\t\t\t<div class=\"elementor-widget-container\">\n\t\t\t\t\t<style>.elementor-element-01e7166{display:none !important}<\/style>\t\t\t\t<\/div>\n\t\t\t\t<\/div>\n\t\t\t\t<div class=\"elementor-element elementor-element-75ac0c8 elementor-widget elementor-widget-eael-adv-accordion\" data-id=\"75ac0c8\" data-element_type=\"widget\" data-e-type=\"widget\" data-no-translation=\"\" data-widget_type=\"eael-adv-accordion.default\">\n\t\t\t\t<div class=\"elementor-widget-container\">\n\t\t\t\t\t<style>.elementor-element-75ac0c8{display:none !important}<\/style>\t\t\t\t<\/div>\n\t\t\t\t<\/div>\n\t\t\t\t\t<\/div>\n\t\t<\/div>\n\t\t\t\t\t<\/div>\n\t\t<\/section>\n\t\t\t\t<\/div>","protected":false},"excerpt":{"rendered":"<p>\u0130leti\u015fim Deste\u011fi \u0130leti\u015fim Deste\u011fi Nedir? K\u0131br\u0131s genelinde b\u00fct\u00fcn toplum ve ST\u00d6&#8217;ler Sivil Alan projesi kapsam\u0131nda y\u00fcr\u00fct\u00fclen \u00e7e\u015fitli ileti\u015fim faaliyetlerinden yararlanabilecektir.\u00a0 Sivil Alan, ileti\u015fim faaliyetleri uygulayarak a\u015fa\u011f\u0131dakileri ger\u00e7ekle\u015ftirmeyi ama\u00e7lamaktad\u0131r:\u00a0 Sivil Alan\u2019\u0131n&hellip;<\/p>","protected":false},"author":11,"featured_media":0,"parent":0,"menu_order":0,"comment_status":"closed","ping_status":"closed","template":"","meta":{"_acf_changed":false,"footnotes":""},"class_list":["post-676","page","type-page","status-publish","hentry"],"acf":[],"_links":{"self":[{"href":"https:\/\/civicspace.eu\/gr\/wp-json\/wp\/v2\/pages\/676","targetHints":{"allow":["GET"]}}],"collection":[{"href":"https:\/\/civicspace.eu\/gr\/wp-json\/wp\/v2\/pages"}],"about":[{"href":"https:\/\/civicspace.eu\/gr\/wp-json\/wp\/v2\/types\/page"}],"author":[{"embeddable":true,"href":"https:\/\/civicspace.eu\/gr\/wp-json\/wp\/v2\/users\/11"}],"replies":[{"embeddable":true,"href":"https:\/\/civicspace.eu\/gr\/wp-json\/wp\/v2\/comments?post=676"}],"version-history":[{"count":35,"href":"https:\/\/civicspace.eu\/gr\/wp-json\/wp\/v2\/pages\/676\/revisions"}],"predecessor-version":[{"id":10402,"href":"https:\/\/civicspace.eu\/gr\/wp-json\/wp\/v2\/pages\/676\/revisions\/10402"}],"wp:attachment":[{"href":"https:\/\/civicspace.eu\/gr\/wp-json\/wp\/v2\/media?parent=676"}],"curies":[{"name":"wp","href":"https:\/\/api.w.org\/{rel}","templated":true}]}}