{"id":683,"date":"2021-06-26T16:51:11","date_gmt":"2021-06-26T13:51:11","guid":{"rendered":"https:\/\/cagrioner.com\/sivilalan\/?page_id=683"},"modified":"2024-04-15T16:29:30","modified_gmt":"2024-04-15T13:29:30","slug":"destek-masasi","status":"publish","type":"page","link":"https:\/\/civicspace.eu\/gr\/destek-masasi\/","title":{"rendered":"\u03a5\u03c0\u03b7\u03c1\u03b5\u03c3\u03af\u03b1 \u0392\u03bf\u03ae\u03b8\u03b5\u03b9\u03b1\u03c2"},"content":{"rendered":"<div data-elementor-type=\"wp-page\" data-elementor-id=\"683\" class=\"elementor elementor-683\" data-elementor-settings=\"{&quot;ha_cmc_init_switcher&quot;:&quot;no&quot;}\">\n\t\t\t\t\t\t<section class=\"elementor-section elementor-top-section elementor-element elementor-element-3b602a2f elementor-section-stretched elementor-section-full_width elementor-section-height-min-height elementor-section-items-stretch hero_section elementor-section-height-default\" data-id=\"3b602a2f\" data-element_type=\"section\" data-e-type=\"section\" data-settings=\"{&quot;stretch_section&quot;:&quot;section-stretched&quot;,&quot;background_background&quot;:&quot;classic&quot;,&quot;_ha_eqh_enable&quot;:false}\">\n\t\t\t\t\t\t<div class=\"elementor-container elementor-column-gap-no\">\n\t\t\t\t\t<div class=\"elementor-column elementor-col-50 elementor-top-column elementor-element elementor-element-546c0c70 elementor-invisible\" data-id=\"546c0c70\" data-element_type=\"column\" data-e-type=\"column\" data-settings=\"{&quot;background_background&quot;:&quot;classic&quot;,&quot;animation&quot;:&quot;fadeInLeft&quot;}\">\n\t\t\t<div class=\"elementor-widget-wrap elementor-element-populated\">\n\t\t\t\t\t\t<div class=\"elementor-element elementor-element-622dfced elementor-widget elementor-widget-heading\" data-id=\"622dfced\" data-element_type=\"widget\" data-e-type=\"widget\" data-widget_type=\"heading.default\">\n\t\t\t\t<div class=\"elementor-widget-container\">\n\t\t\t\t\t<h1 class=\"elementor-heading-title elementor-size-default\">\u03a5\u03c0\u03b7\u03c1\u03b5\u03c3\u03af\u03b1 \u0392\u03bf\u03ae\u03b8\u03b5\u03b9\u03b1\u03c2<\/h1>\t\t\t\t<\/div>\n\t\t\t\t<\/div>\n\t\t\t\t\t<\/div>\n\t\t<\/div>\n\t\t\t\t<div class=\"elementor-column elementor-col-50 elementor-top-column elementor-element elementor-element-1e66c4a5 elementor-hidden-phone\" data-id=\"1e66c4a5\" data-element_type=\"column\" data-e-type=\"column\" data-settings=\"{&quot;background_background&quot;:&quot;classic&quot;}\">\n\t\t\t<div class=\"elementor-widget-wrap\">\n\t\t\t\t\t\t\t<\/div>\n\t\t<\/div>\n\t\t\t\t\t<\/div>\n\t\t<\/section>\n\t\t\t\t<section class=\"elementor-section elementor-top-section elementor-element elementor-element-985fc45 elementor-section-boxed elementor-section-height-default elementor-section-height-default\" data-id=\"985fc45\" data-element_type=\"section\" data-e-type=\"section\" data-settings=\"{&quot;animation&quot;:&quot;none&quot;,&quot;_ha_eqh_enable&quot;:false}\">\n\t\t\t\t\t\t<div class=\"elementor-container elementor-column-gap-default\">\n\t\t\t\t\t<div class=\"elementor-column elementor-col-100 elementor-top-column elementor-element elementor-element-0261bb1\" data-id=\"0261bb1\" data-element_type=\"column\" data-e-type=\"column\">\n\t\t\t<div class=\"elementor-widget-wrap elementor-element-populated\">\n\t\t\t\t\t\t<div class=\"elementor-element elementor-element-440b43b elementor-view-default elementor-invisible elementor-widget elementor-widget-icon\" data-id=\"440b43b\" data-element_type=\"widget\" data-e-type=\"widget\" data-settings=\"{&quot;_animation&quot;:&quot;fadeInUp&quot;}\" data-widget_type=\"icon.default\">\n\t\t\t\t<div class=\"elementor-widget-container\">\n\t\t\t\t\t\t\t<div class=\"elementor-icon-wrapper\">\n\t\t\t<div class=\"elementor-icon\">\n\t\t\t<i aria-hidden=\"true\" class=\"icon icon-help-desk\"><\/i>\t\t\t<\/div>\n\t\t<\/div>\n\t\t\t\t\t\t<\/div>\n\t\t\t\t<\/div>\n\t\t\t\t\t<\/div>\n\t\t<\/div>\n\t\t\t\t\t<\/div>\n\t\t<\/section>\n\t\t\t\t<section class=\"elementor-section elementor-top-section elementor-element elementor-element-11f271b elementor-section-boxed elementor-section-height-default elementor-section-height-default\" data-id=\"11f271b\" data-element_type=\"section\" data-e-type=\"section\" data-settings=\"{&quot;_ha_eqh_enable&quot;:false}\">\n\t\t\t\t\t\t<div class=\"elementor-container elementor-column-gap-default\">\n\t\t\t\t\t<div class=\"elementor-column elementor-col-100 elementor-top-column elementor-element elementor-element-fc7cafe\" data-id=\"fc7cafe\" data-element_type=\"column\" data-e-type=\"column\">\n\t\t\t<div class=\"elementor-widget-wrap elementor-element-populated\">\n\t\t\t\t\t\t<div class=\"elementor-element elementor-element-76416bb elementor-invisible elementor-widget elementor-widget-text-editor\" data-id=\"76416bb\" data-element_type=\"widget\" data-e-type=\"widget\" data-settings=\"{&quot;_animation&quot;:&quot;fadeInUp&quot;}\" data-widget_type=\"text-editor.default\">\n\t\t\t\t<div class=\"elementor-widget-container\">\n\t\t\t\t\t\t\t\t\t<p style=\"text-align: center;\">\u039c\u03af\u03b1 \u03b1\u03c0\u03cc \u03c4\u03b9\u03c2 \u03b1\u03c0\u03bf\u03c3\u03c4\u03bf\u03bb\u03ad\u03c2 \u03c4\u03bf\u03c5 Civic Space \u03b5\u03af\u03bd\u03b1\u03b9 \u03bd\u03b1 \u03c3\u03c5\u03bc\u03b2\u03ac\u03bb\u03b5\u03b9 \u03c3\u03c4\u03b7\u03bd \u03bf\u03b9\u03ba\u03bf\u03b4\u03cc\u03bc\u03b7\u03c3\u03b7 \u03bc\u03b9\u03b1\u03c2 \u03b9\u03c3\u03c7\u03c5\u03c1\u03cc\u03c4\u03b5\u03c1\u03b7\u03c2 \u03ba\u03bf\u03b9\u03bd\u03c9\u03bd\u03af\u03b1\u03c2 \u03c4\u03c9\u03bd \u03c0\u03bf\u03bb\u03b9\u03c4\u03ce\u03bd. \u03a3\u03c4\u03bf \u03c0\u03bb\u03b1\u03af\u03c3\u03b9\u03bf \u03b1\u03c5\u03c4\u03ae\u03c2 \u03c4\u03b7\u03c2 \u03b5\u03bd\u03c4\u03bf\u03bb\u03ae\u03c2, \u03c4\u03bf Civic Space \u03bb\u03b5\u03b9\u03c4\u03bf\u03c5\u03c1\u03b3\u03b5\u03af \u03bc\u03b9\u03b1 \u03a5\u03c0\u03b7\u03c1\u03b5\u03c3\u03af\u03b1 \u0392\u03bf\u03ae\u03b8\u03b5\u03b9\u03b1\u03c2 \u03b3\u03b9\u03b1 \u03c4\u03b7\u03bd \u03c0\u03b1\u03c1\u03bf\u03c7\u03ae \u03b5\u03be\u03b1\u03c4\u03bf\u03bc\u03b9\u03ba\u03b5\u03c5\u03bc\u03ad\u03bd\u03b7\u03c2 \u03c3\u03c4\u03ae\u03c1\u03b9\u03be\u03b7\u03c2 \u03c3\u03c4\u03b9\u03c2 \u039f\u039a\u03a0 \u03c3\u03b5 \u03b4\u03b9\u03ac\u03c6\u03bf\u03c1\u03b1 \u03b3\u03b5\u03bd\u03b9\u03ba\u03ac \u03b8\u03ad\u03bc\u03b1\u03c4\u03b1 \u03b1\u03bd\u03ac\u03c0\u03c4\u03c5\u03be\u03b7\u03c2 \u03b4\u03c5\u03bd\u03b1\u03c4\u03bf\u03c4\u03ae\u03c4\u03c9\u03bd, \u03c3\u03c5\u03bc\u03c0\u03b5\u03c1\u03b9\u03bb\u03b1\u03bc\u03b2\u03b1\u03bd\u03bf\u03bc\u03ad\u03bd\u03c9\u03bd, \u03bc\u03b5\u03c4\u03b1\u03be\u03cd \u03ac\u03bb\u03bb\u03c9\u03bd, \u03c4\u03b7\u03c2 \u03c5\u03c0\u03b5\u03c1\u03ac\u03c3\u03c0\u03b9\u03c3\u03b7\u03c2, \u03c4\u03b7\u03c2 \u03c3\u03c5\u03b3\u03ba\u03ad\u03bd\u03c4\u03c1\u03c9\u03c3\u03b7\u03c2 \u03ba\u03b5\u03c6\u03b1\u03bb\u03b1\u03af\u03c9\u03bd, \u03c4\u03b7\u03c2 \u03b5\u03c0\u03b9\u03ba\u03bf\u03b9\u03bd\u03c9\u03bd\u03af\u03b1\u03c2, \u03c4\u03bf\u03c5 \u03c3\u03c4\u03c1\u03b1\u03c4\u03b7\u03b3\u03b9\u03ba\u03bf\u03cd \u03c3\u03c7\u03b5\u03b4\u03b9\u03b1\u03c3\u03bc\u03bf\u03cd, \u03c4\u03bf\u03c5 \u03c3\u03c7\u03b5\u03b4\u03b9\u03b1\u03c3\u03bc\u03bf\u03cd \u03ad\u03c1\u03b3\u03c9\u03bd, \u03c4\u03b7\u03c2 \u03bf\u03c1\u03b3\u03b1\u03bd\u03c9\u03c4\u03b9\u03ba\u03ae\u03c2 \u03b4\u03b9\u03b1\u03c7\u03b5\u03af\u03c1\u03b9\u03c3\u03b7\u03c2, \u03c4\u03c9\u03bd \u03c3\u03c5\u03bc\u03c0\u03c1\u03ac\u03be\u03b5\u03c9\u03bd \u03ba\u03b1\u03b9 \u03c4\u03b7\u03c2 \u03b4\u03b9\u03ba\u03c4\u03cd\u03c9\u03c3\u03b7\u03c2.\u00a0<\/p><p style=\"text-align: center;\">\u0397 \u03b5\u03be\u03b1\u03c4\u03bf\u03bc\u03b9\u03ba\u03b5\u03c5\u03bc\u03ad\u03bd\u03b7 \u03a5\u03c0\u03b7\u03c1\u03b5\u03c3\u03af\u03b1 \u0392\u03bf\u03ae\u03b8\u03b5\u03b9\u03b1\u03c2 \u03b8\u03b1 \u03b5\u03af\u03bd\u03b1\u03b9 \u03b4\u03b9\u03b1\u03b8\u03ad\u03c3\u03b9\u03bc\u03b7 \u03ba\u03b1\u03b8\u2019 \u03cc\u03bb\u03b7 \u03c4\u03b7 \u03b4\u03b9\u03ac\u03c1\u03ba\u03b5\u03b9\u03b1 \u03c4\u03bf\u03c5 \u03ad\u03c1\u03b3\u03bf\u03c5 \u03b1\u03bd\u03b1\u03bb\u03cc\u03b3\u03c9\u03c2 \u03c4\u03b7\u03c2 \u03b6\u03ae\u03c4\u03b7\u03c3\u03b7\u03c2.<\/p><p style=\"text-align: center;\">\u0395\u03ba\u03c4\u03cc\u03c2 \u03b1\u03c0\u03cc \u03c4\u03b7\u03bd \u03c5\u03c0\u03b7\u03c1\u03b5\u03c3\u03af\u03b1 \u03b2\u03bf\u03ae\u03b8\u03b5\u03b9\u03b1\u03c2 \u03c0\u03bf\u03c5 \u03c0\u03b1\u03c1\u03ad\u03c7\u03b5\u03c4\u03b1\u03b9 \u03c3\u03b5 \u03b8\u03ad\u03bc\u03b1\u03c4\u03b1 \u03c3\u03c4\u03ae\u03c1\u03b9\u03be\u03b7\u03c2 \u03b1\u03bd\u03ac\u03c0\u03c4\u03c5\u03be\u03b7\u03c2 \u03b4\u03c5\u03bd\u03b1\u03c4\u03bf\u03c4\u03ae\u03c4\u03c9\u03bd, \u03bf\u03b9 \u03b1\u03ba\u03c4\u03b9\u03b2\u03b9\u03c3\u03c4\u03ad\u03c2 \u03ae \u03bf\u03b9 \u039f\u039a\u03a0 \u03bc\u03c0\u03bf\u03c1\u03bf\u03cd\u03bd \u03b5\u03c0\u03af\u03c3\u03b7\u03c2 \u03bd\u03b1 \u03bb\u03ac\u03b2\u03bf\u03c5\u03bd \u03c5\u03c0\u03b7\u03c1\u03b5\u03c3\u03af\u03b5\u03c2 \u03b2\u03bf\u03ae\u03b8\u03b5\u03b9\u03b1\u03c2 \u03b3\u03b9\u03b1 \u03c4\u03bf\u03bd \u03c3\u03c7\u03b5\u03b4\u03b9\u03b1\u03c3\u03bc\u03cc \u03c4\u03c9\u03bd \u03b4\u03c1\u03b1\u03c3\u03c4\u03b7\u03c1\u03b9\u03bf\u03c4\u03ae\u03c4\u03c9\u03bd \u03c4\u03bf\u03c5 \u03c0\u03c1\u03bf\u03b3\u03c1\u03ac\u03bc\u03bc\u03b1\u03c4\u03bf\u03c2 \u00abGrow Civic\u00bb. \u039c\u03cc\u03bb\u03b9\u03c2 \u03b5\u03b3\u03ba\u03c1\u03b9\u03b8\u03b5\u03af \u03b7 \u03b4\u03c1\u03ac\u03c3\u03b7 \u03b3\u03b9\u03b1 \u03c3\u03c4\u03ae\u03c1\u03b9\u03be\u03b7  \u03b1\u03c0\u03cc \u03c4\u03bf Grow Civic, \u03c4\u03bf Civic Space \u03c3\u03c5\u03bd\u03b5\u03c7\u03af\u03b6\u03b5\u03b9 \u03bd\u03b1 \u03c0\u03b1\u03c1\u03ad\u03c7\u03b5\u03b9 \u03c4\u03b7\u03bd \u03c5\u03c0\u03b7\u03c1\u03b5\u03c3\u03af\u03b1 \u03b2\u03bf\u03ae\u03b8\u03b5\u03b9\u03b1\u03c2 \u03b3\u03b9\u03b1 \u03c4\u03b7\u03bd \u03c5\u03bb\u03bf\u03c0\u03bf\u03af\u03b7\u03c3\u03b7 \u03c4\u03c9\u03bd \u03b4\u03c1\u03ac\u03c3\u03b5\u03c9\u03bd.\u00a0<\/p><p style=\"text-align: center;\">\u03a4\u03b1 \u03c0\u03b5\u03c1\u03b9\u03c3\u03c3\u03cc\u03c4\u03b5\u03c1\u03b1 \u03b1\u03b9\u03c4\u03ae\u03bc\u03b1\u03c4\u03b1 \u03c0\u03c1\u03bf\u03c2 \u03c4\u03b7\u03bd \u03c5\u03c0\u03b7\u03c1\u03b5\u03c3\u03af\u03b1 \u03b2\u03bf\u03ae\u03b8\u03b5\u03b9\u03b1\u03c2 \u03ae\u03c4\u03b1\u03bd \u03b7 \u03b1\u03bd\u03ac\u03c0\u03c4\u03c5\u03be\u03b7 \u03ad\u03c1\u03b3\u03c9\u03bd \u03b3\u03b9\u03b1 \u03c4\u03b9\u03c2 \u03c0\u03c1\u03bf\u03c3\u03ba\u03bb\u03ae\u03c3\u03b5\u03b9\u03c2 \u03c5\u03c0\u03bf\u03b2\u03bf\u03bb\u03ae\u03c2 \u03c0\u03c1\u03bf\u03c4\u03ac\u03c3\u03b5\u03c9\u03bd \u03c0\u03bf\u03c5 \u03c0\u03c1\u03bf\u03ba\u03b7\u03c1\u03cd\u03c7\u03b8\u03b7\u03ba\u03b1\u03bd \u03b1\u03c0\u03cc \u03c4\u03b7\u03bd \u0395\u03c5\u03c1\u03c9\u03c0\u03b1\u03ca\u03ba\u03ae \u0388\u03bd\u03c9\u03c3\u03b7. \u039c\u03b5 \u03b2\u03ac\u03c3\u03b7 \u03c4\u03b7 \u03b6\u03ae\u03c4\u03b7\u03c3\u03b7 \u03c4\u03bf Civic Space \u03c0\u03b1\u03c1\u03ad\u03c7\u03b5\u03b9 \u03c3\u03c4\u03ae\u03c1\u03b9\u03be\u03b7 \u03c3\u03b5 \u03b4\u03c5\u03bd\u03b7\u03c4\u03b9\u03ba\u03bf\u03cd\u03c2 \u03b1\u03b9\u03c4\u03bf\u03cd\u03bd\u03c4\u03b5\u03c2 \u03b3\u03b9\u03b1 \u03c4\u03b7 \u03b2\u03b5\u03bb\u03c4\u03af\u03c9\u03c3\u03b7 \u03c4\u03bf\u03c5 \u03c3\u03c7\u03b5\u03b4\u03b9\u03b1\u03c3\u03bc\u03bf\u03cd \u03c4\u03c9\u03bd \u03ad\u03c1\u03b3\u03c9\u03bd, \u03c4\u03bf\u03c5 \u03b5\u03bd\u03bd\u03bf\u03b9\u03bf\u03bb\u03bf\u03b3\u03b9\u03ba\u03bf\u03cd \u03c0\u03bb\u03b1\u03b9\u03c3\u03af\u03bf\u03c5, \u03c4\u03b7\u03c2 \u03b9\u03c3\u03bf\u03c1\u03c1\u03bf\u03c0\u03af\u03b1\u03c2 \u03bc\u03b5\u03c4\u03b1\u03be\u03cd \u03b4\u03c1\u03b1\u03c3\u03c4\u03b7\u03c1\u03b9\u03bf\u03c4\u03ae\u03c4\u03c9\u03bd \u03ba\u03b1\u03b9 \u03c0\u03c1\u03bf\u03cb\u03c0\u03bf\u03bb\u03bf\u03b3\u03b9\u03c3\u03bc\u03bf\u03cd, \u03ba\u03b1\u03b8\u03ce\u03c2 \u03ba\u03b1\u03b9 \u03b3\u03b9\u03b1 \u03c4\u03b7 \u03b4\u03b9\u03b5\u03c5\u03ba\u03cc\u03bb\u03c5\u03bd\u03c3\u03b7 \u03c4\u03b7\u03c2 \u03b4\u03b9\u03ba\u03c4\u03cd\u03c9\u03c3\u03b7\u03c2 \u03ba\u03b1\u03b9 \u03c4\u03c9\u03bd \u03c3\u03c5\u03bd\u03b5\u03c1\u03b3\u03b5\u03b9\u03ce\u03bd \u03bc\u03b5 \u03ac\u03bb\u03bb\u03b1 \u03ad\u03c1\u03b3\u03b1 \u03ae \u039f\u039a\u03a0 \u03ce\u03c3\u03c4\u03b5 \u03bd\u03b1 \u03b1\u03c0\u03ad\u03c7\u03bf\u03c5\u03bd \u03b1\u03c0\u03cc \u03b5\u03c0\u03b9\u03ba\u03b1\u03bb\u03cd\u03c8\u03b5\u03b9\u03c2, \u03b5\u03bd\u03b9\u03c3\u03c7\u03cd\u03bf\u03bd\u03c4\u03b1\u03c2 \u03c0\u03b1\u03c1\u03ac\u03bb\u03bb\u03b7\u03bb\u03b1 \u03c4\u03b7 \u03b2\u03b9\u03c9\u03c3\u03b9\u03bc\u03cc\u03c4\u03b7\u03c4\u03b1 \u03c4\u03bf\u03c5 \u03ad\u03c1\u03b3\u03bf\u03c5.<\/p>\t\t\t\t\t\t\t\t<\/div>\n\t\t\t\t<\/div>\n\t\t\t\t\t<\/div>\n\t\t<\/div>\n\t\t\t\t\t<\/div>\n\t\t<\/section>\n\t\t\t\t<section class=\"elementor-section elementor-top-section elementor-element elementor-element-648a503c elementor-section-boxed elementor-section-height-default elementor-section-height-default elementor-invisible\" data-id=\"648a503c\" data-element_type=\"section\" data-e-type=\"section\" data-settings=\"{&quot;animation&quot;:&quot;fadeInUp&quot;,&quot;_ha_eqh_enable&quot;:false}\">\n\t\t\t\t\t\t<div class=\"elementor-container elementor-column-gap-default\">\n\t\t\t\t\t<div class=\"elementor-column elementor-col-100 elementor-top-column elementor-element elementor-element-64dc32de\" data-id=\"64dc32de\" data-element_type=\"column\" data-e-type=\"column\">\n\t\t\t<div class=\"elementor-widget-wrap elementor-element-populated\">\n\t\t\t\t\t\t<div class=\"elementor-element elementor-element-4269d19a elementor-widget elementor-widget-eael-adv-accordion\" data-id=\"4269d19a\" data-element_type=\"widget\" data-e-type=\"widget\" data-widget_type=\"eael-adv-accordion.default\">\n\t\t\t\t<div class=\"elementor-widget-container\">\n\t\t\t\t\t            <div class=\"eael-adv-accordion\" id=\"eael-adv-accordion-4269d19a\" data-scroll-on-click=\"no\" data-scroll-speed=\"300\" data-accordion-id=\"4269d19a\" data-accordion-type=\"accordion\" data-toogle-speed=\"300\">\n            <div class=\"eael-accordion-list\">\n\t\t\t\t\t<div id=\"imdiye-kadar-neler-yaptk-\" class=\"elementor-tab-title eael-accordion-header\" tabindex=\"0\" data-tab=\"1\" aria-controls=\"elementor-tab-content-1111\"><span class=\"eael-advanced-accordion-icon-closed\"><i aria-hidden=\"true\" class=\"fa-accordion-icon icon icon-countdown-timer\"><\/i><\/span><span class=\"eael-advanced-accordion-icon-opened\"><i aria-hidden=\"true\" class=\"fa-accordion-icon fas fa-minus\"><\/i><\/span><span class=\"eael-accordion-tab-title\">\u03a4\u03b9 \u03ad\u03c7\u03bf\u03c5\u03bc\u03b5 \u03ba\u03ac\u03bd\u03b5\u03b9 \u03bc\u03ad\u03c7\u03c1\u03b9 \u03c4\u03ce\u03c1\u03b1; <\/span><i aria-hidden=\"true\" class=\"fa-toggle fas fa-angle-right\"><\/i><\/div><div id=\"elementor-tab-content-1111\" class=\"eael-accordion-content clearfix\" data-tab=\"1\" aria-labelledby=\"imdiye-kadar-neler-yaptk-\"><p>Sivil Alan, farkl\u0131 b\u00f6lgelerden gelen en az<strong> 1060 <\/strong>Destek Masas\u0131 talebi temelinde<strong> 224 <\/strong>ST\u00d6 ve aktiviste \u00e7e\u015fitli konularda Destek Masas\u0131 deste\u011fi sa\u011flam\u0131\u015ft\u0131r. Bu ST\u00d6 ve aktivistlerin \u00e7o\u011fu Lefko\u015fa&#8217;dan olmakla birlikte, Ma\u011fusa\/Famagusta, Girne\/Kyrenia, Lefka\/Lefke, Limasol\/Limassol, G\u00fczelyurt\/Morphou ve \u0130skele\/Trikomo gibi di\u011fer b\u00f6lgelerden de talepler gelmi\u015ftir.<\/p><p><strong>\u0391\u03c0\u03bf\u03c4\u03b5\u03bb\u03ad\u03c3\u03bc\u03b1\u03c4\u03b1<\/strong><\/p><ul><li style=\"list-style-type: none\"><ul><li>1060 Destek Masas\u0131 deste\u011fi<\/li><li>K\u0131br\u0131s&#8217;taki t\u00fcm toplumlardan 224 ST\u00d6 Destek Masas\u0131ndan destek alm\u0131\u015ft\u0131r<\/li><\/ul><\/li><\/ul><\/div>\n\t\t\t\t\t<\/div><div class=\"eael-accordion-list\">\n\t\t\t\t\t<div id=\"bize-ulan\" class=\"elementor-tab-title eael-accordion-header\" tabindex=\"0\" data-tab=\"2\" aria-controls=\"elementor-tab-content-1112\"><span class=\"eael-advanced-accordion-icon-closed\"><i aria-hidden=\"true\" class=\"fa-accordion-icon icon icon-phone-call1\"><\/i><\/span><span class=\"eael-advanced-accordion-icon-opened\"><i aria-hidden=\"true\" class=\"fa-accordion-icon fas fa-minus\"><\/i><\/span><span class=\"eael-accordion-tab-title\">\u0395\u03c0\u03b9\u03ba\u03bf\u03b9\u03bd\u03bf\u03bd\u03b9\u03b1<\/span><i aria-hidden=\"true\" class=\"fa-toggle fas fa-angle-right\"><\/i><\/div><div id=\"elementor-tab-content-1112\" class=\"eael-accordion-content clearfix\" data-tab=\"2\" aria-labelledby=\"bize-ulan\"><p><a href=\"mailto:info@civicspace.eu\">info@civicspace.eu<\/a> \u039c\u03c0\u03bf\u03c1\u03b5\u03af\u03c4\u03b5 \u03bd\u03b1 \u03b6\u03b7\u03c4\u03ae\u03c3\u03b5\u03c4\u03b5 \u03b2\u03bf\u03ae\u03b8\u03b5\u03b9\u03b1 \u03b1\u03c0\u03cc \u03b5\u03bc\u03ac\u03c2 \u03c3\u03c4\u03ad\u03bb\u03bd\u03bf\u03bd\u03c4\u03b1\u03c2 e-mail \u03c3\u03c4\u03bf info@civicspace.eu \u03ae \u03ba\u03b1\u03bb\u03ce\u03bd\u03c4\u03b1\u03c2 \u03c4\u03bf 0392 227 65 05<\/p><\/div>\n\t\t\t\t\t<\/div><\/div>\t\t\t\t<\/div>\n\t\t\t\t<\/div>\n\t\t\t\t\t<\/div>\n\t\t<\/div>\n\t\t\t\t\t<\/div>\n\t\t<\/section>\n\t\t\t\t<section class=\"elementor-section elementor-top-section elementor-element elementor-element-861c409 elementor-section-boxed elementor-section-height-default elementor-section-height-default elementor-invisible\" data-id=\"861c409\" data-element_type=\"section\" data-e-type=\"section\" data-settings=\"{&quot;animation&quot;:&quot;fadeInUp&quot;,&quot;_ha_eqh_enable&quot;:false}\">\n\t\t\t\t\t\t<div class=\"elementor-container elementor-column-gap-default\">\n\t\t\t\t\t<div class=\"elementor-column elementor-col-100 elementor-top-column elementor-element elementor-element-c6cc716\" data-id=\"c6cc716\" data-element_type=\"column\" data-e-type=\"column\">\n\t\t\t<div class=\"elementor-widget-wrap elementor-element-populated\">\n\t\t\t\t\t\t<div class=\"elementor-element elementor-element-d5f0e12 elementor-widget elementor-widget-heading\" data-id=\"d5f0e12\" data-element_type=\"widget\" data-e-type=\"widget\" data-widget_type=\"heading.default\">\n\t\t\t\t<div class=\"elementor-widget-container\">\n\t\t\t\t\t<h2 class=\"elementor-heading-title elementor-size-default\">\u0388\u03bd\u03c4\u03c5\u03c0\u03bf \u03b1\u03b9\u03c4\u03ae\u03bc\u03b1\u03c4\u03bf\u03c2 \u03c5\u03c0\u03b7\u03c1\u03b5\u03c3\u03af\u03b1\u03c2 \u03b2\u03bf\u03ae\u03b8\u03b5\u03b9\u03b1\u03c2<\/h2>\t\t\t\t<\/div>\n\t\t\t\t<\/div>\n\t\t\t\t\t<\/div>\n\t\t<\/div>\n\t\t\t\t\t<\/div>\n\t\t<\/section>\n\t\t\t\t<section class=\"elementor-section elementor-top-section elementor-element elementor-element-beb5308 elementor-section-boxed elementor-section-height-default elementor-section-height-default\" data-id=\"beb5308\" data-element_type=\"section\" data-e-type=\"section\" data-settings=\"{&quot;_ha_eqh_enable&quot;:false}\">\n\t\t\t\t\t\t<div class=\"elementor-container elementor-column-gap-default\">\n\t\t\t\t\t<div class=\"elementor-column elementor-col-100 elementor-top-column elementor-element elementor-element-688271f\" data-id=\"688271f\" data-element_type=\"column\" data-e-type=\"column\">\n\t\t\t<div class=\"elementor-widget-wrap elementor-element-populated\">\n\t\t\t\t\t\t<div class=\"elementor-element elementor-element-36a19fc elementor-widget-divider--view-line_icon elementor-view-default elementor-widget-divider--element-align-center elementor-invisible elementor-widget elementor-widget-divider\" data-id=\"36a19fc\" data-element_type=\"widget\" data-e-type=\"widget\" data-settings=\"{&quot;_animation&quot;:&quot;fadeIn&quot;}\" data-widget_type=\"divider.default\">\n\t\t\t\t<div class=\"elementor-widget-container\">\n\t\t\t\t\t\t\t<div class=\"elementor-divider\">\n\t\t\t<span class=\"elementor-divider-separator\">\n\t\t\t\t\t\t\t<div class=\"elementor-icon elementor-divider__element\">\n\t\t\t\t\t<i aria-hidden=\"true\" class=\"icon icon-dropbar\"><\/i><\/div>\n\t\t\t\t\t\t<\/span>\n\t\t<\/div>\n\t\t\t\t\t\t<\/div>\n\t\t\t\t<\/div>\n\t\t\t\t\t<\/div>\n\t\t<\/div>\n\t\t\t\t\t<\/div>\n\t\t<\/section>\n\t\t\t\t<section class=\"elementor-section elementor-top-section elementor-element elementor-element-f4430b2 elementor-section-boxed elementor-section-height-default elementor-section-height-default\" data-id=\"f4430b2\" data-element_type=\"section\" data-e-type=\"section\" data-settings=\"{&quot;_ha_eqh_enable&quot;:false}\">\n\t\t\t\t\t\t<div class=\"elementor-container elementor-column-gap-default\">\n\t\t\t\t\t<div class=\"elementor-column elementor-col-100 elementor-top-column elementor-element elementor-element-da9a360\" data-id=\"da9a360\" data-element_type=\"column\" data-e-type=\"column\">\n\t\t\t<div class=\"elementor-widget-wrap elementor-element-populated\">\n\t\t\t\t\t\t<div class=\"elementor-element elementor-element-edfaaf8 elementor-widget elementor-widget-text-editor\" data-id=\"edfaaf8\" data-element_type=\"widget\" data-e-type=\"widget\" data-widget_type=\"text-editor.default\">\n\t\t\t\t<div class=\"elementor-widget-container\">\n\t\t\t\t\t\t\t\t\t<iframe src=\"https:\/\/docs.google.com\/forms\/d\/e\/1FAIpQLSc4hRnfGc2F_0ZP8qNy4wg2IE4QlLxojGNCdWRX5FuaWLmA9Q\/viewform?embedded=true\" width=\"640\" height=\"2110\" frameborder=\"0\" marginheight=\"0\" marginwidth=\"0\">Loading\u2026<\/iframe>\t\t\t\t\t\t\t\t<\/div>\n\t\t\t\t<\/div>\n\t\t\t\t\t<\/div>\n\t\t<\/div>\n\t\t\t\t\t<\/div>\n\t\t<\/section>\n\t\t\t\t<\/div>","protected":false},"excerpt":{"rendered":"<p>Destek Masas\u0131 Sivil Alan&#8217;\u0131n misyonlar\u0131ndan biri, daha g\u00fc\u00e7l\u00fc bir sivil toplumun olu\u015fturulmas\u0131na katk\u0131da bulunmakt\u0131r. Sivil Alan, bu g\u00f6rev kapsam\u0131nda bir Destek Masas\u0131 deste\u011fi sunarak aralar\u0131nda savunuculuk, kaynak geli\u015ftirme, ileti\u015fim, stratejik&hellip;<\/p>","protected":false},"author":11,"featured_media":0,"parent":0,"menu_order":0,"comment_status":"closed","ping_status":"closed","template":"","meta":{"_acf_changed":false,"footnotes":""},"class_list":["post-683","page","type-page","status-publish","hentry"],"acf":[],"_links":{"self":[{"href":"https:\/\/civicspace.eu\/gr\/wp-json\/wp\/v2\/pages\/683","targetHints":{"allow":["GET"]}}],"collection":[{"href":"https:\/\/civicspace.eu\/gr\/wp-json\/wp\/v2\/pages"}],"about":[{"href":"https:\/\/civicspace.eu\/gr\/wp-json\/wp\/v2\/types\/page"}],"author":[{"embeddable":true,"href":"https:\/\/civicspace.eu\/gr\/wp-json\/wp\/v2\/users\/11"}],"replies":[{"embeddable":true,"href":"https:\/\/civicspace.eu\/gr\/wp-json\/wp\/v2\/comments?post=683"}],"version-history":[{"count":81,"href":"https:\/\/civicspace.eu\/gr\/wp-json\/wp\/v2\/pages\/683\/revisions"}],"predecessor-version":[{"id":10099,"href":"https:\/\/civicspace.eu\/gr\/wp-json\/wp\/v2\/pages\/683\/revisions\/10099"}],"wp:attachment":[{"href":"https:\/\/civicspace.eu\/gr\/wp-json\/wp\/v2\/media?parent=683"}],"curies":[{"name":"wp","href":"https:\/\/api.w.org\/{rel}","templated":true}]}}