{"id":8044,"date":"2023-05-31T18:35:58","date_gmt":"2023-05-31T15:35:58","guid":{"rendered":"https:\/\/civicspace.eu\/?page_id=8044"},"modified":"2024-03-06T09:49:24","modified_gmt":"2024-03-06T07:49:24","slug":"ana-akimlastirma-kilavuzlari","status":"publish","type":"page","link":"https:\/\/civicspace.eu\/gr\/ana-akimlastirma-kilavuzlari\/","title":{"rendered":"Mainstreaming Guidelines"},"content":{"rendered":"<div data-elementor-type=\"wp-page\" data-elementor-id=\"8044\" class=\"elementor elementor-8044\" data-elementor-settings=\"{&quot;ha_cmc_init_switcher&quot;:&quot;no&quot;}\">\n\t\t\t\t\t\t<section class=\"elementor-section elementor-top-section elementor-element elementor-element-e8c2e3d elementor-section-stretched elementor-section-full_width elementor-section-height-min-height elementor-section-items-stretch hero_section elementor-section-height-default\" data-id=\"e8c2e3d\" data-element_type=\"section\" data-e-type=\"section\" data-settings=\"{&quot;stretch_section&quot;:&quot;section-stretched&quot;,&quot;background_background&quot;:&quot;classic&quot;,&quot;_ha_eqh_enable&quot;:false}\">\n\t\t\t\t\t\t<div class=\"elementor-container elementor-column-gap-no\">\n\t\t\t\t\t<div class=\"elementor-column elementor-col-50 elementor-top-column elementor-element elementor-element-d514acb elementor-invisible\" data-id=\"d514acb\" data-element_type=\"column\" data-e-type=\"column\" data-settings=\"{&quot;background_background&quot;:&quot;classic&quot;,&quot;animation&quot;:&quot;fadeInLeft&quot;}\">\n\t\t\t<div class=\"elementor-widget-wrap elementor-element-populated\">\n\t\t\t\t\t\t<div class=\"elementor-element elementor-element-53620d94 elementor-widget elementor-widget-heading\" data-id=\"53620d94\" data-element_type=\"widget\" data-e-type=\"widget\" data-widget_type=\"heading.default\">\n\t\t\t\t<div class=\"elementor-widget-container\">\n\t\t\t\t\t<h1 class=\"elementor-heading-title elementor-size-default\">Mainstreaming Guidelines<\/h1>\t\t\t\t<\/div>\n\t\t\t\t<\/div>\n\t\t\t\t\t<\/div>\n\t\t<\/div>\n\t\t\t\t<div class=\"elementor-column elementor-col-50 elementor-top-column elementor-element elementor-element-50faa70a elementor-hidden-phone\" data-id=\"50faa70a\" data-element_type=\"column\" data-e-type=\"column\" data-settings=\"{&quot;background_background&quot;:&quot;classic&quot;}\">\n\t\t\t<div class=\"elementor-widget-wrap\">\n\t\t\t\t\t\t\t<\/div>\n\t\t<\/div>\n\t\t\t\t\t<\/div>\n\t\t<\/section>\n\t\t\t\t<section class=\"elementor-section elementor-top-section elementor-element elementor-element-f324cd4 elementor-section-boxed elementor-section-height-default elementor-section-height-default\" data-id=\"f324cd4\" data-element_type=\"section\" data-e-type=\"section\" data-settings=\"{&quot;_ha_eqh_enable&quot;:false}\">\n\t\t\t\t\t\t<div class=\"elementor-container elementor-column-gap-default\">\n\t\t\t\t\t<div class=\"elementor-column elementor-col-100 elementor-top-column elementor-element elementor-element-3ebcf09\" data-id=\"3ebcf09\" data-element_type=\"column\" data-e-type=\"column\">\n\t\t\t<div class=\"elementor-widget-wrap elementor-element-populated\">\n\t\t\t\t\t\t<div class=\"elementor-element elementor-element-d94feec elementor-widget elementor-widget-heading\" data-id=\"d94feec\" data-element_type=\"widget\" data-e-type=\"widget\" data-widget_type=\"heading.default\">\n\t\t\t\t<div class=\"elementor-widget-container\">\n\t\t\t\t\t<h2 class=\"elementor-heading-title elementor-size-default\">Mainstreaming Guidelines<\/h2>\t\t\t\t<\/div>\n\t\t\t\t<\/div>\n\t\t\t\t<div class=\"elementor-element elementor-element-298bb15 elementor-widget elementor-widget-text-editor\" data-id=\"298bb15\" data-element_type=\"widget\" data-e-type=\"widget\" data-widget_type=\"text-editor.default\">\n\t\t\t\t<div class=\"elementor-widget-container\">\n\t\t\t\t\t\t\t\t\t<p><span style=\"color: var( --e-global-color-text ); font-family: var( --e-global-typography-text-font-family ), Sans-serif; font-weight: var( --e-global-typography-text-font-weight ); font-size: 0.9375rem;\">One of the objectives of the Civic Space Project is to strengthen the capacities of CSOs, and support them in adopting a rights-based approach in their advocacy activities for democratic change, confidence-building measures, and a more enabling environment for civil society.<\/span><\/p>\n\n<p><span lang=\"TR\">In this context, a set of guidelines have been developed as a do-it-yourself tool to help CSOs mainstream cross-cutting issues such as accessibility, ecology, gender, rights-based approach and youth. These guidelines aim to promote and support CSOs to mainstream rights-based approach into their policy-making, planning and daily activities. The guidelines were developed through a participatory approach, involving CSOs working on each theme in the drafting process. An advisory group of CSOs was identified for each cross-cutting topic and were consulted at each stage.<o:p><\/o:p><\/span><\/p>\n\n<p><span lang=\"TR\">The rights-based approach provides a general framework for the implementation of the guidelines prepared as a complementary set of thematic cross-cutting issues. However, each thematic guideline is designed in such a way that it can be used on its own for mainstreaming the issue it addresses.<o:p><\/o:p><\/span><\/p>\n\n<p><span lang=\"TR\">The guidelines are practical tools that CSOs can use in their operations. The measures included in the guidelines are not intended to be an exhaustive list. Instead, they offer a starting point for CSOs to initiate the essential steps towards mainstreaming the issue they address.&nbsp;<o:p><\/o:p><\/span><\/p>\t\t\t\t\t\t\t\t<\/div>\n\t\t\t\t<\/div>\n\t\t\t\t\t<\/div>\n\t\t<\/div>\n\t\t\t\t\t<\/div>\n\t\t<\/section>\n\t\t\t\t<section class=\"elementor-section elementor-top-section elementor-element elementor-element-bc8dfeb elementor-section-boxed elementor-section-height-default elementor-section-height-default\" data-id=\"bc8dfeb\" data-element_type=\"section\" data-e-type=\"section\" data-settings=\"{&quot;_ha_eqh_enable&quot;:false}\">\n\t\t\t\t\t\t<div class=\"elementor-container elementor-column-gap-default\">\n\t\t\t\t\t<div class=\"elementor-column elementor-col-33 elementor-top-column elementor-element elementor-element-c9c4075\" data-id=\"c9c4075\" data-element_type=\"column\" data-e-type=\"column\">\n\t\t\t<div class=\"elementor-widget-wrap elementor-element-populated\">\n\t\t\t\t\t\t<div class=\"elementor-element elementor-element-013af6d elementor-align-center elementor-widget elementor-widget-button\" data-id=\"013af6d\" data-element_type=\"widget\" data-e-type=\"widget\" data-widget_type=\"button.default\">\n\t\t\t\t<div class=\"elementor-widget-container\">\n\t\t\t\t\t\t\t\t\t<div class=\"elementor-button-wrapper\">\n\t\t\t\t\t<a class=\"elementor-button elementor-button-link elementor-size-lg\" href=\"https:\/\/civicspace.eu\/gr\/belgeler\/toplumsal-cinsiyetin-ana-akimlastirilmasi-kilavuzu\/\">\n\t\t\t\t\t\t<span class=\"elementor-button-content-wrapper\">\n\t\t\t\t\t\t\t\t\t<span class=\"elementor-button-text\">Gender Mainstreaming Guideline<\/span>\n\t\t\t\t\t<\/span>\n\t\t\t\t\t<\/a>\n\t\t\t\t<\/div>\n\t\t\t\t\t\t\t\t<\/div>\n\t\t\t\t<\/div>\n\t\t\t\t\t<\/div>\n\t\t<\/div>\n\t\t\t\t<div class=\"elementor-column elementor-col-66 elementor-top-column elementor-element elementor-element-090cf7e\" data-id=\"090cf7e\" data-element_type=\"column\" data-e-type=\"column\">\n\t\t\t<div class=\"elementor-widget-wrap elementor-element-populated\">\n\t\t\t\t\t\t<div class=\"elementor-element elementor-element-fa326a2 elementor-widget elementor-widget-text-editor\" data-id=\"fa326a2\" data-element_type=\"widget\" data-e-type=\"widget\" data-widget_type=\"text-editor.default\">\n\t\t\t\t<div class=\"elementor-widget-container\">\n\t\t\t\t\t\t\t\t\t<ul><li><span lang=\"TR\">The Gender Mainstreaming Guideline has been prepared to help CSOs mainstream gender in their fields of work<\/span><\/li><li>The Gender Mainstreaming Guideline has been prepared to help CSOs mainstream gender in their fields of work<\/li><li><span lang=\"TR\">Gender mainstreaming requires the inclusion of a gender perspective across all policy areas, stages and levels of policy-making. The mainstreaming strategy strives to ensure that organisations consider the distinct impacts on women and LGBTI+s at every stage of their organisational policies, activities and projects. It promotes an effort to transform traditional gender roles and promote equality, thereby working towards transforming rather than reinforcing male-dominated norms and traditions.<\/span><\/li><li>You can use this Guideline to increase your capacity to promote gender equality in your organisation and in your work<\/li><\/ul>\t\t\t\t\t\t\t\t<\/div>\n\t\t\t\t<\/div>\n\t\t\t\t\t<\/div>\n\t\t<\/div>\n\t\t\t\t\t<\/div>\n\t\t<\/section>\n\t\t\t\t<section class=\"elementor-section elementor-top-section elementor-element elementor-element-893adb5 elementor-section-boxed elementor-section-height-default elementor-section-height-default\" data-id=\"893adb5\" data-element_type=\"section\" data-e-type=\"section\" data-settings=\"{&quot;_ha_eqh_enable&quot;:false}\">\n\t\t\t\t\t\t<div class=\"elementor-container elementor-column-gap-default\">\n\t\t\t\t\t<div class=\"elementor-column elementor-col-33 elementor-top-column elementor-element elementor-element-8240f5c\" data-id=\"8240f5c\" data-element_type=\"column\" data-e-type=\"column\">\n\t\t\t<div class=\"elementor-widget-wrap elementor-element-populated\">\n\t\t\t\t\t\t<div class=\"elementor-element elementor-element-c0a90e8 elementor-align-center elementor-widget elementor-widget-button\" data-id=\"c0a90e8\" data-element_type=\"widget\" data-e-type=\"widget\" data-widget_type=\"button.default\">\n\t\t\t\t<div class=\"elementor-widget-container\">\n\t\t\t\t\t\t\t\t\t<div class=\"elementor-button-wrapper\">\n\t\t\t\t\t<a class=\"elementor-button elementor-button-link elementor-size-lg\" href=\"https:\/\/civicspace.eu\/gr\/belgeler\/ekoloji-ana-akimlastirilmasi-kilavuzu\/\">\n\t\t\t\t\t\t<span class=\"elementor-button-content-wrapper\">\n\t\t\t\t\t\t\t\t\t<span class=\"elementor-button-text\">Ecology Mainstreaming Guideline<\/span>\n\t\t\t\t\t<\/span>\n\t\t\t\t\t<\/a>\n\t\t\t\t<\/div>\n\t\t\t\t\t\t\t\t<\/div>\n\t\t\t\t<\/div>\n\t\t\t\t\t<\/div>\n\t\t<\/div>\n\t\t\t\t<div class=\"elementor-column elementor-col-66 elementor-top-column elementor-element elementor-element-bf2749e\" data-id=\"bf2749e\" data-element_type=\"column\" data-e-type=\"column\">\n\t\t\t<div class=\"elementor-widget-wrap elementor-element-populated\">\n\t\t\t\t\t\t<div class=\"elementor-element elementor-element-0e8eabe elementor-widget elementor-widget-text-editor\" data-id=\"0e8eabe\" data-element_type=\"widget\" data-e-type=\"widget\" data-widget_type=\"text-editor.default\">\n\t\t\t\t<div class=\"elementor-widget-container\">\n\t\t\t\t\t\t\t\t\t<ul><li><span lang=\"TR\">Ecology mainstreaming primarily involves the integration of environmental policies into the political agendas, programming and planning, as well as decision-making processes to mitigate human activities that adversely impact the environment while promoting positive outcomes. Environmental protection issues should be incorporated into national, local, and sectoral agendas, and CSOs play a p\u0131votal role in mainstreaming ecology.<\/span> <span lang=\"TR\">\u00c7evrenin korunmas\u0131na ili\u015fkin konular\u0131, yerel ve sekt\u00f6rel g\u00fcndemlere d\u00e2hil edilmelidir ve ST\u00d6&#8217;ler, ekolojinin ana ak\u0131mla\u015ft\u0131r\u0131lmas\u0131n\u0131n kilit akt\u00f6rleridir.<\/span><\/li><li><span lang=\"TR\">By following the steps of ecology mainstreaming, CSOs can make informed decisions about the environment, assess the negative impacts of their organisational activities, adjust their organisational structures to minimise these impacts and advocate for the mainstreaming of ecology. This Guideline is designed for this very purpose, serving as a practical tool for CSOs aiming to mainstream ecology. It includes practical measures on how you can mainstream ecology in your organisation.<\/span><\/li><li><span lang=\"TR\">You can use the Ecology Mainstreaming Guideline to increase your organisation's capacity to protect ecology.<\/span><\/li><\/ul>\t\t\t\t\t\t\t\t<\/div>\n\t\t\t\t<\/div>\n\t\t\t\t\t<\/div>\n\t\t<\/div>\n\t\t\t\t\t<\/div>\n\t\t<\/section>\n\t\t\t\t<section class=\"elementor-section elementor-top-section elementor-element elementor-element-d081e1f elementor-section-boxed elementor-section-height-default elementor-section-height-default\" data-id=\"d081e1f\" data-element_type=\"section\" data-e-type=\"section\" data-settings=\"{&quot;_ha_eqh_enable&quot;:false}\">\n\t\t\t\t\t\t\t<div class=\"elementor-background-overlay\"><\/div>\n\t\t\t\t\t\t\t<div class=\"elementor-container elementor-column-gap-default\">\n\t\t\t\t\t<div class=\"elementor-column elementor-col-33 elementor-top-column elementor-element elementor-element-ba7f60c\" data-id=\"ba7f60c\" data-element_type=\"column\" data-e-type=\"column\">\n\t\t\t<div class=\"elementor-widget-wrap elementor-element-populated\">\n\t\t\t\t\t\t<div class=\"elementor-element elementor-element-b54a370 elementor-align-center elementor-widget elementor-widget-button\" data-id=\"b54a370\" data-element_type=\"widget\" data-e-type=\"widget\" data-widget_type=\"button.default\">\n\t\t\t\t<div class=\"elementor-widget-container\">\n\t\t\t\t\t\t\t\t\t<div class=\"elementor-button-wrapper\">\n\t\t\t\t\t<a class=\"elementor-button elementor-button-link elementor-size-lg\" href=\"https:\/\/civicspace.eu\/gr\/belgeler\/genclik-ana-akimlastirma-kilavuzu\/\">\n\t\t\t\t\t\t<span class=\"elementor-button-content-wrapper\">\n\t\t\t\t\t\t\t\t\t<span class=\"elementor-button-text\">Youth Mainstreaming Guideline<\/span>\n\t\t\t\t\t<\/span>\n\t\t\t\t\t<\/a>\n\t\t\t\t<\/div>\n\t\t\t\t\t\t\t\t<\/div>\n\t\t\t\t<\/div>\n\t\t\t\t\t<\/div>\n\t\t<\/div>\n\t\t\t\t<div class=\"elementor-column elementor-col-66 elementor-top-column elementor-element elementor-element-08720b6\" data-id=\"08720b6\" data-element_type=\"column\" data-e-type=\"column\">\n\t\t\t<div class=\"elementor-widget-wrap elementor-element-populated\">\n\t\t\t\t\t\t<div class=\"elementor-element elementor-element-c05d11e elementor-widget elementor-widget-text-editor\" data-id=\"c05d11e\" data-element_type=\"widget\" data-e-type=\"widget\" data-widget_type=\"text-editor.default\">\n\t\t\t\t<div class=\"elementor-widget-container\">\n\t\t\t\t\t\t\t\t\t<ul><li class=\"MsoNormal\"><span lang=\"TR\">This guideline is designed to show you the measures you should take to start mainstreaming youth in your organisation.\u00a0<\/span><\/li><li class=\"MsoNormal\">Youth mainstreaming entails taking into account the strategies for intergenerational equity and justice, enable young people\u2019s capabilities, participation, and human rights to become an integral dimension of the analysis, design, implementation, and monitoring &amp; evaluation of policies and programmes in inter-sectoral planning across all social, political and economic spheres. Youth mainstreaming initiatives should address the problems and perspectives of young people on an equal footing with the problems and perspectives of adults; analyse the needs, problems and demands of young people for solutions with an intersectional approach.<\/li><li class=\"MsoNormal\">The Youth Mainstreaming Guideline can be used to enhance your organization's capacity for youth participation and inclusion. The measures presented in the Guideline aim to offer practical suggestions for youth mainstreaming in your organisation.<\/li><\/ul>\t\t\t\t\t\t\t\t<\/div>\n\t\t\t\t<\/div>\n\t\t\t\t\t<\/div>\n\t\t<\/div>\n\t\t\t\t\t<\/div>\n\t\t<\/section>\n\t\t\t\t<section class=\"elementor-section elementor-top-section elementor-element elementor-element-0520fa4 elementor-section-boxed elementor-section-height-default elementor-section-height-default\" data-id=\"0520fa4\" data-element_type=\"section\" data-e-type=\"section\" data-settings=\"{&quot;_ha_eqh_enable&quot;:false}\">\n\t\t\t\t\t\t<div class=\"elementor-container elementor-column-gap-default\">\n\t\t\t\t\t<div class=\"elementor-column elementor-col-33 elementor-top-column elementor-element elementor-element-82e334e\" data-id=\"82e334e\" data-element_type=\"column\" data-e-type=\"column\">\n\t\t\t<div class=\"elementor-widget-wrap elementor-element-populated\">\n\t\t\t\t\t\t<div class=\"elementor-element elementor-element-d8a6e11 elementor-align-center elementor-widget elementor-widget-button\" data-id=\"d8a6e11\" data-element_type=\"widget\" data-e-type=\"widget\" data-widget_type=\"button.default\">\n\t\t\t\t<div class=\"elementor-widget-container\">\n\t\t\t\t\t\t\t\t\t<div class=\"elementor-button-wrapper\">\n\t\t\t\t\t<a class=\"elementor-button elementor-button-link elementor-size-lg\" href=\"https:\/\/civicspace.eu\/gr\/belgeler\/erisilebilirlik-ana-akimlastirma-kilavuzu\/\">\n\t\t\t\t\t\t<span class=\"elementor-button-content-wrapper\">\n\t\t\t\t\t\t\t\t\t<span class=\"elementor-button-text\">Accessibility Mainstreaming Guideline<\/span>\n\t\t\t\t\t<\/span>\n\t\t\t\t\t<\/a>\n\t\t\t\t<\/div>\n\t\t\t\t\t\t\t\t<\/div>\n\t\t\t\t<\/div>\n\t\t\t\t\t<\/div>\n\t\t<\/div>\n\t\t\t\t<div class=\"elementor-column elementor-col-66 elementor-top-column elementor-element elementor-element-2be24cc\" data-id=\"2be24cc\" data-element_type=\"column\" data-e-type=\"column\">\n\t\t\t<div class=\"elementor-widget-wrap elementor-element-populated\">\n\t\t\t\t\t\t<div class=\"elementor-element elementor-element-a987e3b elementor-widget elementor-widget-text-editor\" data-id=\"a987e3b\" data-element_type=\"widget\" data-e-type=\"widget\" data-widget_type=\"text-editor.default\">\n\t\t\t\t<div class=\"elementor-widget-container\">\n\t\t\t\t\t\t\t\t\t<ul><li class=\"MsoNormal\"><span lang=\"TR\">Accessibility mainstreaming is a strategy for making disabled people's concerns and experiences an integral dimension of the design, implementation, monitoring and evaluation of policies and programmes in all political, economic and societal spheres so that disabled people benefit equally and inequality is not perpetuated. The ultimate goal is to achieve disability equality.<\/span><\/li><li class=\"MsoNormal\">You can use the Accessibility Mainstreaming Guideline to increase the accessibility capacity of your organisation.<\/li><\/ul>\t\t\t\t\t\t\t\t<\/div>\n\t\t\t\t<\/div>\n\t\t\t\t\t<\/div>\n\t\t<\/div>\n\t\t\t\t\t<\/div>\n\t\t<\/section>\n\t\t\t\t<section class=\"elementor-section elementor-top-section elementor-element elementor-element-63e6ed5 elementor-section-boxed elementor-section-height-default elementor-section-height-default\" data-id=\"63e6ed5\" data-element_type=\"section\" data-e-type=\"section\" data-settings=\"{&quot;_ha_eqh_enable&quot;:false}\">\n\t\t\t\t\t\t<div class=\"elementor-container elementor-column-gap-default\">\n\t\t\t\t\t<div class=\"elementor-column elementor-col-33 elementor-top-column elementor-element elementor-element-b98950e\" data-id=\"b98950e\" data-element_type=\"column\" data-e-type=\"column\">\n\t\t\t<div class=\"elementor-widget-wrap elementor-element-populated\">\n\t\t\t\t\t\t<div class=\"elementor-element elementor-element-6162353 elementor-align-center elementor-widget elementor-widget-button\" data-id=\"6162353\" data-element_type=\"widget\" data-e-type=\"widget\" data-widget_type=\"button.default\">\n\t\t\t\t<div class=\"elementor-widget-container\">\n\t\t\t\t\t\t\t\t\t<div class=\"elementor-button-wrapper\">\n\t\t\t\t\t<a class=\"elementor-button elementor-button-link elementor-size-lg\" href=\"https:\/\/civicspace.eu\/gr\/belgeler\/hak-temelli-yaklasim-ana-akimlastirilmasi-kilavuzu\/\">\n\t\t\t\t\t\t<span class=\"elementor-button-content-wrapper\">\n\t\t\t\t\t\t\t\t\t<span class=\"elementor-button-text\">Hak Temelli Yakla\u015f\u0131m\u0131n Ana Ak\u0131mla\u015ft\u0131r\u0131lmas\u0131 K\u0131lavuzu<\/span>\n\t\t\t\t\t<\/span>\n\t\t\t\t\t<\/a>\n\t\t\t\t<\/div>\n\t\t\t\t\t\t\t\t<\/div>\n\t\t\t\t<\/div>\n\t\t\t\t\t<\/div>\n\t\t<\/div>\n\t\t\t\t<div class=\"elementor-column elementor-col-66 elementor-top-column elementor-element elementor-element-8c1aa3e\" data-id=\"8c1aa3e\" data-element_type=\"column\" data-e-type=\"column\">\n\t\t\t<div class=\"elementor-widget-wrap elementor-element-populated\">\n\t\t\t\t\t\t<div class=\"elementor-element elementor-element-f8903ee elementor-widget elementor-widget-text-editor\" data-id=\"f8903ee\" data-element_type=\"widget\" data-e-type=\"widget\" data-widget_type=\"text-editor.default\">\n\t\t\t\t<div class=\"elementor-widget-container\">\n\t\t\t\t\t\t\t\t\t<ul><li><span lang=\"TR\">The Guideline for Mainstreaming a Rights-Based Approach provides a general framework for the implementation of other thematic cross-cutting guidelines.<\/span><\/li><li>The rights-based approach identifies the rights-holders and duty-bearers for their work. Every human being is a rights holder, and for each right there is a duty bearer who has the responsibility to fulfil that right. Rights holders claim their rights and hold the relevant duty-bearers accountable for their rights.<\/li><li class=\"translation-block\">Mainstreaming a rights-based approach systematically addresses the responsibilities of duty-bearers and calls them into action. It empowers rights-holders, increasing their capacity to claim their rights; it encourages them to become active citizens and advocate for their rights. The civic engagement with the duty-bearers for the development and better implementation of rights stands as one of the focus areas of mainstreaming the rights-based approach<\/li><li>You can use this Guideline to strengthen your organisation's capacity to implement the rights-based approach.<\/li><\/ul>\t\t\t\t\t\t\t\t<\/div>\n\t\t\t\t<\/div>\n\t\t\t\t\t<\/div>\n\t\t<\/div>\n\t\t\t\t\t<\/div>\n\t\t<\/section>\n\t\t\t\t<section class=\"elementor-section elementor-top-section elementor-element elementor-element-f39c297 elementor-section-boxed elementor-section-height-default elementor-section-height-default\" data-id=\"f39c297\" data-element_type=\"section\" data-e-type=\"section\" data-settings=\"{&quot;_ha_eqh_enable&quot;:false}\">\n\t\t\t\t\t\t<div class=\"elementor-container elementor-column-gap-default\">\n\t\t\t\t\t<div class=\"elementor-column elementor-col-100 elementor-top-column elementor-element elementor-element-19f4ce5\" data-id=\"19f4ce5\" data-element_type=\"column\" data-e-type=\"column\">\n\t\t\t<div class=\"elementor-widget-wrap elementor-element-populated\">\n\t\t\t\t\t\t<div class=\"elementor-element elementor-element-edde4e2 elementor-widget elementor-widget-text-editor\" data-id=\"edde4e2\" data-element_type=\"widget\" data-e-type=\"widget\" data-widget_type=\"text-editor.default\">\n\t\t\t\t<div class=\"elementor-widget-container\">\n\t\t\t\t\t\t\t\t\t<p><span style=\"color: var( --e-global-color-text ); font-family: var( --e-global-typography-text-font-family ), Sans-serif; font-weight: var( --e-global-typography-text-font-weight ); font-size: 0.9375rem;\">The checklists have been prepared to assist CSOs in the assessment of their compliance with the measures specified in the guidelines. The checklists provide an opportunity to assess whether the stipulated measures for each item have been implemented in your organisation.<\/span><\/p>\n<p class=\"MsoNormal\"><span lang=\"TR\">The ultimate long-term objective of mainstreaming accessibility, ecology, gender, rights-based approach and youth for any organisation is to achieve full implementation of all items on the checklist. However, achieving this goal requires resources, including time, knowledge and expertise. Therefore this process can be structured into short, medium and long-term strategies tailored to each individual organisation.<\/span><\/p>\n<p class=\"MsoNormal\"><span style=\"font-family: var( --e-global-typography-text-font-family ), Sans-serif; font-weight: var( --e-global-typography-text-font-weight ); font-size: 0.9375rem;\">You can also access the checklists from the section below and evaluate your association in each thematic area.<\/span><\/p>\t\t\t\t\t\t\t\t<\/div>\n\t\t\t\t<\/div>\n\t\t\t\t<div class=\"elementor-element elementor-element-aa251b1 elementor-align-center elementor-widget elementor-widget-button\" data-id=\"aa251b1\" data-element_type=\"widget\" data-e-type=\"widget\" data-widget_type=\"button.default\">\n\t\t\t\t<div class=\"elementor-widget-container\">\n\t\t\t\t\t\t\t\t\t<div class=\"elementor-button-wrapper\">\n\t\t\t\t\t<a class=\"elementor-button elementor-button-link elementor-size-xl\" href=\"https:\/\/bit.ly\/mainstreamingguidelineschecklists\">\n\t\t\t\t\t\t<span class=\"elementor-button-content-wrapper\">\n\t\t\t\t\t\t\t\t\t<span class=\"elementor-button-text\">Mainstreaming Guidelines Checklists<\/span>\n\t\t\t\t\t<\/span>\n\t\t\t\t\t<\/a>\n\t\t\t\t<\/div>\n\t\t\t\t\t\t\t\t<\/div>\n\t\t\t\t<\/div>\n\t\t\t\t\t<\/div>\n\t\t<\/div>\n\t\t\t\t\t<\/div>\n\t\t<\/section>\n\t\t\t\t<\/div>","protected":false},"excerpt":{"rendered":"<p>Ana Ak\u0131mla\u015ft\u0131rma K\u0131lavuzlar\u0131 Ana Ak\u0131mla\u015ft\u0131rma K\u0131lavuzlar\u0131 Sivil Alan Projesi&#8217;nin ama\u00e7la\u00adr\u0131ndan biri ST\u00d6&#8217;lerin kapasitelerini g\u00fc\u00e7lendirmek, demokratik de\u011fi\u015fime y\u00f6nelik sa\u00advunuculuk faaliyetlerinde hak temelli bir yakla\u015f\u0131m benimsemelerinde destek olmak, g\u00fcven art\u0131r\u0131c\u0131 \u00f6nlemler ve&hellip;<\/p>","protected":false},"author":17,"featured_media":0,"parent":0,"menu_order":0,"comment_status":"closed","ping_status":"closed","template":"","meta":{"_acf_changed":false,"footnotes":""},"class_list":["post-8044","page","type-page","status-publish","hentry"],"acf":[],"_links":{"self":[{"href":"https:\/\/civicspace.eu\/gr\/wp-json\/wp\/v2\/pages\/8044","targetHints":{"allow":["GET"]}}],"collection":[{"href":"https:\/\/civicspace.eu\/gr\/wp-json\/wp\/v2\/pages"}],"about":[{"href":"https:\/\/civicspace.eu\/gr\/wp-json\/wp\/v2\/types\/page"}],"author":[{"embeddable":true,"href":"https:\/\/civicspace.eu\/gr\/wp-json\/wp\/v2\/users\/17"}],"replies":[{"embeddable":true,"href":"https:\/\/civicspace.eu\/gr\/wp-json\/wp\/v2\/comments?post=8044"}],"version-history":[{"count":65,"href":"https:\/\/civicspace.eu\/gr\/wp-json\/wp\/v2\/pages\/8044\/revisions"}],"predecessor-version":[{"id":9998,"href":"https:\/\/civicspace.eu\/gr\/wp-json\/wp\/v2\/pages\/8044\/revisions\/9998"}],"wp:attachment":[{"href":"https:\/\/civicspace.eu\/gr\/wp-json\/wp\/v2\/media?parent=8044"}],"curies":[{"name":"wp","href":"https:\/\/api.w.org\/{rel}","templated":true}]}}